{"id":1024,"date":"2024-03-01T10:49:17","date_gmt":"2024-03-01T09:49:17","guid":{"rendered":"http:\/\/klubmamgdynia.pl\/?post_type=product&#038;p=1024"},"modified":"2026-04-19T02:26:35","modified_gmt":"2026-04-19T00:26:35","slug":"slackers-zjezdzalnia-linowa-eagle-30","status":"publish","type":"product","link":"http:\/\/klubmamgdynia.pl\/index.php\/produkt\/slackers-zjezdzalnia-linowa-eagle-30\/","title":{"rendered":"Slackers Zje\u017cd\u017calnia Linowa Eagle 30"},"content":{"rendered":"<p>Zamie\u0144 sw\u00f3j ogr\u00f3d w pe\u0142en przyg\u00f3d raj dla swoich dzieci! Lina mo\u017ce by\u0107 ustawiona do maksymalnej d\u0142ugo\u015bci 30 metr\u00f3w pomi\u0119dzy dwoma drzewami (o minimalnej \u015brednicy 30 cm) lub innymi s\u0142upkami. Bardzo wytrzyma\u0142a lina stalowa jest ocynkowana i ma \u015brednic\u0119 5 mm. Do napinania liny do\u0142\u0105czona jest ocynkowana \u015bruba napinaj\u0105ca. Posiada antypo\u015blizgowe uchwyty. Na dolnym ko\u0144cu liny znajduje si\u0119 oczko, do kt\u00f3rego mo\u017cna przymocowa\u0107 ju\u017c znajduj\u0105ce si\u0119 w zestawie siedzisko. Siedzisko ma \u015brednic\u0119 28 cm i jest przymocowane do liny o regulowanej d\u0142ugo\u015bci w celu prawid\u0142owej regulacji wysoko\u015bci. Monta\u017c jest \u0142atwy dla dw\u00f3ch os\u00f3b i mo\u017ce by\u0107 przeprowadzony przy pomocy ilustrowanej instrukcji, ale wymaga pewnego czasu. Prosimy o przestrzeganie naszych wskaz\u00f3wek bezpiecze\u0144stwa podczas monta\u017cu, szczeg\u00f3lnie w odniesieniu do maksymalnej r\u00f3\u017cnicy wysoko\u015bci! Maksymalna waga u\u017cytkownika dla tej liny wynosi 90 kg. Szczeg\u00f3\u0142y dotycz\u0105ce produktu: D\u0142ugo\u015b\u0107 ca\u0142kowita: 39 metr\u00f3w Materia\u0142: stal, PP, TPE, PE \u015arednica siedziska: 28 cm Maksymalne obci\u0105\u017cenie: 90 kg Zakres dostawy: lina stalowa ocynkowana, solidne urz\u0105dzenie mocuj\u0105ce i napinaj\u0105ce, suwak z gumowymi uchwytami i siedziskiem. Wiek: od 8 lat Uwaga Nie nadaje si\u0119 dla dzieci poni\u017cej 8 lat. U\u017cywa\u0107 pod bezpo\u015brednim nadzorem osoby doros\u0142ej. Maksymalne obci\u0105\u017cenie wynosi 90 kg.<\/p>\n<h2>Slackers Zje\u017cd\u017calnia Linowa Eagle 30 <\/h2>\n<p>tupu tup po \u015bniegu tekst, quiz o bajkach, lego ninjago kolorowanka, mira imie, zagadki dla 8 latk\u00f3w, quizy dla przedszkolak\u00f3w, zagadki o zawodach, bajki dla dzieci od 7 do 10 lat, zagadki dla m\u0142odzie\u017cy, peppa do czytania, zabawy z pi\u0142k\u0105, bajki dla dzieci do czytania, \u017carty na prima aprilis w domu<\/p>\n<p>yyyyy<\/p>\n<p>&nbsp;<\/p>\n","protected":false},"excerpt":{"rendered":"<p>Zamie\u0144 sw\u00f3j ogr\u00f3d w pe\u0142en przyg\u00f3d raj dla swoich dzieci! Lina mo\u017ce by\u0107 ustawiona do maksymalnej d\u0142ugo\u015bci 30 metr\u00f3w pomi\u0119dzy dwoma drzewami (o minimalnej \u015brednicy 30 cm) lub innymi s\u0142upkami. Bardzo wytrzyma\u0142a lina stalowa jest ocynkowana i ma \u015brednic\u0119 5 mm. Do napinania liny do\u0142\u0105czona jest ocynkowana \u015bruba napinaj\u0105ca. Posiada antypo\u015blizgowe uchwyty. Na dolnym ko\u0144cu [&hellip;]<\/p>\n","protected":false},"featured_media":1025,"comment_status":"closed","ping_status":"open","template":"","meta":[],"product_cat":[120],"product_tag":[789,842,634],"class_list":["post-1024","product","type-product","status-publish","has-post-thumbnail","hentry","product_cat-zabawki-i-gry-sportowe","product_tag-kaczuszka","product_tag-plac-zabaw-poznan","product_tag-zagadki-wielkanocne-dla-dzieci"],"_links":{"self":[{"href":"http:\/\/klubmamgdynia.pl\/index.php\/wp-json\/wp\/v2\/product\/1024","targetHints":{"allow":["GET"]}}],"collection":[{"href":"http:\/\/klubmamgdynia.pl\/index.php\/wp-json\/wp\/v2\/product"}],"about":[{"href":"http:\/\/klubmamgdynia.pl\/index.php\/wp-json\/wp\/v2\/types\/product"}],"replies":[{"embeddable":true,"href":"http:\/\/klubmamgdynia.pl\/index.php\/wp-json\/wp\/v2\/comments?post=1024"}],"wp:featuredmedia":[{"embeddable":true,"href":"http:\/\/klubmamgdynia.pl\/index.php\/wp-json\/wp\/v2\/media\/1025"}],"wp:attachment":[{"href":"http:\/\/klubmamgdynia.pl\/index.php\/wp-json\/wp\/v2\/media?parent=1024"}],"wp:term":[{"taxonomy":"product_cat","embeddable":true,"href":"http:\/\/klubmamgdynia.pl\/index.php\/wp-json\/wp\/v2\/product_cat?post=1024"},{"taxonomy":"product_tag","embeddable":true,"href":"http:\/\/klubmamgdynia.pl\/index.php\/wp-json\/wp\/v2\/product_tag?post=1024"}],"curies":[{"name":"wp","href":"https:\/\/api.w.org\/{rel}","templated":true}]}}