{"id":10243,"date":"2012-07-24T23:53:24","date_gmt":"2012-07-24T21:53:24","guid":{"rendered":"http:\/\/klubmamgdynia.pl\/index.php\/produkt\/naklejki-3d-robaczki\/"},"modified":"2026-04-25T04:29:10","modified_gmt":"2026-04-25T02:29:10","slug":"naklejki-3d-robaczki","status":"publish","type":"product","link":"http:\/\/klubmamgdynia.pl\/index.php\/produkt\/naklejki-3d-robaczki\/","title":{"rendered":"Naklejki 3D Robaczki"},"content":{"rendered":"<p>Kolekcja naklejek \u2018Dla dzieci\u2019 zach\u0119ca do kreatywnej zabawy i prac r\u0119cznych, mo\u017cesz to wykorzysta\u0107 jako pomoc naukow\u0105.Zestaw zawiera 20 naklejek na 1 stronie.<\/p>\n<h2>Naklejki 3D Robaczki Russell<\/h2>\n<p>swinka peppa obrazek, maski superbohater\u00f3w do wydrukowania, prezent na roczek dla dziewczynki, cytaty korczaka, bajka o piesku do czytania, test z lektury kajko i kokosz<\/p>\n<p>yyyyy<\/p>\n<p>&nbsp;<\/p>\n","protected":false},"excerpt":{"rendered":"<p>Kolekcja naklejek \u2018Dla dzieci\u2019 zach\u0119ca do kreatywnej zabawy i prac r\u0119cznych, mo\u017cesz to wykorzysta\u0107 jako pomoc naukow\u0105.Zestaw zawiera 20 naklejek na 1 stronie. Naklejki 3D Robaczki Russell swinka peppa obrazek, maski superbohater\u00f3w do wydrukowania, prezent na roczek dla dziewczynki, cytaty korczaka, bajka o piesku do czytania, test z lektury kajko i kokosz yyyyy &nbsp;<\/p>\n","protected":false},"featured_media":10244,"comment_status":"closed","ping_status":"open","template":"","meta":[],"product_cat":[482,422],"product_tag":[700,795,600],"class_list":["post-10243","product","type-product","status-publish","has-post-thumbnail","hentry","product_cat-gadzety","product_cat-russell","product_tag-bajki-do-czytania-dla-dzieci","product_tag-mini-zoo-warszawa","product_tag-zaproszenia-na-urodziny-do-druku"],"_links":{"self":[{"href":"http:\/\/klubmamgdynia.pl\/index.php\/wp-json\/wp\/v2\/product\/10243","targetHints":{"allow":["GET"]}}],"collection":[{"href":"http:\/\/klubmamgdynia.pl\/index.php\/wp-json\/wp\/v2\/product"}],"about":[{"href":"http:\/\/klubmamgdynia.pl\/index.php\/wp-json\/wp\/v2\/types\/product"}],"replies":[{"embeddable":true,"href":"http:\/\/klubmamgdynia.pl\/index.php\/wp-json\/wp\/v2\/comments?post=10243"}],"wp:featuredmedia":[{"embeddable":true,"href":"http:\/\/klubmamgdynia.pl\/index.php\/wp-json\/wp\/v2\/media\/10244"}],"wp:attachment":[{"href":"http:\/\/klubmamgdynia.pl\/index.php\/wp-json\/wp\/v2\/media?parent=10243"}],"wp:term":[{"taxonomy":"product_cat","embeddable":true,"href":"http:\/\/klubmamgdynia.pl\/index.php\/wp-json\/wp\/v2\/product_cat?post=10243"},{"taxonomy":"product_tag","embeddable":true,"href":"http:\/\/klubmamgdynia.pl\/index.php\/wp-json\/wp\/v2\/product_tag?post=10243"}],"curies":[{"name":"wp","href":"https:\/\/api.w.org\/{rel}","templated":true}]}}