{"id":10245,"date":"2024-11-01T03:47:40","date_gmt":"2024-11-01T02:47:40","guid":{"rendered":"http:\/\/klubmamgdynia.pl\/?post_type=product&#038;p=10245"},"modified":"2026-04-04T17:59:58","modified_gmt":"2026-04-04T15:59:58","slug":"russell-szkicownik-girabrilla","status":"publish","type":"product","link":"http:\/\/klubmamgdynia.pl\/index.php\/produkt\/russell-szkicownik-girabrilla\/","title":{"rendered":"Russell Szkicownik Girabrilla"},"content":{"rendered":"<p>Szkicownik Girabrilla, kt\u00f3ry pomo\u017ce zaprojektowa\u0107 swoj\u0105 w\u0142asn\u0105 kolekcj\u0119 mody. NAZWA SZKICOWNIK GIRABRILLA PRODUCENT RUSSELL EAN 8056779025890 Znajd\u017a podobne wed\u0142ug klucza: RUSSELL (493824)<\/p>\n<h2>Russell Szkicownik Girabrilla Russell<\/h2>\n<p>kolorowanki do druku peppa, jak zrobi\u0107 samolot z papieru, test z opowie\u015bci z narnii, kr\u00f3tkie zagadki dla dzieci, wierszyki o wakacjach kr\u00f3tkie, narodziny dziecka cytat, wystawy dla dzieci warszawa, ry\u017c z owocami, kawa\u0142y na prima aprilis dla rodzic\u00f3w, quiz o \u015bwi\u0119tach, quiz zemsta, kolorowanka minionki, roczek prezent, kolorowanki winx, kiekrz, sentencje o rodzinie, basen warszawa, dymitr, malowanki \u015bwi\u0105teczne, basen warszawa, prezent dla ch\u0142opca 7 lat<\/p>\n<p>yyyyy<\/p>\n<p>&nbsp;<\/p>\n","protected":false},"excerpt":{"rendered":"<p>Szkicownik Girabrilla, kt\u00f3ry pomo\u017ce zaprojektowa\u0107 swoj\u0105 w\u0142asn\u0105 kolekcj\u0119 mody. NAZWA SZKICOWNIK GIRABRILLA PRODUCENT RUSSELL EAN 8056779025890 Znajd\u017a podobne wed\u0142ug klucza: RUSSELL (493824) Russell Szkicownik Girabrilla Russell kolorowanki do druku peppa, jak zrobi\u0107 samolot z papieru, test z opowie\u015bci z narnii, kr\u00f3tkie zagadki dla dzieci, wierszyki o wakacjach kr\u00f3tkie, narodziny dziecka cytat, wystawy dla dzieci warszawa, [&hellip;]<\/p>\n","protected":false},"featured_media":10246,"comment_status":"closed","ping_status":"open","template":"","meta":[],"product_cat":[422,325],"product_tag":[580,775,616,736,820],"class_list":["post-10245","product","type-product","status-publish","has-post-thumbnail","hentry","product_cat-russell","product_cat-szkolne-artykuly-papiernicze","product_tag-janusz","product_tag-kolorowanki-do-druku-pokemon","product_tag-test-mikolajek-25-pytan","product_tag-zabawki-na-roczek","product_tag-ziemia-wyspa-zielona-tekst"],"_links":{"self":[{"href":"http:\/\/klubmamgdynia.pl\/index.php\/wp-json\/wp\/v2\/product\/10245","targetHints":{"allow":["GET"]}}],"collection":[{"href":"http:\/\/klubmamgdynia.pl\/index.php\/wp-json\/wp\/v2\/product"}],"about":[{"href":"http:\/\/klubmamgdynia.pl\/index.php\/wp-json\/wp\/v2\/types\/product"}],"replies":[{"embeddable":true,"href":"http:\/\/klubmamgdynia.pl\/index.php\/wp-json\/wp\/v2\/comments?post=10245"}],"wp:featuredmedia":[{"embeddable":true,"href":"http:\/\/klubmamgdynia.pl\/index.php\/wp-json\/wp\/v2\/media\/10246"}],"wp:attachment":[{"href":"http:\/\/klubmamgdynia.pl\/index.php\/wp-json\/wp\/v2\/media?parent=10245"}],"wp:term":[{"taxonomy":"product_cat","embeddable":true,"href":"http:\/\/klubmamgdynia.pl\/index.php\/wp-json\/wp\/v2\/product_cat?post=10245"},{"taxonomy":"product_tag","embeddable":true,"href":"http:\/\/klubmamgdynia.pl\/index.php\/wp-json\/wp\/v2\/product_tag?post=10245"}],"curies":[{"name":"wp","href":"https:\/\/api.w.org\/{rel}","templated":true}]}}