{"id":10255,"date":"2015-01-03T08:27:25","date_gmt":"2015-01-03T07:27:25","guid":{"rendered":"http:\/\/klubmamgdynia.pl\/index.php\/produkt\/luxma-termiczne-naklejki-na-nocnik-nauka-sikania-zestaw\/"},"modified":"2026-05-17T22:14:00","modified_gmt":"2026-05-17T20:14:00","slug":"luxma-termiczne-naklejki-na-nocnik-nauka-sikania-zestaw","status":"publish","type":"product","link":"http:\/\/klubmamgdynia.pl\/index.php\/produkt\/luxma-termiczne-naklejki-na-nocnik-nauka-sikania-zestaw\/","title":{"rendered":"Luxma Termiczne Naklejki Na Nocnik Nauka Sikania Zestaw"},"content":{"rendered":"<p>Termiczne naklejki na nocnik nauka sikania zestaw gwiazdka motylekOdpieluchowanie przez zabaw\u0119 &#8211; 2 magiczne naklejki zmieniaj\u0105ce kolor pod wp\u0142ywem ciep\u0142a.\u015arednica naklejek: 7 cmWiek: 18m+Naklejka posiada certyfikat CE, EN71.Twoja Pociecha jest ju\u017c gotowy na odstawienie pieluszki? Czas przerzuci\u0107 si\u0119 na nocnik. Z do\u015bwiadczenia wiemy, \u017ce odpieluchowanie wcale nie jest \u0142atwe, ale uwaga idziemy z odsiecz\u0105! Zastosuj nauk\u0119 poprzez zabaw\u0119.W zestawie znajduj\u0105 si\u0119 dwie czarne naklejki, kt\u00f3re pod wp\u0142ywem ciep\u0142a pokazuj\u0105 ukryte pod nimi obrazki: gwiazdka i motylek.Prosty i skuteczny spos\u00f3b na nauk\u0119 korzystania z nocnika.Instrukcja obs\u0142ugi:Rozgrzej naklejk\u0119 mi\u0119dzy d\u0142o\u0144mi, aby zorientowa\u0107 si\u0119, kt\u00f3r\u0105 stron\u0105 j\u0105 naklei\u0107.Przyklej naklejk\u0119 na dno czystego i suchego nocnika.Naklejka jest czarna. Gdy Twoje dziecko nasiusia do nocnika wybrane obrazek stanie si\u0119 widoczny.Poka\u017c dziecku najpierw czarn\u0105 naklejk\u0119, a po siusianiu obrazek. Pochwal dziecko, aby czu\u0142o si\u0119 docenione.Umyj nocniczek, naklejka wr\u00f3ci do czarnego koloru.Inne zastosowania naklejek:Naklej naklejk\u0119 na muszl\u0119 klozetow\u0105, aby nauczy\u0107 ch\u0142opca celno\u015bci podczas siusiania.Naklej naklejk\u0119 na wann\u0119. Po zanurzeniu jej w wodzie wy\u0142oni si\u0119 obrazek.Naklej naklejk\u0119 na kubek, b\u0119dziesz wiedzia\u0142a kiedy nap\u00f3j jest ciep\u0142y.W zestawie znajduj\u0105 si\u0119 dwie naklejki: gwiazda i motylek\u015arednica naklejek: 7 cmWiek: 18m+Naklejka posiada certyfikat CE, EN71.Komplet naklejek zapakowany w woreczek strunowy. Idealnie nadaje si\u0119 na prezent. Jest to niepowtarzalny i nietuzinkowy pomys\u0142.<\/p>\n<h2>Luxma Termiczne Naklejki Na Nocnik Nauka Sikania Zestaw Luxma<\/h2>\n<p>test z opowie\u015bci z narnii, quiz o bo\u017cym narodzeniu, bal halloween dla dzieci 2021, quiz psi patrol, zagadki dla dzieci 7-8 lat, bajka o smoku wawelskim, test z lektury magiczne drzewo czerwone krzes\u0142o, zagadki o wio\u015bnie dla dzieci, plac zabaw pozna\u0144, imiona \u017ce\u0144skie nietypowe<\/p>\n<p>yyyyy<\/p>\n<p>&nbsp;<\/p>\n","protected":false},"excerpt":{"rendered":"<p>Termiczne naklejki na nocnik nauka sikania zestaw gwiazdka motylekOdpieluchowanie przez zabaw\u0119 &#8211; 2 magiczne naklejki zmieniaj\u0105ce kolor pod wp\u0142ywem ciep\u0142a.\u015arednica naklejek: 7 cmWiek: 18m+Naklejka posiada certyfikat CE, EN71.Twoja Pociecha jest ju\u017c gotowy na odstawienie pieluszki? Czas przerzuci\u0107 si\u0119 na nocnik. Z do\u015bwiadczenia wiemy, \u017ce odpieluchowanie wcale nie jest \u0142atwe, ale uwaga idziemy z odsiecz\u0105! Zastosuj [&hellip;]<\/p>\n","protected":false},"featured_media":10256,"comment_status":"closed","ping_status":"open","template":"","meta":[],"product_cat":[327,354],"product_tag":[688,787,703,735],"class_list":["post-10255","product","type-product","status-publish","has-post-thumbnail","hentry","product_cat-luxma","product_cat-nocniki-nakladki-na-wc-i-podesty","product_tag-kolysanki-tekst","product_tag-nauka-pisania-wyrazow-dla-dzieci-do-druku-pdf","product_tag-prezent-dla-nastolatki","product_tag-prezent-na-roczek-dziewczynka"],"_links":{"self":[{"href":"http:\/\/klubmamgdynia.pl\/index.php\/wp-json\/wp\/v2\/product\/10255","targetHints":{"allow":["GET"]}}],"collection":[{"href":"http:\/\/klubmamgdynia.pl\/index.php\/wp-json\/wp\/v2\/product"}],"about":[{"href":"http:\/\/klubmamgdynia.pl\/index.php\/wp-json\/wp\/v2\/types\/product"}],"replies":[{"embeddable":true,"href":"http:\/\/klubmamgdynia.pl\/index.php\/wp-json\/wp\/v2\/comments?post=10255"}],"wp:featuredmedia":[{"embeddable":true,"href":"http:\/\/klubmamgdynia.pl\/index.php\/wp-json\/wp\/v2\/media\/10256"}],"wp:attachment":[{"href":"http:\/\/klubmamgdynia.pl\/index.php\/wp-json\/wp\/v2\/media?parent=10255"}],"wp:term":[{"taxonomy":"product_cat","embeddable":true,"href":"http:\/\/klubmamgdynia.pl\/index.php\/wp-json\/wp\/v2\/product_cat?post=10255"},{"taxonomy":"product_tag","embeddable":true,"href":"http:\/\/klubmamgdynia.pl\/index.php\/wp-json\/wp\/v2\/product_tag?post=10255"}],"curies":[{"name":"wp","href":"https:\/\/api.w.org\/{rel}","templated":true}]}}