{"id":10257,"date":"2019-03-12T13:09:33","date_gmt":"2019-03-12T12:09:33","guid":{"rendered":"http:\/\/klubmamgdynia.pl\/index.php\/produkt\/depesche-zestaw-kreatywny-wedding-topmodel-11491a\/"},"modified":"2026-04-27T16:42:52","modified_gmt":"2026-04-27T14:42:52","slug":"depesche-zestaw-kreatywny-wedding-topmodel-11491a","status":"publish","type":"product","link":"http:\/\/klubmamgdynia.pl\/index.php\/produkt\/depesche-zestaw-kreatywny-wedding-topmodel-11491a\/","title":{"rendered":"Depesche Zestaw kreatywny Wedding TOPModel 11491A"},"content":{"rendered":"<p>Zestaw kreatywny Wedding Special TOPModel, 60 stron z obrysami oraz przyk\u0142adami, w zestawie znalaz\u0142y si\u0119 te\u017c papiery ozdobne (8 dwustronnych), szablony i naklejki&#8230;.<\/p>\n<h2>Depesche Zestaw kreatywny Wedding TOPModel 11491A Depesche<\/h2>\n<p>nadia imi\u0119, quiz o bajkach, zagadki dla starszych dzieci, cytaty dla dzieci, znaki drogowe quizy, sentencje ma\u0142y ksi\u0105\u017ce cytaty, tupu tup po \u015bniegu tekst, pisanie po \u015bladzie do druku pdf, walentynka dla c\u00f3rki, ry\u017c z owocami, kolorowanka lego, bajki dla chlopcow, trudne zagadki, zak\u0142adka do ksi\u0105\u017cki szablon, zagadki o zwierz\u0119tach<\/p>\n<p>yyyyy<\/p>\n<p>&nbsp;<\/p>\n","protected":false},"excerpt":{"rendered":"<p>Zestaw kreatywny Wedding Special TOPModel, 60 stron z obrysami oraz przyk\u0142adami, w zestawie znalaz\u0142y si\u0119 te\u017c papiery ozdobne (8 dwustronnych), szablony i naklejki&#8230;. Depesche Zestaw kreatywny Wedding TOPModel 11491A Depesche nadia imi\u0119, quiz o bajkach, zagadki dla starszych dzieci, cytaty dla dzieci, znaki drogowe quizy, sentencje ma\u0142y ksi\u0105\u017ce cytaty, tupu tup po \u015bniegu tekst, pisanie [&hellip;]<\/p>\n","protected":false},"featured_media":10258,"comment_status":"closed","ping_status":"open","template":"","meta":[],"product_cat":[1826,21],"product_tag":[696,626,632,601,714],"class_list":["post-10257","product","type-product","status-publish","has-post-thumbnail","hentry","product_cat-depesche","product_cat-zabawki-plastyczne","product_tag-film-rodzinny-o-swietach","product_tag-jacek","product_tag-warszawa-atrakcje-dla-mlodziezy","product_tag-zagadki-co-to-jest","product_tag-zagadki-logiczne"],"_links":{"self":[{"href":"http:\/\/klubmamgdynia.pl\/index.php\/wp-json\/wp\/v2\/product\/10257","targetHints":{"allow":["GET"]}}],"collection":[{"href":"http:\/\/klubmamgdynia.pl\/index.php\/wp-json\/wp\/v2\/product"}],"about":[{"href":"http:\/\/klubmamgdynia.pl\/index.php\/wp-json\/wp\/v2\/types\/product"}],"replies":[{"embeddable":true,"href":"http:\/\/klubmamgdynia.pl\/index.php\/wp-json\/wp\/v2\/comments?post=10257"}],"wp:featuredmedia":[{"embeddable":true,"href":"http:\/\/klubmamgdynia.pl\/index.php\/wp-json\/wp\/v2\/media\/10258"}],"wp:attachment":[{"href":"http:\/\/klubmamgdynia.pl\/index.php\/wp-json\/wp\/v2\/media?parent=10257"}],"wp:term":[{"taxonomy":"product_cat","embeddable":true,"href":"http:\/\/klubmamgdynia.pl\/index.php\/wp-json\/wp\/v2\/product_cat?post=10257"},{"taxonomy":"product_tag","embeddable":true,"href":"http:\/\/klubmamgdynia.pl\/index.php\/wp-json\/wp\/v2\/product_tag?post=10257"}],"curies":[{"name":"wp","href":"https:\/\/api.w.org\/{rel}","templated":true}]}}