{"id":10259,"date":"2013-09-13T22:30:02","date_gmt":"2013-09-13T20:30:02","guid":{"rendered":"http:\/\/klubmamgdynia.pl\/index.php\/produkt\/blackfit8-torba-szkolna-gradient-czarny-zielony-wojskowy-21x8x7cm\/"},"modified":"2026-04-30T21:21:58","modified_gmt":"2026-04-30T19:21:58","slug":"blackfit8-torba-szkolna-gradient-czarny-zielony-wojskowy-21x8x7cm","status":"publish","type":"product","link":"http:\/\/klubmamgdynia.pl\/index.php\/produkt\/blackfit8-torba-szkolna-gradient-czarny-zielony-wojskowy-21x8x7cm\/","title":{"rendered":"Blackfit8 Torba Szkolna Gradient Czarny Zielony Wojskowy 21X8X7Cm"},"content":{"rendered":"<p>Dzieci zas\u0142uguj\u0105 na to co najlepsze, dlatego przedstawiamy Ci Torba szkolna BlackFit8 Gradient Czarny Zielony wojskowy (21 x 8 x 7 cm), idealny dla tych, kt\u00f3rzy szukaj\u0105 produkt\u00f3w wysokiej jako\u015bci dla dzieci! Zdob\u0105d\u017a BlackFit8 i inne produkty markowe i licencyjne w najlepszych cenach!Kolor: CzarnyZielony wojskowyMateria\u0142: Poliester 600DNadaj\u0105ce si\u0119 do recyklinguWymiary ok.: 21 x 8 x 7 cmPrzegr\u00f3dki: 1 Przegr\u00f3dkiRodzaj zapi\u0119cia: Zamek b\u0142yskawiczny<\/p>\n<h2>Blackfit8 Torba Szkolna Gradient Czarny Zielony Wojskowy 21X8X7Cm <\/h2>\n<p>gad\u017cety dla nastolatki, lucjan, zagadki dla dzieci 5 lat, zagadki logiczne dla doros\u0142ych, lodowiska w warszawie<\/p>\n<p>yyyyy<\/p>\n<p>&nbsp;<\/p>\n","protected":false},"excerpt":{"rendered":"<p>Dzieci zas\u0142uguj\u0105 na to co najlepsze, dlatego przedstawiamy Ci Torba szkolna BlackFit8 Gradient Czarny Zielony wojskowy (21 x 8 x 7 cm), idealny dla tych, kt\u00f3rzy szukaj\u0105 produkt\u00f3w wysokiej jako\u015bci dla dzieci! Zdob\u0105d\u017a BlackFit8 i inne produkty markowe i licencyjne w najlepszych cenach!Kolor: CzarnyZielony wojskowyMateria\u0142: Poliester 600DNadaj\u0105ce si\u0119 do recyklinguWymiary ok.: 21 x 8 x [&hellip;]<\/p>\n","protected":false},"featured_media":10260,"comment_status":"closed","ping_status":"open","template":"","meta":[],"product_cat":[976],"product_tag":[847,866,785,649],"class_list":["post-10259","product","type-product","status-publish","has-post-thumbnail","hentry","product_cat-piorniki","product_tag-kolorowanki-pokemon","product_tag-opis-do-zdjecia-dziecka-na-fb","product_tag-prezent-dla-nastolatkow","product_tag-zagadki-dla-nastolatkow"],"_links":{"self":[{"href":"http:\/\/klubmamgdynia.pl\/index.php\/wp-json\/wp\/v2\/product\/10259","targetHints":{"allow":["GET"]}}],"collection":[{"href":"http:\/\/klubmamgdynia.pl\/index.php\/wp-json\/wp\/v2\/product"}],"about":[{"href":"http:\/\/klubmamgdynia.pl\/index.php\/wp-json\/wp\/v2\/types\/product"}],"replies":[{"embeddable":true,"href":"http:\/\/klubmamgdynia.pl\/index.php\/wp-json\/wp\/v2\/comments?post=10259"}],"wp:featuredmedia":[{"embeddable":true,"href":"http:\/\/klubmamgdynia.pl\/index.php\/wp-json\/wp\/v2\/media\/10260"}],"wp:attachment":[{"href":"http:\/\/klubmamgdynia.pl\/index.php\/wp-json\/wp\/v2\/media?parent=10259"}],"wp:term":[{"taxonomy":"product_cat","embeddable":true,"href":"http:\/\/klubmamgdynia.pl\/index.php\/wp-json\/wp\/v2\/product_cat?post=10259"},{"taxonomy":"product_tag","embeddable":true,"href":"http:\/\/klubmamgdynia.pl\/index.php\/wp-json\/wp\/v2\/product_tag?post=10259"}],"curies":[{"name":"wp","href":"https:\/\/api.w.org\/{rel}","templated":true}]}}