{"id":1026,"date":"2017-06-29T00:13:03","date_gmt":"2017-06-28T22:13:03","guid":{"rendered":"http:\/\/klubmamgdynia.pl\/index.php\/produkt\/icom-poland-pilka-do-kopania-na-sznurku-eb046354\/"},"modified":"2026-04-14T21:53:33","modified_gmt":"2026-04-14T19:53:33","slug":"icom-poland-pilka-do-kopania-na-sznurku-eb046354","status":"publish","type":"product","link":"http:\/\/klubmamgdynia.pl\/index.php\/produkt\/icom-poland-pilka-do-kopania-na-sznurku-eb046354\/","title":{"rendered":"Icom Poland Pi\u0142ka Do Kopania Na Sznurku (EB046354)"},"content":{"rendered":"<p>PI\u0141KA DO KOPANIA NA SZNURKU<\/p>\n<h2>Icom Poland Pi\u0142ka Do Kopania Na Sznurku (EB046354) Icom Poland<\/h2>\n<p>test asiunia, mapa europy do druku, pieski ma\u0142e dwa tekst, quiz flagi europy, kolorowanki pikachu, kr\u00f3tkie bajki na dobranoc do czytania, kamila, lol do druku, \u0142amig\u0142\u00f3wki dla dzieci do wydruku, imi\u0119 kostek, prezent na roczek, podchwytliwe zagadki na inteligencj\u0119, karty pracy obrazki do wyklejania plastelin\u0105, jak narysowa\u0107 kota, pomysly na prezent na roczek, koreczki dla dzieci na urodziny, prezent dla 17 latki, wierszyki o marzannie, kolorowanki andrzejkowe, lol kolorowanki do druku<\/p>\n<p>yyyyy<\/p>\n<p>&nbsp;<\/p>\n","protected":false},"excerpt":{"rendered":"<p>PI\u0141KA DO KOPANIA NA SZNURKU Icom Poland Pi\u0142ka Do Kopania Na Sznurku (EB046354) Icom Poland test asiunia, mapa europy do druku, pieski ma\u0142e dwa tekst, quiz flagi europy, kolorowanki pikachu, kr\u00f3tkie bajki na dobranoc do czytania, kamila, lol do druku, \u0142amig\u0142\u00f3wki dla dzieci do wydruku, imi\u0119 kostek, prezent na roczek, podchwytliwe zagadki na inteligencj\u0119, karty [&hellip;]<\/p>\n","protected":false},"featured_media":1027,"comment_status":"closed","ping_status":"open","template":"","meta":[],"product_cat":[332,120],"product_tag":[731,613,855,721,767],"class_list":["post-1026","product","type-product","status-publish","has-post-thumbnail","hentry","product_cat-icom-poland","product_cat-zabawki-i-gry-sportowe","product_tag-maly-ksiaze-cytaty","product_tag-na-wyspach-bergamutach","product_tag-nietypowe-imiona-zenskie","product_tag-zagadki-matematyczne","product_tag-zaproszenia-urodzinowe-do-druku"],"_links":{"self":[{"href":"http:\/\/klubmamgdynia.pl\/index.php\/wp-json\/wp\/v2\/product\/1026","targetHints":{"allow":["GET"]}}],"collection":[{"href":"http:\/\/klubmamgdynia.pl\/index.php\/wp-json\/wp\/v2\/product"}],"about":[{"href":"http:\/\/klubmamgdynia.pl\/index.php\/wp-json\/wp\/v2\/types\/product"}],"replies":[{"embeddable":true,"href":"http:\/\/klubmamgdynia.pl\/index.php\/wp-json\/wp\/v2\/comments?post=1026"}],"wp:featuredmedia":[{"embeddable":true,"href":"http:\/\/klubmamgdynia.pl\/index.php\/wp-json\/wp\/v2\/media\/1027"}],"wp:attachment":[{"href":"http:\/\/klubmamgdynia.pl\/index.php\/wp-json\/wp\/v2\/media?parent=1026"}],"wp:term":[{"taxonomy":"product_cat","embeddable":true,"href":"http:\/\/klubmamgdynia.pl\/index.php\/wp-json\/wp\/v2\/product_cat?post=1026"},{"taxonomy":"product_tag","embeddable":true,"href":"http:\/\/klubmamgdynia.pl\/index.php\/wp-json\/wp\/v2\/product_tag?post=1026"}],"curies":[{"name":"wp","href":"https:\/\/api.w.org\/{rel}","templated":true}]}}