{"id":10261,"date":"2021-07-22T05:18:13","date_gmt":"2021-07-22T03:18:13","guid":{"rendered":"http:\/\/klubmamgdynia.pl\/index.php\/produkt\/bright-junior-media-justyna-han-dluuugie-kolorowanki-kosmos-opracowanie-zbiorowe\/"},"modified":"2026-04-06T02:14:28","modified_gmt":"2026-04-06T00:14:28","slug":"bright-junior-media-justyna-han-dluuugie-kolorowanki-kosmos-opracowanie-zbiorowe","status":"publish","type":"product","link":"http:\/\/klubmamgdynia.pl\/index.php\/produkt\/bright-junior-media-justyna-han-dluuugie-kolorowanki-kosmos-opracowanie-zbiorowe\/","title":{"rendered":"Bright Junior Media Justyna Han D\u0142uuugie Kolorowanki Kosmos Opracowanie Zbiorowe"},"content":{"rendered":"<p>Kreatywne rysowanki dla dzieci, kt\u00f3re kontynuuj\u0105 przygod\u0119 z kredkami.Ciekawe zadania i dob\u00f3r temat\u00f3w zach\u0119caj\u0105 do tw\u00f3rczej aktywno\u015bci. Rozwijaj\u0105 kreatywno\u015b\u0107 oraz \u0107wicz\u0105 coraz bardziej precyzyjne ruchy r\u0105k. Zestaw zawiera 2 ksi\u0105\u017ceczki harmonijki. W serii ukaza\u0142y si\u0119 tak\u017ce: \u201eDinozaury\u201d, \u201eWr\u00f3\u017cki\u201d, \u201eSyrenki\u201d.Wiek: 4+<\/p>\n<h2>Bright Junior Media Justyna Han D\u0142uuugie Kolorowanki Kosmos Opracowanie Zbiorowe <\/h2>\n<p>zagadki o zimie, dziecko cytaty, pomys\u0142y na prezent dla nastolatk\u00f3w, czerwony kapturek kolorowanka, bajki do czytania psi patrol, piosenka dla mamy tekst, maski karnawa\u0142owe dla dzieci szablony, quizy \u015bwi\u0105teczne bo\u017ce narodzenie, otto, karnawa\u0142 maska karnawa\u0142owa szablon, lol surprise kolorowanki, \u015bwi\u0105teczne filmy familijne, rzadkie imiona \u017ce\u0144skie<\/p>\n<p>yyyyy<\/p>\n<p>&nbsp;<\/p>\n","protected":false},"excerpt":{"rendered":"<p>Kreatywne rysowanki dla dzieci, kt\u00f3re kontynuuj\u0105 przygod\u0119 z kredkami.Ciekawe zadania i dob\u00f3r temat\u00f3w zach\u0119caj\u0105 do tw\u00f3rczej aktywno\u015bci. Rozwijaj\u0105 kreatywno\u015b\u0107 oraz \u0107wicz\u0105 coraz bardziej precyzyjne ruchy r\u0105k. Zestaw zawiera 2 ksi\u0105\u017ceczki harmonijki. W serii ukaza\u0142y si\u0119 tak\u017ce: \u201eDinozaury\u201d, \u201eWr\u00f3\u017cki\u201d, \u201eSyrenki\u201d.Wiek: 4+ Bright Junior Media Justyna Han D\u0142uuugie Kolorowanki Kosmos Opracowanie Zbiorowe zagadki o zimie, dziecko cytaty, [&hellip;]<\/p>\n","protected":false},"featured_media":10262,"comment_status":"closed","ping_status":"open","template":"","meta":[],"product_cat":[21],"product_tag":[591,595,649],"class_list":["post-10261","product","type-product","status-publish","has-post-thumbnail","hentry","product_cat-zabawki-plastyczne","product_tag-quiz-o-minecraft","product_tag-zagadki-dla-6-latka","product_tag-zagadki-dla-nastolatkow"],"_links":{"self":[{"href":"http:\/\/klubmamgdynia.pl\/index.php\/wp-json\/wp\/v2\/product\/10261","targetHints":{"allow":["GET"]}}],"collection":[{"href":"http:\/\/klubmamgdynia.pl\/index.php\/wp-json\/wp\/v2\/product"}],"about":[{"href":"http:\/\/klubmamgdynia.pl\/index.php\/wp-json\/wp\/v2\/types\/product"}],"replies":[{"embeddable":true,"href":"http:\/\/klubmamgdynia.pl\/index.php\/wp-json\/wp\/v2\/comments?post=10261"}],"wp:featuredmedia":[{"embeddable":true,"href":"http:\/\/klubmamgdynia.pl\/index.php\/wp-json\/wp\/v2\/media\/10262"}],"wp:attachment":[{"href":"http:\/\/klubmamgdynia.pl\/index.php\/wp-json\/wp\/v2\/media?parent=10261"}],"wp:term":[{"taxonomy":"product_cat","embeddable":true,"href":"http:\/\/klubmamgdynia.pl\/index.php\/wp-json\/wp\/v2\/product_cat?post=10261"},{"taxonomy":"product_tag","embeddable":true,"href":"http:\/\/klubmamgdynia.pl\/index.php\/wp-json\/wp\/v2\/product_tag?post=10261"}],"curies":[{"name":"wp","href":"https:\/\/api.w.org\/{rel}","templated":true}]}}