{"id":10263,"date":"2021-10-05T22:03:21","date_gmt":"2021-10-05T20:03:21","guid":{"rendered":"http:\/\/klubmamgdynia.pl\/index.php\/produkt\/top-model-piornik-z-wyposazeniem-jill-i-june-trzypietrowe-mordercze\/"},"modified":"2026-05-01T13:21:51","modified_gmt":"2026-05-01T11:21:51","slug":"top-model-piornik-z-wyposazeniem-jill-i-june-trzypietrowe-mordercze","status":"publish","type":"product","link":"http:\/\/klubmamgdynia.pl\/index.php\/produkt\/top-model-piornik-z-wyposazeniem-jill-i-june-trzypietrowe-mordercze\/","title":{"rendered":"Top Model Pi\u00f3rnik Z Wyposa\u017ceniem Jill I June Trzypi\u0119trowe Mordercze"},"content":{"rendered":"<p>O l\u015bni\u0105ce przyja\u017anie! Dzi\u0119ki super uroczemu motywowi TOPModel z brokatem ten 3-komorowy pi\u00f3rnik sprawi, \u017ce wszystkie serca zabij\u0105 szybciej! 18 pisak\u00f3w i kolorowych kredek, dwa o\u0142\u00f3wki, no\u017cyczki, temper\u00f3wka, lusterko i wiele wi\u0119cej: KOCHAMY!<\/p>\n<h2>Top Model Pi\u00f3rnik Z Wyposa\u017ceniem Jill I June Trzypi\u0119trowe Mordercze Depesche<\/h2>\n<p>kolorowanki minionki, gabriela imie, pola imi\u0119, imi\u0119 r\u00f3\u017ca, zagadki o bajkach, film animowany o \u015bwi\u0119tach, pomys\u0142 na prezent dla 15 latki<\/p>\n<p>yyyyy<\/p>\n<p>&nbsp;<\/p>\n","protected":false},"excerpt":{"rendered":"<p>O l\u015bni\u0105ce przyja\u017anie! Dzi\u0119ki super uroczemu motywowi TOPModel z brokatem ten 3-komorowy pi\u00f3rnik sprawi, \u017ce wszystkie serca zabij\u0105 szybciej! 18 pisak\u00f3w i kolorowych kredek, dwa o\u0142\u00f3wki, no\u017cyczki, temper\u00f3wka, lusterko i wiele wi\u0119cej: KOCHAMY! Top Model Pi\u00f3rnik Z Wyposa\u017ceniem Jill I June Trzypi\u0119trowe Mordercze Depesche kolorowanki minionki, gabriela imie, pola imi\u0119, imi\u0119 r\u00f3\u017ca, zagadki o bajkach, [&hellip;]<\/p>\n","protected":false},"featured_media":10264,"comment_status":"closed","ping_status":"open","template":"","meta":[],"product_cat":[1826,976],"product_tag":[650,755,677,818],"class_list":["post-10263","product","type-product","status-publish","has-post-thumbnail","hentry","product_cat-depesche","product_cat-piorniki","product_tag-choinka-z-bibuly","product_tag-henryk","product_tag-milosz-imie","product_tag-oliwier"],"_links":{"self":[{"href":"http:\/\/klubmamgdynia.pl\/index.php\/wp-json\/wp\/v2\/product\/10263","targetHints":{"allow":["GET"]}}],"collection":[{"href":"http:\/\/klubmamgdynia.pl\/index.php\/wp-json\/wp\/v2\/product"}],"about":[{"href":"http:\/\/klubmamgdynia.pl\/index.php\/wp-json\/wp\/v2\/types\/product"}],"replies":[{"embeddable":true,"href":"http:\/\/klubmamgdynia.pl\/index.php\/wp-json\/wp\/v2\/comments?post=10263"}],"wp:featuredmedia":[{"embeddable":true,"href":"http:\/\/klubmamgdynia.pl\/index.php\/wp-json\/wp\/v2\/media\/10264"}],"wp:attachment":[{"href":"http:\/\/klubmamgdynia.pl\/index.php\/wp-json\/wp\/v2\/media?parent=10263"}],"wp:term":[{"taxonomy":"product_cat","embeddable":true,"href":"http:\/\/klubmamgdynia.pl\/index.php\/wp-json\/wp\/v2\/product_cat?post=10263"},{"taxonomy":"product_tag","embeddable":true,"href":"http:\/\/klubmamgdynia.pl\/index.php\/wp-json\/wp\/v2\/product_tag?post=10263"}],"curies":[{"name":"wp","href":"https:\/\/api.w.org\/{rel}","templated":true}]}}