{"id":10265,"date":"2013-08-16T01:16:40","date_gmt":"2013-08-15T23:16:40","guid":{"rendered":"http:\/\/klubmamgdynia.pl\/index.php\/produkt\/panta-plast-podklad-na-biurko-z-kalendarzem-papierowy-tygodniowy-ph1097\/"},"modified":"2026-04-27T07:46:33","modified_gmt":"2026-04-27T05:46:33","slug":"panta-plast-podklad-na-biurko-z-kalendarzem-papierowy-tygodniowy-ph1097","status":"publish","type":"product","link":"http:\/\/klubmamgdynia.pl\/index.php\/produkt\/panta-plast-podklad-na-biurko-z-kalendarzem-papierowy-tygodniowy-ph1097\/","title":{"rendered":"Panta Plast Podk\u0142ad Na Biurko Z Kalendarzem Papierowy Tygodniowy Ph1097"},"content":{"rendered":"<p>Podk\u0142ad papierowy tygodniowy &#8211; biuwar Panta Plast. oryginalny projekt zgodny z zasadami organizacji czasu pracy kalendarz dwuletni ilo\u015b\u0107 kartek 30 rozmiar 470x330mm. Nadrukowany kalendarz na rok 2017\/2018.<\/p>\n<h2>Panta Plast Podk\u0142ad Na Biurko Z Kalendarzem Papierowy Tygodniowy Ph1097 Panta Plast<\/h2>\n<p>dobre \u017carty na prima aprilis, karty pracy polsko ukrai\u0144skie, test z lektury spos\u00f3b na alcybiadesa, elzbieta imie, pikachu kolorowanka, lucjan imi\u0119, zagadki na myslenie, zadania dla 7 latka do druku, film o \u015bwi\u0119tach dla dzieci, gry i zabawy ruchowe, ciekawe zagadki, \u017carty na prima aprilis dla mamy, atrakcje dla dzieci mazowieckie, zabawy urodzinowe dla dzieci, kolorowanki do druku pieski, kalina imi\u0119, minionki do druku, pieski, wierszyki o marzannie<\/p>\n<p>yyyyy<\/p>\n<p>&nbsp;<\/p>\n","protected":false},"excerpt":{"rendered":"<p>Podk\u0142ad papierowy tygodniowy &#8211; biuwar Panta Plast. oryginalny projekt zgodny z zasadami organizacji czasu pracy kalendarz dwuletni ilo\u015b\u0107 kartek 30 rozmiar 470x330mm. Nadrukowany kalendarz na rok 2017\/2018. Panta Plast Podk\u0142ad Na Biurko Z Kalendarzem Papierowy Tygodniowy Ph1097 Panta Plast dobre \u017carty na prima aprilis, karty pracy polsko ukrai\u0144skie, test z lektury spos\u00f3b na alcybiadesa, elzbieta [&hellip;]<\/p>\n","protected":false},"featured_media":10266,"comment_status":"closed","ping_status":"open","template":"","meta":[],"product_cat":[1896,323],"product_tag":[834,831,594,628,760,779],"class_list":["post-10265","product","type-product","status-publish","has-post-thumbnail","hentry","product_cat-panta-plast","product_cat-pozostale-akcesoria-biurowe","product_tag-bajka-do-czytania-na-dobranoc","product_tag-bruno","product_tag-podchwytliwe-zagadki-dla-dzieci","product_tag-zagadka","product_tag-zagadka-matematyczna","product_tag-zarty-na-prima-aprilis-w-domu"],"_links":{"self":[{"href":"http:\/\/klubmamgdynia.pl\/index.php\/wp-json\/wp\/v2\/product\/10265","targetHints":{"allow":["GET"]}}],"collection":[{"href":"http:\/\/klubmamgdynia.pl\/index.php\/wp-json\/wp\/v2\/product"}],"about":[{"href":"http:\/\/klubmamgdynia.pl\/index.php\/wp-json\/wp\/v2\/types\/product"}],"replies":[{"embeddable":true,"href":"http:\/\/klubmamgdynia.pl\/index.php\/wp-json\/wp\/v2\/comments?post=10265"}],"wp:featuredmedia":[{"embeddable":true,"href":"http:\/\/klubmamgdynia.pl\/index.php\/wp-json\/wp\/v2\/media\/10266"}],"wp:attachment":[{"href":"http:\/\/klubmamgdynia.pl\/index.php\/wp-json\/wp\/v2\/media?parent=10265"}],"wp:term":[{"taxonomy":"product_cat","embeddable":true,"href":"http:\/\/klubmamgdynia.pl\/index.php\/wp-json\/wp\/v2\/product_cat?post=10265"},{"taxonomy":"product_tag","embeddable":true,"href":"http:\/\/klubmamgdynia.pl\/index.php\/wp-json\/wp\/v2\/product_tag?post=10265"}],"curies":[{"name":"wp","href":"https:\/\/api.w.org\/{rel}","templated":true}]}}