{"id":10269,"date":"2020-09-03T13:56:44","date_gmt":"2020-09-03T11:56:44","guid":{"rendered":"http:\/\/klubmamgdynia.pl\/index.php\/produkt\/among-us-torba-szkolna-electrical-czarny-22x10x5cm\/"},"modified":"2026-04-03T16:52:50","modified_gmt":"2026-04-03T14:52:50","slug":"among-us-torba-szkolna-electrical-czarny-22x10x5cm","status":"publish","type":"product","link":"http:\/\/klubmamgdynia.pl\/index.php\/produkt\/among-us-torba-szkolna-electrical-czarny-22x10x5cm\/","title":{"rendered":"Among Us Torba Szkolna Electrical Czarny 22X10X5Cm"},"content":{"rendered":"<p>Dzieci zas\u0142uguj\u0105 na to co najlepsze, dlatego przedstawiamy Ci Torba szkolna Among Us Electrical Czarny (22 x 10 x 5 cm), idealny dla tych, kt\u00f3rzy szukaj\u0105 produkt\u00f3w wysokiej jako\u015bci dla dzieci! Zdob\u0105d\u017a Among Us i inne produkty markowe i licencyjne w najlepszych cenach!Kolor: CzarnyMateria\u0142: PoliesterWydajno\u015b\u0107: 5 LPrzegr\u00f3dki: 1Design: Dzieci\u0119cyWymiary ok.: 22 x 10 x 5 cmRodzaj zapi\u0119cia: Zamek b\u0142yskawiczny&#8230;<\/p>\n<h2>Among Us Torba Szkolna Electrical Czarny 22X10X5Cm Safta<\/h2>\n<p>prezent na roczek nie zabawka, litera r do druku, cytaty o przyja\u017ani ma\u0142y ksi\u0105\u017c\u0119, \u0142atwe zagadki, kolorowanki pokemon, nauka pisania literek do wydruku pdf, prezent dla dziecka na roczek, anio\u0142ki do druku, zaproszenie na urodziny do druku, cytat na dzie\u0144 mamy, testy na znaki drogowe<\/p>\n<p>yyyyy<\/p>\n<p>&nbsp;<\/p>\n","protected":false},"excerpt":{"rendered":"<p>Dzieci zas\u0142uguj\u0105 na to co najlepsze, dlatego przedstawiamy Ci Torba szkolna Among Us Electrical Czarny (22 x 10 x 5 cm), idealny dla tych, kt\u00f3rzy szukaj\u0105 produkt\u00f3w wysokiej jako\u015bci dla dzieci! Zdob\u0105d\u017a Among Us i inne produkty markowe i licencyjne w najlepszych cenach!Kolor: CzarnyMateria\u0142: PoliesterWydajno\u015b\u0107: 5 LPrzegr\u00f3dki: 1Design: Dzieci\u0119cyWymiary ok.: 22 x 10 x 5 [&hellip;]<\/p>\n","protected":false},"featured_media":10270,"comment_status":"closed","ping_status":"open","template":"","meta":[],"product_cat":[976,1899],"product_tag":[740,684,640,846,672],"class_list":["post-10269","product","type-product","status-publish","has-post-thumbnail","hentry","product_cat-piorniki","product_cat-safta","product_tag-fajne-prezenty-dla-nastolatkow","product_tag-prezent-dla-dziewczynki-na-roczek","product_tag-prezent-dla-rocznej-dziewczynki","product_tag-rysowanki","product_tag-trudne-zagadki-z-odpowiedziami"],"_links":{"self":[{"href":"http:\/\/klubmamgdynia.pl\/index.php\/wp-json\/wp\/v2\/product\/10269","targetHints":{"allow":["GET"]}}],"collection":[{"href":"http:\/\/klubmamgdynia.pl\/index.php\/wp-json\/wp\/v2\/product"}],"about":[{"href":"http:\/\/klubmamgdynia.pl\/index.php\/wp-json\/wp\/v2\/types\/product"}],"replies":[{"embeddable":true,"href":"http:\/\/klubmamgdynia.pl\/index.php\/wp-json\/wp\/v2\/comments?post=10269"}],"wp:featuredmedia":[{"embeddable":true,"href":"http:\/\/klubmamgdynia.pl\/index.php\/wp-json\/wp\/v2\/media\/10270"}],"wp:attachment":[{"href":"http:\/\/klubmamgdynia.pl\/index.php\/wp-json\/wp\/v2\/media?parent=10269"}],"wp:term":[{"taxonomy":"product_cat","embeddable":true,"href":"http:\/\/klubmamgdynia.pl\/index.php\/wp-json\/wp\/v2\/product_cat?post=10269"},{"taxonomy":"product_tag","embeddable":true,"href":"http:\/\/klubmamgdynia.pl\/index.php\/wp-json\/wp\/v2\/product_tag?post=10269"}],"curies":[{"name":"wp","href":"https:\/\/api.w.org\/{rel}","templated":true}]}}