{"id":10271,"date":"2012-05-18T05:13:11","date_gmt":"2012-05-18T03:13:11","guid":{"rendered":"http:\/\/klubmamgdynia.pl\/index.php\/produkt\/ses-plastelina-4-szt-2\/"},"modified":"2026-04-06T03:36:48","modified_gmt":"2026-04-06T01:36:48","slug":"ses-plastelina-4-szt-2","status":"publish","type":"product","link":"http:\/\/klubmamgdynia.pl\/index.php\/produkt\/ses-plastelina-4-szt-2\/","title":{"rendered":"Ses Plastelina (4 Szt.) 2+"},"content":{"rendered":"<p>Limango.pl to internetowy klub zakupowy dla kobiet i m\u0142odych rodzin, w kt\u00f3rym mog\u0105 kupowa\u0107 wy\u0142\u0105cznie cz\u0142onkowie. W naszej ofercie znajdziecie produkty renomowanych marek &#8211; czasami nawet do 80% taniej.Organizujemy trwaj\u0105ce 3 do 7 dni kampanie sprzeda\u017cowe dla naszych cz\u0142onk\u00f3w w \u015bcis\u0142ej wsp\u00f3\u0142pracy ze znanymi markami z ca\u0142ej Europy.W limango, ze wzgl\u0119du na ograniczenie ilo\u015bciowe produkt\u00f3w obowi\u0105zuje zasada: &#8222;kto pierwszy, ten lepszy!&#8221;. Aby nie przeoczy\u0107 po\u017c\u0105danych produkt\u00f3w, odwiedzaj nas codziennie. Informacje o kampaniach otrzymujesz od nas rano przed ich rozpocz\u0119ciem poprzez rozsy\u0142any newsletter.W limango znajdziecie nie tylko produkty \u015bwiatowych marek, promujemy r\u00f3wnie\u017c uznanych i niszowych polskich producent\u00f3w oraz designer\u00f3w, kt\u00f3rzy tworz\u0105 \u015bwietne i wysokiej jako\u015bci produkty z takich obszar\u00f3w jak: moda, dodatki, odzie\u017c dzieci\u0119ca, obuwie, zdrowie &amp; uroda, sport, trendy &amp; gad\u017cety oraz styl \u017cycia.Wsp\u00f3\u0142pracuj\u0105c bezpo\u015brednio z producentami znanych marek, mo\u017cemy oferowa\u0107 Wam tak korzystne ceny.Opis produktu:- zawarto\u015b\u0107: 4 puszki plasteliny w r\u00f3\u017cnych kolorach (po 90 g)- detale: \u015bwieci w ciemno\u015bci- kreatywne tworzenie w\u0142asnymi pomys\u0142ami- zalecenia wiekowe: od 2. roku \u017cycia<\/p>\n<h2>Ses Plastelina (4 Szt.) 2+ Ses<\/h2>\n<p>bajka o miko\u0142aju do czytania, co na roczek, ma\u0142y ksi\u0105\u017c\u0119 sprawdzian, kawaly na prima aprilis, 45 pa\u0144stw europy i ich stolice quiz, papugi do druku, piosenki na dobranoc tekst, mitologia test wiedzy, co oznacza nazwa jordan<\/p>\n<p>yyyyy<\/p>\n<p>&nbsp;<\/p>\n","protected":false},"excerpt":{"rendered":"<p>Limango.pl to internetowy klub zakupowy dla kobiet i m\u0142odych rodzin, w kt\u00f3rym mog\u0105 kupowa\u0107 wy\u0142\u0105cznie cz\u0142onkowie. W naszej ofercie znajdziecie produkty renomowanych marek &#8211; czasami nawet do 80% taniej.Organizujemy trwaj\u0105ce 3 do 7 dni kampanie sprzeda\u017cowe dla naszych cz\u0142onk\u00f3w w \u015bcis\u0142ej wsp\u00f3\u0142pracy ze znanymi markami z ca\u0142ej Europy.W limango, ze wzgl\u0119du na ograniczenie ilo\u015bciowe produkt\u00f3w [&hellip;]<\/p>\n","protected":false},"featured_media":10272,"comment_status":"closed","ping_status":"open","template":"","meta":[],"product_cat":[357,297],"product_tag":[702,859,729,605,631,609],"class_list":["post-10271","product","type-product","status-publish","has-post-thumbnail","hentry","product_cat-ses","product_cat-szkolne-artykuly-plastyczne","product_tag-co-kupic-na-roczek-dla-dziewczynki","product_tag-dobranoc-pchly-na-noc","product_tag-madre-bajki-dla-dzieci-do-czytania","product_tag-milena","product_tag-prezent-na-roczek","product_tag-quiz-flagi-europy"],"_links":{"self":[{"href":"http:\/\/klubmamgdynia.pl\/index.php\/wp-json\/wp\/v2\/product\/10271","targetHints":{"allow":["GET"]}}],"collection":[{"href":"http:\/\/klubmamgdynia.pl\/index.php\/wp-json\/wp\/v2\/product"}],"about":[{"href":"http:\/\/klubmamgdynia.pl\/index.php\/wp-json\/wp\/v2\/types\/product"}],"replies":[{"embeddable":true,"href":"http:\/\/klubmamgdynia.pl\/index.php\/wp-json\/wp\/v2\/comments?post=10271"}],"wp:featuredmedia":[{"embeddable":true,"href":"http:\/\/klubmamgdynia.pl\/index.php\/wp-json\/wp\/v2\/media\/10272"}],"wp:attachment":[{"href":"http:\/\/klubmamgdynia.pl\/index.php\/wp-json\/wp\/v2\/media?parent=10271"}],"wp:term":[{"taxonomy":"product_cat","embeddable":true,"href":"http:\/\/klubmamgdynia.pl\/index.php\/wp-json\/wp\/v2\/product_cat?post=10271"},{"taxonomy":"product_tag","embeddable":true,"href":"http:\/\/klubmamgdynia.pl\/index.php\/wp-json\/wp\/v2\/product_tag?post=10271"}],"curies":[{"name":"wp","href":"https:\/\/api.w.org\/{rel}","templated":true}]}}