{"id":10273,"date":"2016-06-27T15:33:08","date_gmt":"2016-06-27T13:33:08","guid":{"rendered":"http:\/\/klubmamgdynia.pl\/index.php\/produkt\/jovi-kredki-swiecowe-12kol-300szt-989\/"},"modified":"2026-04-26T22:27:56","modified_gmt":"2026-04-26T20:27:56","slug":"jovi-kredki-swiecowe-12kol-300szt-989","status":"publish","type":"product","link":"http:\/\/klubmamgdynia.pl\/index.php\/produkt\/jovi-kredki-swiecowe-12kol-300szt-989\/","title":{"rendered":"Jovi Kredki \u015awiecowe 12Kol. (300Szt.) 989"},"content":{"rendered":"<p>kredki \u015bwiecowe okr\u0105g\u0142e nie brudz\u0105ce, o \u017cywych kolorach  posiadaj\u0105 ergonomiczny kszta\u0142t, dzi\u0119ki czemu doskonale dostosowuj\u0105 si\u0119 do r\u0119ki dziecka  kredki mo\u017cna stosowa\u0107 na wszystkich rodzajach papieru niesatynowanego, brystolu i kartonie, jak r\u00f3wnie\u017c na powierzchniach drewnianych i porowatych  pozwalaj\u0105 kre\u015bli\u0107 \u0142agodne i jednolite linie  nie brudz\u0105 r\u0105k  s\u0105 bezwonne  pozostawiaj\u0105 warstw\u0119 produktu na rysowanej powierzchni, co pozwala na zastosowanie techniki sgraffito (nak\u0142adanie i zdrapywanie warstw koloru) i tworzenie szerokiej gamy tekstur  s\u0105 bardzo wydajne, poniewa\u017c ca\u0142a kredka jest wk\u0142adem  dziecko jest w bezpo\u015brednim kontakcie z rysunkiem i jednocze\u015bnie z wykorzystywanym kolorem  \u0142atwo si\u0119 temperuj\u0105  przyjemne i wygodne w rysowaniu  atrakcyjne kolory  nie klej\u0105 si\u0119 i nie wydzielaj\u0105 wilgoci  maj\u0105 g\u0142adk\u0105 powierzchni\u0119, bez rys i p\u0119cherzy  kryj\u0105ce  kredki \u015bwiecowe, 300 sztuk, 12 kolor\u00f3w  25 sztuk z ka\u017cdego koloru  doskona\u0142a oferta dla przedszkoli  jednostka sprzeda\u017cy 1 opakowanie<\/p>\n<h2>Jovi Kredki \u015awiecowe 12Kol. (300Szt.) 989 Jovi<\/h2>\n<p>sentencje o dzieciach, pa\u0144stwa europy i ich stolice quiz, bajka o emocjach, quiz o akademii pana kleksa, imi\u0119 gaja, mini zoo warszawa, zagadki nie do rozwi\u0105zania<\/p>\n<p>yyyyy<\/p>\n<p>&nbsp;<\/p>\n","protected":false},"excerpt":{"rendered":"<p>kredki \u015bwiecowe okr\u0105g\u0142e nie brudz\u0105ce, o \u017cywych kolorach posiadaj\u0105 ergonomiczny kszta\u0142t, dzi\u0119ki czemu doskonale dostosowuj\u0105 si\u0119 do r\u0119ki dziecka kredki mo\u017cna stosowa\u0107 na wszystkich rodzajach papieru niesatynowanego, brystolu i kartonie, jak r\u00f3wnie\u017c na powierzchniach drewnianych i porowatych pozwalaj\u0105 kre\u015bli\u0107 \u0142agodne i jednolite linie nie brudz\u0105 r\u0105k s\u0105 bezwonne pozostawiaj\u0105 warstw\u0119 produktu na rysowanej powierzchni, co [&hellip;]<\/p>\n","protected":false},"featured_media":10274,"comment_status":"closed","ping_status":"open","template":"","meta":[],"product_cat":[1900,297],"product_tag":[612,594,783,636],"class_list":["post-10273","product","type-product","status-publish","has-post-thumbnail","hentry","product_cat-jovi","product_cat-szkolne-artykuly-plastyczne","product_tag-kolorowanki-do-druku","product_tag-podchwytliwe-zagadki-dla-dzieci","product_tag-prezenty-na-roczek-dla-chlopca","product_tag-teksty-kolysanek"],"_links":{"self":[{"href":"http:\/\/klubmamgdynia.pl\/index.php\/wp-json\/wp\/v2\/product\/10273","targetHints":{"allow":["GET"]}}],"collection":[{"href":"http:\/\/klubmamgdynia.pl\/index.php\/wp-json\/wp\/v2\/product"}],"about":[{"href":"http:\/\/klubmamgdynia.pl\/index.php\/wp-json\/wp\/v2\/types\/product"}],"replies":[{"embeddable":true,"href":"http:\/\/klubmamgdynia.pl\/index.php\/wp-json\/wp\/v2\/comments?post=10273"}],"wp:featuredmedia":[{"embeddable":true,"href":"http:\/\/klubmamgdynia.pl\/index.php\/wp-json\/wp\/v2\/media\/10274"}],"wp:attachment":[{"href":"http:\/\/klubmamgdynia.pl\/index.php\/wp-json\/wp\/v2\/media?parent=10273"}],"wp:term":[{"taxonomy":"product_cat","embeddable":true,"href":"http:\/\/klubmamgdynia.pl\/index.php\/wp-json\/wp\/v2\/product_cat?post=10273"},{"taxonomy":"product_tag","embeddable":true,"href":"http:\/\/klubmamgdynia.pl\/index.php\/wp-json\/wp\/v2\/product_tag?post=10273"}],"curies":[{"name":"wp","href":"https:\/\/api.w.org\/{rel}","templated":true}]}}