{"id":10275,"date":"2014-06-17T07:54:25","date_gmt":"2014-06-17T05:54:25","guid":{"rendered":"http:\/\/klubmamgdynia.pl\/index.php\/produkt\/bee-bee-piornik-prostokat-hibiskus-rozowy\/"},"modified":"2026-04-04T00:55:00","modified_gmt":"2026-04-03T22:55:00","slug":"bee-bee-piornik-prostokat-hibiskus-rozowy","status":"publish","type":"product","link":"http:\/\/klubmamgdynia.pl\/index.php\/produkt\/bee-bee-piornik-prostokat-hibiskus-rozowy\/","title":{"rendered":"Bee-Bee Pi\u00f3rnik Prostok\u0105t Hibiskus R\u00f3\u017cowy"},"content":{"rendered":"<p>etui, saszetka b\u0105d\u017a pi\u00f3rnik prostok\u0105tmi\u0119kka ekosk\u00f3ra z wyrazist\u0105 faktur\u0105 imituj\u0105c\u0105 sk\u00f3r\u0119 naturaln\u0105podszewkaw oryginalnej kolorystyce z dobranym pod kolor suwakiemuchwyt metalowyzaprojektowano, wyprodukowano i uszyto w Polsce100% Made in Poland, 100% Made in European Unionwymiary: 21 cm x 5,5 cm x 5,5 cmidealny do plecaka zar\u00f3wno jako typowy, pojemny pi\u00f3rnik jak i podr\u0119czna kosmetyczkabardzo pojemny pi\u00f3rnik typu kostkakoloro&#8230;<\/p>\n<h2>Bee-Bee Pi\u00f3rnik Prostok\u0105t Hibiskus R\u00f3\u017cowy Bee-Bee<\/h2>\n<p>dorian, cicha noc po angielsku, jazda konna dla dzieci, kundel bury tekst, bajki na dobranoc psi patrol, liwia imi\u0119, jesienne zagadki, \u015bwinka peppa do czytania, cytaty na dzie\u0144 edukacji narodowej, obrazki do druku, testy z lektury opowie\u015bci z narnii lew czarownica i stara szafa, dziewczynka z parku pytania i odpowiedzi, ela znaczenie imienia, miriam imi\u0119, roczek prezenty, prezent dla nastolatk\u00f3w 2020, co kupi\u0107 na roczek dla ch\u0142opca<\/p>\n<p>yyyyy<\/p>\n<p>&nbsp;<\/p>\n","protected":false},"excerpt":{"rendered":"<p>etui, saszetka b\u0105d\u017a pi\u00f3rnik prostok\u0105tmi\u0119kka ekosk\u00f3ra z wyrazist\u0105 faktur\u0105 imituj\u0105c\u0105 sk\u00f3r\u0119 naturaln\u0105podszewkaw oryginalnej kolorystyce z dobranym pod kolor suwakiemuchwyt metalowyzaprojektowano, wyprodukowano i uszyto w Polsce100% Made in Poland, 100% Made in European Unionwymiary: 21 cm x 5,5 cm x 5,5 cmidealny do plecaka zar\u00f3wno jako typowy, pojemny pi\u00f3rnik jak i podr\u0119czna kosmetyczkabardzo pojemny pi\u00f3rnik typu [&hellip;]<\/p>\n","protected":false},"featured_media":10276,"comment_status":"closed","ping_status":"open","template":"","meta":[],"product_cat":[1901,976],"product_tag":[646,764,868,576],"class_list":["post-10275","product","type-product","status-publish","has-post-thumbnail","hentry","product_cat-bee-bee","product_cat-piorniki","product_tag-prezent-na-pierwsze-urodziny","product_tag-prezenty-na-roczek-dla-dziewczynki","product_tag-quizy-dla-dzieci","product_tag-trudne-zagadki"],"_links":{"self":[{"href":"http:\/\/klubmamgdynia.pl\/index.php\/wp-json\/wp\/v2\/product\/10275","targetHints":{"allow":["GET"]}}],"collection":[{"href":"http:\/\/klubmamgdynia.pl\/index.php\/wp-json\/wp\/v2\/product"}],"about":[{"href":"http:\/\/klubmamgdynia.pl\/index.php\/wp-json\/wp\/v2\/types\/product"}],"replies":[{"embeddable":true,"href":"http:\/\/klubmamgdynia.pl\/index.php\/wp-json\/wp\/v2\/comments?post=10275"}],"wp:featuredmedia":[{"embeddable":true,"href":"http:\/\/klubmamgdynia.pl\/index.php\/wp-json\/wp\/v2\/media\/10276"}],"wp:attachment":[{"href":"http:\/\/klubmamgdynia.pl\/index.php\/wp-json\/wp\/v2\/media?parent=10275"}],"wp:term":[{"taxonomy":"product_cat","embeddable":true,"href":"http:\/\/klubmamgdynia.pl\/index.php\/wp-json\/wp\/v2\/product_cat?post=10275"},{"taxonomy":"product_tag","embeddable":true,"href":"http:\/\/klubmamgdynia.pl\/index.php\/wp-json\/wp\/v2\/product_tag?post=10275"}],"curies":[{"name":"wp","href":"https:\/\/api.w.org\/{rel}","templated":true}]}}