{"id":10277,"date":"2017-02-13T19:14:21","date_gmt":"2017-02-13T18:14:21","guid":{"rendered":"http:\/\/klubmamgdynia.pl\/index.php\/produkt\/petit-collage-malpka\/"},"modified":"2026-04-29T15:40:26","modified_gmt":"2026-04-29T13:40:26","slug":"petit-collage-malpka","status":"publish","type":"product","link":"http:\/\/klubmamgdynia.pl\/index.php\/produkt\/petit-collage-malpka\/","title":{"rendered":"Petit Collage Ma\u0142pka"},"content":{"rendered":"<p>To wspania\u0142a gra, kt\u00f3ra \u0107wiczy pami\u0119\u0107 i spostrzegawczo\u015b\u0107,rozwija wyobra\u017ani\u0119 dziecka, ucz\u0105c je cierpliwo\u015bci.Idealna do zabawy w podr\u00f3\u017cy w domu lub z przyjaci\u00f3\u0142mi.Gra spe\u0142nia i przewy\u017csza wszystkie normy bezpiecze\u0144stwa.Liczba graczy: 2 do 4 graczyZasady gryGra 1:Rozdaj\u0105cy tasuje karty i rozdaje mi\u0119dzy uczestnik\u00f3w gry,niekt\u00f3rzy gracze mog\u0105 mie\u0107 wi\u0119cej kart od pozosta\u0142ych.Ka\u017cdy z graczy sprawdza swoje karty, je\u015bli ma jakie\u015b pary, wyjmuje je i k\u0142adzie przed sob\u0105.Najm\u0142odszy gracz rozpoczyna gr\u0119. Losuje kart\u0119 od wybranej przez siebie osoby.Wybrana osoba rozwija przed nim swoje karty, ale tak by by\u0142y zakryte.Je\u015bli wybrana karta pasuje do kt\u00f3rej\u015b z posiadanych kart gracz wyk\u0142ada par\u0119na st\u00f3\u0142, je\u015bli nie, wk\u0142ada j\u0105 do swoich kart.Kolejka przechodzi do nast\u0119pnego gracza. Gra ko\u0144czy si\u0119 gdy nie ma ju\u017c kart mog\u0105cych tworzy\u0107 pary.Ostatnia osoba kt\u00f3ra zostanie z g\u0142upi\u0105 ma\u0142pk\u0105 przegrywa!Wygrywa osoba z najwi\u0119ksz\u0105 ilo\u015bci\u0105 dopasowanych par.Gra 2: MemoryUsu\u0144 kart\u0119 ma\u0142pki z talii. Potasuj karty i roz\u0142\u00f3\u017c je, zakryte w rz\u0119dach na p\u0142askiej powierzchni.Najm\u0142odszy gracz rozpoczyna gr\u0119. Wybiera dwie, dowolne karty i odwraca je.Je\u015bli odkryte karty pasuj\u0105 do siebie, gracz zabiera je i k\u0142adzie przed sob\u0105.Je\u015bli karty nie pasuj\u0105 do siebie, odwraca je z powrotem, a kolejka przechodzi do nast\u0119pnego gracza.Gra trwa do momentu, a\u017c wszystkie karty zostan\u0105 dopasowane. Gracz z najwi\u0119ksz\u0105 liczb\u0105 par wygrywa.ZESTAW ZAWIERA: 43 kartyWYMIARY OPAKOWANIA: 7 x 10 x 2,5 cmWYMIARY KART: 6,4 x 8,9 cmWIEK: od 4 latGra jest nowa.Zapakowana w eleganckie, metalowe pude\u0142eczko, sprawi \u017ce wszystkie karty b\u0119d\u0105 w jednym miejscu.<\/p>\n<h2>Petit Collage Ma\u0142pka Petit Collage<\/h2>\n<p>test z lektury magiczne drzewo czerwone krzes\u0142o, dzie\u0144 matki w\u0142asnor\u0119czny prezent dla mamy od dziecka, imi\u0119 nela, quizy online, co kupi\u0107 nastolatce na \u015bwi\u0119ta, zagadka logiczna, maski do druku, \u015bmigus dyngus wiersz dla dzieci, zagadki matematyczne dla przedszkolak\u00f3w, logiczne zagadki, pierwsze urodziny prezent na roczek dla ch\u0142opca, rodzina cytaty<\/p>\n<p>yyyyy<\/p>\n<p>&nbsp;<\/p>\n","protected":false},"excerpt":{"rendered":"<p>To wspania\u0142a gra, kt\u00f3ra \u0107wiczy pami\u0119\u0107 i spostrzegawczo\u015b\u0107,rozwija wyobra\u017ani\u0119 dziecka, ucz\u0105c je cierpliwo\u015bci.Idealna do zabawy w podr\u00f3\u017cy w domu lub z przyjaci\u00f3\u0142mi.Gra spe\u0142nia i przewy\u017csza wszystkie normy bezpiecze\u0144stwa.Liczba graczy: 2 do 4 graczyZasady gryGra 1:Rozdaj\u0105cy tasuje karty i rozdaje mi\u0119dzy uczestnik\u00f3w gry,niekt\u00f3rzy gracze mog\u0105 mie\u0107 wi\u0119cej kart od pozosta\u0142ych.Ka\u017cdy z graczy sprawdza swoje karty, je\u015bli [&hellip;]<\/p>\n","protected":false},"featured_media":10278,"comment_status":"closed","ping_status":"open","template":"","meta":[],"product_cat":[130,1886],"product_tag":[662,676,629,800],"class_list":["post-10277","product","type-product","status-publish","has-post-thumbnail","hentry","product_cat-gry-dzieciece","product_cat-petit-collage","product_tag-bajki-na-dobranoc","product_tag-bursztynek","product_tag-smieszne-zagadki-z-odpowiedziami","product_tag-zagadki-smieszne"],"_links":{"self":[{"href":"http:\/\/klubmamgdynia.pl\/index.php\/wp-json\/wp\/v2\/product\/10277","targetHints":{"allow":["GET"]}}],"collection":[{"href":"http:\/\/klubmamgdynia.pl\/index.php\/wp-json\/wp\/v2\/product"}],"about":[{"href":"http:\/\/klubmamgdynia.pl\/index.php\/wp-json\/wp\/v2\/types\/product"}],"replies":[{"embeddable":true,"href":"http:\/\/klubmamgdynia.pl\/index.php\/wp-json\/wp\/v2\/comments?post=10277"}],"wp:featuredmedia":[{"embeddable":true,"href":"http:\/\/klubmamgdynia.pl\/index.php\/wp-json\/wp\/v2\/media\/10278"}],"wp:attachment":[{"href":"http:\/\/klubmamgdynia.pl\/index.php\/wp-json\/wp\/v2\/media?parent=10277"}],"wp:term":[{"taxonomy":"product_cat","embeddable":true,"href":"http:\/\/klubmamgdynia.pl\/index.php\/wp-json\/wp\/v2\/product_cat?post=10277"},{"taxonomy":"product_tag","embeddable":true,"href":"http:\/\/klubmamgdynia.pl\/index.php\/wp-json\/wp\/v2\/product_tag?post=10277"}],"curies":[{"name":"wp","href":"https:\/\/api.w.org\/{rel}","templated":true}]}}