{"id":10279,"date":"2011-04-19T01:17:57","date_gmt":"2011-04-18T23:17:57","guid":{"rendered":"http:\/\/klubmamgdynia.pl\/index.php\/produkt\/lisciani-giochi-puzzle-dwustronne-24el-nemo\/"},"modified":"2026-04-06T11:14:28","modified_gmt":"2026-04-06T09:14:28","slug":"lisciani-giochi-puzzle-dwustronne-24el-nemo","status":"publish","type":"product","link":"http:\/\/klubmamgdynia.pl\/index.php\/produkt\/lisciani-giochi-puzzle-dwustronne-24el-nemo\/","title":{"rendered":"Lisciani Giochi Puzzle Dwustronne 24El. Nemo"},"content":{"rendered":"<p>Puzzle Double-Face firmy Lisciani to naprawd\u0119 wyj\u0105tkowa zabawka. To nie tylko puzzle do uk\u0142adania: na odwrocie dzieci mog\u0105 go r\u00f3wnie\u017c pokolorowa\u0107. To dodatkowa zabawa pozwalaj\u0105ca na nieskr\u0119powany wyraz dzieci\u0119cej wyobra\u017ani i kreatywno\u015bci.<\/p>\n<h2>Lisciani Giochi Puzzle Dwustronne 24El. Nemo Lisciani Giochi<\/h2>\n<p>co kupi\u0107 nastolatce na urodziny, atrakcje we wroc\u0142awiu dla dzieci, dzieci.pl, zabawki na roczek dla dziewczynki, zaproszenia na urodziny do wydruku czarno bia\u0142e, zagadki rymowanki dla dzieci, ferie zimowe 2022 warszawa, atrakcje dla dzieci wroclaw, sporty po francusku, wierszyk o marzannie, mapa polski do wydrukowania za darmo, wroc\u0142aw atrakcje dla dzieci 2021, kolorowanka lato, co mo\u017cna zrobi\u0107 z rolek po papierze toaletowym, glupie zagadki, kolorowanki dla dziewczyn<\/p>\n<p>yyyyy<\/p>\n<p>&nbsp;<\/p>\n","protected":false},"excerpt":{"rendered":"<p>Puzzle Double-Face firmy Lisciani to naprawd\u0119 wyj\u0105tkowa zabawka. To nie tylko puzzle do uk\u0142adania: na odwrocie dzieci mog\u0105 go r\u00f3wnie\u017c pokolorowa\u0107. To dodatkowa zabawa pozwalaj\u0105ca na nieskr\u0119powany wyraz dzieci\u0119cej wyobra\u017ani i kreatywno\u015bci. Lisciani Giochi Puzzle Dwustronne 24El. Nemo Lisciani Giochi co kupi\u0107 nastolatce na urodziny, atrakcje we wroc\u0142awiu dla dzieci, dzieci.pl, zabawki na roczek dla [&hellip;]<\/p>\n","protected":false},"featured_media":10280,"comment_status":"closed","ping_status":"open","template":"","meta":[],"product_cat":[553,90],"product_tag":[719,808,862,866,708],"class_list":["post-10279","product","type-product","status-publish","has-post-thumbnail","hentry","product_cat-lisciani-giochi","product_cat-puzzle","product_tag-dziecko-cytaty-zlote-mysli","product_tag-imie-mia","product_tag-nasza-zima-zla-tekst","product_tag-opis-do-zdjecia-dziecka-na-fb","product_tag-zabawy-ruchowe-dla-dzieci"],"_links":{"self":[{"href":"http:\/\/klubmamgdynia.pl\/index.php\/wp-json\/wp\/v2\/product\/10279","targetHints":{"allow":["GET"]}}],"collection":[{"href":"http:\/\/klubmamgdynia.pl\/index.php\/wp-json\/wp\/v2\/product"}],"about":[{"href":"http:\/\/klubmamgdynia.pl\/index.php\/wp-json\/wp\/v2\/types\/product"}],"replies":[{"embeddable":true,"href":"http:\/\/klubmamgdynia.pl\/index.php\/wp-json\/wp\/v2\/comments?post=10279"}],"wp:featuredmedia":[{"embeddable":true,"href":"http:\/\/klubmamgdynia.pl\/index.php\/wp-json\/wp\/v2\/media\/10280"}],"wp:attachment":[{"href":"http:\/\/klubmamgdynia.pl\/index.php\/wp-json\/wp\/v2\/media?parent=10279"}],"wp:term":[{"taxonomy":"product_cat","embeddable":true,"href":"http:\/\/klubmamgdynia.pl\/index.php\/wp-json\/wp\/v2\/product_cat?post=10279"},{"taxonomy":"product_tag","embeddable":true,"href":"http:\/\/klubmamgdynia.pl\/index.php\/wp-json\/wp\/v2\/product_tag?post=10279"}],"curies":[{"name":"wp","href":"https:\/\/api.w.org\/{rel}","templated":true}]}}