{"id":1028,"date":"2013-03-10T05:25:17","date_gmt":"2013-03-10T04:25:17","guid":{"rendered":"http:\/\/klubmamgdynia.pl\/index.php\/produkt\/spin-master-zoobles-transformujaca-figurka-z-girlz-snowfie-akcesoria-happitat-20134946\/"},"modified":"2026-04-27T00:47:37","modified_gmt":"2026-04-26T22:47:37","slug":"spin-master-zoobles-transformujaca-figurka-z-girlz-snowfie-akcesoria-happitat-20134946","status":"publish","type":"product","link":"http:\/\/klubmamgdynia.pl\/index.php\/produkt\/spin-master-zoobles-transformujaca-figurka-z-girlz-snowfie-akcesoria-happitat-20134946\/","title":{"rendered":"Spin Master Zoobles Transformuj\u0105ca Figurka Z Girlz Snowfie + Akcesoria Happitat 20134946"},"content":{"rendered":"<p>Witamy w cudownym \u015bwiecie Zoobles, w kt\u00f3rym ka\u017cda figurka przechodzi magiczn\u0105 transformacj\u0119! Zestaw zawiera jedn\u0105 figurk\u0119 Zoobles Z-Girls, tematyczny Happitat oraz list\u0119 figurek kolekcjonerskich. Wszystkie Zoobles Z-Girlz charakteryzuj\u0105 si\u0119 ekscytuj\u0105c\u0105 2-stopniow\u0105 transformacj\u0105. Zaczynaj\u0105 jako kolorowa kula i otwieraj\u0105 si\u0119 na przes\u0142odkie zwierz\u0119, kiedy wtaczasz je w ich Happitat. Po prostu upu\u015b\u0107 lub przeturlaj kul\u0119 nad punktem Happitatu, a Twoja Z-Girl magicznie o\u017cyje, ods\u0142aniaj\u0105c zwierzaka Zoobles. Nast\u0119pnie pog\u0142aszcz i naci\u015bnij g\u0142ow\u0119 swojej postaci, aby mog\u0142a przekszta\u0142ci\u0107 si\u0119 w modn\u0105 Zoobles Z-Girl. Pchnij w d\u00f3\u0142, aby zresetowa\u0107 swoj\u0105 posta\u0107 z powrotem do formy kuli, a nast\u0119pnie rzucaj i przekszta\u0142caj j\u0105 raz za razem. Ka\u017cda z ma\u0142ych figurek Zoobles Z-Girlz ma odwa\u017cne wzory, kolory i detale oraz sw\u00f3j niepowtarzalny styl. Zbierz wszystkie 12 Zoobles Z-Girlz (zestawy sprzedawane oddzielnie), aby zbudowa\u0107 sw\u00f3j w\u0142asny \u015bwiat Zoobles, tworz\u0105c idealn\u0105 przestrze\u0144 do zabawy!Zawarto\u015b\u0107 i cechy zestawu:Zoobles Z-Girlz Tematyczny HappiatLista figurekInstrukcjaCena dotyczy: Zoobles &#8211; Transformuj\u0105ca Figurka Z-Girlz Snowfie + Akcesoria Happitat 20134946<\/p>\n<h2>Spin Master Zoobles Transformuj\u0105ca Figurka Z Girlz Snowfie + Akcesoria Happitat 20134946 Spin Master<\/h2>\n<p>wz\u00f3r drzewo genealogiczne szablon do wydruku, historia pluszowego misia dla dzieci, kartka walentynkowa r\u0119cznie robiona \u0142atwa, gra kulki, imi\u0119 nadia, najrzadsze imiona w polsce, kotek kolorowanka do druku, prezent pod choink\u0119 dla 7 letniej dziewczynki, filmy disneya, quiz zemsta, jakie prezenty na roczek, atrakcje dla dzieci w warszawie dzi\u015b, mia imie<\/p>\n<p>yyyyy<\/p>\n<p>&nbsp;<\/p>\n","protected":false},"excerpt":{"rendered":"<p>Witamy w cudownym \u015bwiecie Zoobles, w kt\u00f3rym ka\u017cda figurka przechodzi magiczn\u0105 transformacj\u0119! Zestaw zawiera jedn\u0105 figurk\u0119 Zoobles Z-Girls, tematyczny Happitat oraz list\u0119 figurek kolekcjonerskich. Wszystkie Zoobles Z-Girlz charakteryzuj\u0105 si\u0119 ekscytuj\u0105c\u0105 2-stopniow\u0105 transformacj\u0105. Zaczynaj\u0105 jako kolorowa kula i otwieraj\u0105 si\u0119 na przes\u0142odkie zwierz\u0119, kiedy wtaczasz je w ich Happitat. Po prostu upu\u015b\u0107 lub przeturlaj kul\u0119 nad [&hellip;]<\/p>\n","protected":false},"featured_media":1029,"comment_status":"closed","ping_status":"open","template":"","meta":[],"product_cat":[95,94],"product_tag":[673,843,625,597],"class_list":["post-1028","product","type-product","status-publish","has-post-thumbnail","hentry","product_cat-figurki-makiety-i-zestawy","product_cat-spin-master","product_tag-juz-blisko-koleda-tekst","product_tag-smieszne-zagadki-dla-dzieci","product_tag-trojmiasto-atrakcje-dla-dzieci","product_tag-zagadki-o-zimie"],"_links":{"self":[{"href":"http:\/\/klubmamgdynia.pl\/index.php\/wp-json\/wp\/v2\/product\/1028","targetHints":{"allow":["GET"]}}],"collection":[{"href":"http:\/\/klubmamgdynia.pl\/index.php\/wp-json\/wp\/v2\/product"}],"about":[{"href":"http:\/\/klubmamgdynia.pl\/index.php\/wp-json\/wp\/v2\/types\/product"}],"replies":[{"embeddable":true,"href":"http:\/\/klubmamgdynia.pl\/index.php\/wp-json\/wp\/v2\/comments?post=1028"}],"wp:featuredmedia":[{"embeddable":true,"href":"http:\/\/klubmamgdynia.pl\/index.php\/wp-json\/wp\/v2\/media\/1029"}],"wp:attachment":[{"href":"http:\/\/klubmamgdynia.pl\/index.php\/wp-json\/wp\/v2\/media?parent=1028"}],"wp:term":[{"taxonomy":"product_cat","embeddable":true,"href":"http:\/\/klubmamgdynia.pl\/index.php\/wp-json\/wp\/v2\/product_cat?post=1028"},{"taxonomy":"product_tag","embeddable":true,"href":"http:\/\/klubmamgdynia.pl\/index.php\/wp-json\/wp\/v2\/product_tag?post=1028"}],"curies":[{"name":"wp","href":"https:\/\/api.w.org\/{rel}","templated":true}]}}