{"id":10281,"date":"2010-12-31T20:09:47","date_gmt":"2010-12-31T19:09:47","guid":{"rendered":"http:\/\/klubmamgdynia.pl\/index.php\/produkt\/jovi-fartuszek-ochronny-3-5-lat-farby-ciastolina\/"},"modified":"2026-05-01T15:59:26","modified_gmt":"2026-05-01T13:59:26","slug":"jovi-fartuszek-ochronny-3-5-lat-farby-ciastolina","status":"publish","type":"product","link":"http:\/\/klubmamgdynia.pl\/index.php\/produkt\/jovi-fartuszek-ochronny-3-5-lat-farby-ciastolina\/","title":{"rendered":"Jovi Fartuszek Ochronny 3 5 Lat Farby Ciastolina"},"content":{"rendered":"<p>FARTUSZEK OCHRONNY 3-5 LAT FARBY CIASTOLINAFartuch dla dzieci w wieku przedszkolnym chroni\u0105cy przed plamami i zabrudzeniami.Zalecany od 3 do 5 lat.D\u0142ugo\u015b\u0107 r\u0119kawa 40 cm i d\u0142ugo\u015b\u0107 fartuszka (od szyji w d\u00f3\u0142) 53 cm.Elastyczne mankiety u\u0142atwiaj\u0105ce dopasowanie do ramienia dziecka.PRZEZNACZONY DLA DZIECI: 3-5 latAUKCJA DOTYCZY:1 szt. fartuszek niebieski 3-5 latWYMIARY OPAKOWANIA: 21 x 30 x 0,3 cm<\/p>\n<h2>Jovi Fartuszek Ochronny 3 5 Lat Farby Ciastolina Jovi<\/h2>\n<p>gry z pi\u0142k\u0105, pawe\u0142, na wyspach bergamutach, ciekawe zagadki i odpowiedzi, trudne zagadki matematyczne, postacie z bajek kolorowanki do wydrukowania, testy z lektury tajemniczy ogr\u00f3d, zagadki dla doros\u0142ych z odpowiedziami, peppa do czytania, bajka terapeutyczna o z\u0142o\u015bci pdf, co na roczek, rado\u015b\u0107 dziecka cytaty, z\u0142ote my\u015bli kr\u00f3tkie, esmeralda, kolorowanka prezent, kolorowanki winx, bajka o \u017cabie, buziak gify na dobranoc smieszne, zagadki logiczne<\/p>\n<p>yyyyy<\/p>\n<p>&nbsp;<\/p>\n","protected":false},"excerpt":{"rendered":"<p>FARTUSZEK OCHRONNY 3-5 LAT FARBY CIASTOLINAFartuch dla dzieci w wieku przedszkolnym chroni\u0105cy przed plamami i zabrudzeniami.Zalecany od 3 do 5 lat.D\u0142ugo\u015b\u0107 r\u0119kawa 40 cm i d\u0142ugo\u015b\u0107 fartuszka (od szyji w d\u00f3\u0142) 53 cm.Elastyczne mankiety u\u0142atwiaj\u0105ce dopasowanie do ramienia dziecka.PRZEZNACZONY DLA DZIECI: 3-5 latAUKCJA DOTYCZY:1 szt. fartuszek niebieski 3-5 latWYMIARY OPAKOWANIA: 21 x 30 x 0,3 [&hellip;]<\/p>\n","protected":false},"featured_media":10282,"comment_status":"closed","ping_status":"open","template":"","meta":[],"product_cat":[1900,297],"product_tag":[839,853,814,651,737,604],"class_list":["post-10281","product","type-product","status-publish","has-post-thumbnail","hentry","product_cat-jovi","product_cat-szkolne-artykuly-plastyczne","product_tag-bajki-na-dobranoc-do-czytania","product_tag-kolorowanki-do-druku-dla-doroslych","product_tag-prezenty-dla-nastolatek","product_tag-quizy-online","product_tag-test-z-lektury-felix-net-i-nika-oraz-gang-niewidzialnych-ludzi","product_tag-zagadki-trudne"],"_links":{"self":[{"href":"http:\/\/klubmamgdynia.pl\/index.php\/wp-json\/wp\/v2\/product\/10281","targetHints":{"allow":["GET"]}}],"collection":[{"href":"http:\/\/klubmamgdynia.pl\/index.php\/wp-json\/wp\/v2\/product"}],"about":[{"href":"http:\/\/klubmamgdynia.pl\/index.php\/wp-json\/wp\/v2\/types\/product"}],"replies":[{"embeddable":true,"href":"http:\/\/klubmamgdynia.pl\/index.php\/wp-json\/wp\/v2\/comments?post=10281"}],"wp:featuredmedia":[{"embeddable":true,"href":"http:\/\/klubmamgdynia.pl\/index.php\/wp-json\/wp\/v2\/media\/10282"}],"wp:attachment":[{"href":"http:\/\/klubmamgdynia.pl\/index.php\/wp-json\/wp\/v2\/media?parent=10281"}],"wp:term":[{"taxonomy":"product_cat","embeddable":true,"href":"http:\/\/klubmamgdynia.pl\/index.php\/wp-json\/wp\/v2\/product_cat?post=10281"},{"taxonomy":"product_tag","embeddable":true,"href":"http:\/\/klubmamgdynia.pl\/index.php\/wp-json\/wp\/v2\/product_tag?post=10281"}],"curies":[{"name":"wp","href":"https:\/\/api.w.org\/{rel}","templated":true}]}}