{"id":10283,"date":"2010-10-23T06:12:16","date_gmt":"2010-10-23T04:12:16","guid":{"rendered":"http:\/\/klubmamgdynia.pl\/index.php\/produkt\/zestaw-gumek-do-scierania-w-muszelce-temperowce-topmodel-mermaid-5735a\/"},"modified":"2026-05-17T22:46:50","modified_gmt":"2026-05-17T20:46:50","slug":"zestaw-gumek-do-scierania-w-muszelce-temperowce-topmodel-mermaid-5735a","status":"publish","type":"product","link":"http:\/\/klubmamgdynia.pl\/index.php\/produkt\/zestaw-gumek-do-scierania-w-muszelce-temperowce-topmodel-mermaid-5735a\/","title":{"rendered":"Zestaw Gumek Do \u015acierania W Muszelce Temper\u00f3wce Topmodel Mermaid 5735A"},"content":{"rendered":"<p>Zestaw muszelka Fantasy Model. Muszelka to temper\u00f3wka, w muszelce znajduj\u0105 trzy gumki: rozgwiazda, per\u0142a i syrenka. 2 wzory muszli do wyboru: niebieska lub r\u00f3\u017cowa.<\/p>\n<h2>Zestaw Gumek Do \u015acierania W Muszelce Temper\u00f3wce Topmodel Mermaid 5735A Depesche<\/h2>\n<p>zgadywanki, atrakcje dla nastolatk\u00f3w, test z lektury opowie\u015bci z narni lew czarownica i stara szafa, dinozaury kolorowanki, ida swieta wielkanocne ida swieta<\/p>\n<p>yyyyy<\/p>\n<p>&nbsp;<\/p>\n","protected":false},"excerpt":{"rendered":"<p>Zestaw muszelka Fantasy Model. Muszelka to temper\u00f3wka, w muszelce znajduj\u0105 trzy gumki: rozgwiazda, per\u0142a i syrenka. 2 wzory muszli do wyboru: niebieska lub r\u00f3\u017cowa. Zestaw Gumek Do \u015acierania W Muszelce Temper\u00f3wce Topmodel Mermaid 5735A Depesche zgadywanki, atrakcje dla nastolatk\u00f3w, test z lektury opowie\u015bci z narni lew czarownica i stara szafa, dinozaury kolorowanki, ida swieta wielkanocne [&hellip;]<\/p>\n","protected":false},"featured_media":10284,"comment_status":"closed","ping_status":"open","template":"","meta":[],"product_cat":[1826,962],"product_tag":[797,806,741,623],"class_list":["post-10283","product","type-product","status-publish","has-post-thumbnail","hentry","product_cat-depesche","product_cat-szkolne-przybory-do-pisania","product_tag-kiekrz","product_tag-prezent-dla-dziecka-na-roczek","product_tag-wlochy","product_tag-zagadki-logiczne-smieszne"],"_links":{"self":[{"href":"http:\/\/klubmamgdynia.pl\/index.php\/wp-json\/wp\/v2\/product\/10283","targetHints":{"allow":["GET"]}}],"collection":[{"href":"http:\/\/klubmamgdynia.pl\/index.php\/wp-json\/wp\/v2\/product"}],"about":[{"href":"http:\/\/klubmamgdynia.pl\/index.php\/wp-json\/wp\/v2\/types\/product"}],"replies":[{"embeddable":true,"href":"http:\/\/klubmamgdynia.pl\/index.php\/wp-json\/wp\/v2\/comments?post=10283"}],"wp:featuredmedia":[{"embeddable":true,"href":"http:\/\/klubmamgdynia.pl\/index.php\/wp-json\/wp\/v2\/media\/10284"}],"wp:attachment":[{"href":"http:\/\/klubmamgdynia.pl\/index.php\/wp-json\/wp\/v2\/media?parent=10283"}],"wp:term":[{"taxonomy":"product_cat","embeddable":true,"href":"http:\/\/klubmamgdynia.pl\/index.php\/wp-json\/wp\/v2\/product_cat?post=10283"},{"taxonomy":"product_tag","embeddable":true,"href":"http:\/\/klubmamgdynia.pl\/index.php\/wp-json\/wp\/v2\/product_tag?post=10283"}],"curies":[{"name":"wp","href":"https:\/\/api.w.org\/{rel}","templated":true}]}}