{"id":10287,"date":"2011-08-18T23:54:17","date_gmt":"2011-08-18T21:54:17","guid":{"rendered":"http:\/\/klubmamgdynia.pl\/index.php\/produkt\/zeszyt-a5-32k-linia-minnie-mouse-minnie-mouse\/"},"modified":"2026-04-04T10:27:19","modified_gmt":"2026-04-04T08:27:19","slug":"zeszyt-a5-32k-linia-minnie-mouse-minnie-mouse","status":"publish","type":"product","link":"http:\/\/klubmamgdynia.pl\/index.php\/produkt\/zeszyt-a5-32k-linia-minnie-mouse-minnie-mouse\/","title":{"rendered":"Zeszyt A5\/32K. Linia Minnie Mouse Minnie Mouse"},"content":{"rendered":"<p>Zeszyt A5\/32k. Linia Minnie Mouse<\/p>\n<h2>Zeszyt A5\/32K. Linia Minnie Mouse Minnie Mouse Beniamin<\/h2>\n<p>hymn g\u00f3rniczy, co kupi\u0107 na roczek dla ch\u0142opca, zaproszenie na urodziny do druku, quiz o psie kt\u00f3ry je\u017adzi\u0142 kolej\u0105, quizy geograficzne, zagadki o zimie, wierszyk o wakacjach, opowie\u015bci z narni test, kreatywne zabawy dla 10 latka, pomys\u0142 na prezent dla nastolatka, maska batmana do druku, opowie\u015bci z narnii lew czarownica i stara szafa quiz, prezenty na roczek dla ch\u0142opca, jesienne piosenki dla dzieci, jak narysowa\u0107 kr\u00f3lika, miastodzieci<\/p>\n<p>yyyyy<\/p>\n<p>&nbsp;<\/p>\n","protected":false},"excerpt":{"rendered":"<p>Zeszyt A5\/32k. Linia Minnie Mouse Zeszyt A5\/32K. Linia Minnie Mouse Minnie Mouse Beniamin hymn g\u00f3rniczy, co kupi\u0107 na roczek dla ch\u0142opca, zaproszenie na urodziny do druku, quiz o psie kt\u00f3ry je\u017adzi\u0142 kolej\u0105, quizy geograficzne, zagadki o zimie, wierszyk o wakacjach, opowie\u015bci z narni test, kreatywne zabawy dla 10 latka, pomys\u0142 na prezent dla nastolatka, maska [&hellip;]<\/p>\n","protected":false},"featured_media":10288,"comment_status":"closed","ping_status":"open","template":"","meta":[],"product_cat":[1376,325],"product_tag":[643,737,724,600],"class_list":["post-10287","product","type-product","status-publish","has-post-thumbnail","hentry","product_cat-beniamin","product_cat-szkolne-artykuly-papiernicze","product_tag-prezent-dla-17-latki","product_tag-test-z-lektury-felix-net-i-nika-oraz-gang-niewidzialnych-ludzi","product_tag-zagadki-podchwytliwe","product_tag-zaproszenia-na-urodziny-do-druku"],"_links":{"self":[{"href":"http:\/\/klubmamgdynia.pl\/index.php\/wp-json\/wp\/v2\/product\/10287","targetHints":{"allow":["GET"]}}],"collection":[{"href":"http:\/\/klubmamgdynia.pl\/index.php\/wp-json\/wp\/v2\/product"}],"about":[{"href":"http:\/\/klubmamgdynia.pl\/index.php\/wp-json\/wp\/v2\/types\/product"}],"replies":[{"embeddable":true,"href":"http:\/\/klubmamgdynia.pl\/index.php\/wp-json\/wp\/v2\/comments?post=10287"}],"wp:featuredmedia":[{"embeddable":true,"href":"http:\/\/klubmamgdynia.pl\/index.php\/wp-json\/wp\/v2\/media\/10288"}],"wp:attachment":[{"href":"http:\/\/klubmamgdynia.pl\/index.php\/wp-json\/wp\/v2\/media?parent=10287"}],"wp:term":[{"taxonomy":"product_cat","embeddable":true,"href":"http:\/\/klubmamgdynia.pl\/index.php\/wp-json\/wp\/v2\/product_cat?post=10287"},{"taxonomy":"product_tag","embeddable":true,"href":"http:\/\/klubmamgdynia.pl\/index.php\/wp-json\/wp\/v2\/product_tag?post=10287"}],"curies":[{"name":"wp","href":"https:\/\/api.w.org\/{rel}","templated":true}]}}