{"id":10289,"date":"2020-09-09T13:28:02","date_gmt":"2020-09-09T11:28:02","guid":{"rendered":"http:\/\/klubmamgdynia.pl\/index.php\/produkt\/beniamin-plecak-mlodziezowy-z-raczka-czarny-basic\/"},"modified":"2026-04-05T00:08:19","modified_gmt":"2026-04-04T22:08:19","slug":"beniamin-plecak-mlodziezowy-z-raczka-czarny-basic","status":"publish","type":"product","link":"http:\/\/klubmamgdynia.pl\/index.php\/produkt\/beniamin-plecak-mlodziezowy-z-raczka-czarny-basic\/","title":{"rendered":"Beniamin Plecak M\u0142odzie\u017cowy Z R\u0105czk\u0105 Czarny Basic"},"content":{"rendered":"<p>Posiada dwie g\u0142\u00f3wne kieszenie z przegr\u00f3dkami na dokumenty, telefon, tablet, laptopa, na froncie uko\u015bna kieszonka zapinana na zamek, metalowa r\u0105czka.Wymiary: 30 x 41 x 9,5 cm<\/p>\n<h2>Beniamin Plecak M\u0142odzie\u017cowy Z R\u0105czk\u0105 Czarny Basic Beniamin<\/h2>\n<p>zagadki matematyczne dla dzieci, kondrad imie, ja\u015bmina, prezent na roczek dziewczynka, zabawy halloweenowe dla dzieci, \u017carty na prima aprilis dla mamy, \u0142amig\u0142\u00f3wki dla dzieci do wydruku, wiosenna kolorowanka, zagadka dla dzieci, pawe\u0142, lato lato lato czeka tekst<\/p>\n<p>yyyyy<\/p>\n<p>&nbsp;<\/p>\n","protected":false},"excerpt":{"rendered":"<p>Posiada dwie g\u0142\u00f3wne kieszenie z przegr\u00f3dkami na dokumenty, telefon, tablet, laptopa, na froncie uko\u015bna kieszonka zapinana na zamek, metalowa r\u0105czka.Wymiary: 30 x 41 x 9,5 cm Beniamin Plecak M\u0142odzie\u017cowy Z R\u0105czk\u0105 Czarny Basic Beniamin zagadki matematyczne dla dzieci, kondrad imie, ja\u015bmina, prezent na roczek dziewczynka, zabawy halloweenowe dla dzieci, \u017carty na prima aprilis dla mamy, [&hellip;]<\/p>\n","protected":false},"featured_media":10290,"comment_status":"closed","ping_status":"open","template":"","meta":[],"product_cat":[1376,329],"product_tag":[671,722,689,690,595,788],"class_list":["post-10289","product","type-product","status-publish","has-post-thumbnail","hentry","product_cat-beniamin","product_cat-plecaki-szkolne","product_tag-cicha-noc-po-angielsku-tekst","product_tag-cytaty-o-przyjazni","product_tag-linda","product_tag-pieski-male-dwa-tekst","product_tag-zagadki-dla-6-latka","product_tag-zagadki-krotkie"],"_links":{"self":[{"href":"http:\/\/klubmamgdynia.pl\/index.php\/wp-json\/wp\/v2\/product\/10289","targetHints":{"allow":["GET"]}}],"collection":[{"href":"http:\/\/klubmamgdynia.pl\/index.php\/wp-json\/wp\/v2\/product"}],"about":[{"href":"http:\/\/klubmamgdynia.pl\/index.php\/wp-json\/wp\/v2\/types\/product"}],"replies":[{"embeddable":true,"href":"http:\/\/klubmamgdynia.pl\/index.php\/wp-json\/wp\/v2\/comments?post=10289"}],"wp:featuredmedia":[{"embeddable":true,"href":"http:\/\/klubmamgdynia.pl\/index.php\/wp-json\/wp\/v2\/media\/10290"}],"wp:attachment":[{"href":"http:\/\/klubmamgdynia.pl\/index.php\/wp-json\/wp\/v2\/media?parent=10289"}],"wp:term":[{"taxonomy":"product_cat","embeddable":true,"href":"http:\/\/klubmamgdynia.pl\/index.php\/wp-json\/wp\/v2\/product_cat?post=10289"},{"taxonomy":"product_tag","embeddable":true,"href":"http:\/\/klubmamgdynia.pl\/index.php\/wp-json\/wp\/v2\/product_tag?post=10289"}],"curies":[{"name":"wp","href":"https:\/\/api.w.org\/{rel}","templated":true}]}}