{"id":10291,"date":"2013-09-29T09:53:38","date_gmt":"2013-09-29T07:53:38","guid":{"rendered":"http:\/\/klubmamgdynia.pl\/index.php\/produkt\/mudpuppy-zestaw-4-gier-memo-bingo-domino-i-kolo-fortuny-transport-mp49186\/"},"modified":"2026-05-17T22:03:38","modified_gmt":"2026-05-17T20:03:38","slug":"mudpuppy-zestaw-4-gier-memo-bingo-domino-i-kolo-fortuny-transport-mp49186","status":"publish","type":"product","link":"http:\/\/klubmamgdynia.pl\/index.php\/produkt\/mudpuppy-zestaw-4-gier-memo-bingo-domino-i-kolo-fortuny-transport-mp49186\/","title":{"rendered":"Mudpuppy Zestaw 4 gier Memo, Bingo, Domino i Ko\u0142o fortuny Transport (MP49186)"},"content":{"rendered":"<p>Zestaw 4 gier Transport ameryka\u0144skiej marki MUDPUPPY to nieko\u0144cz\u0105ca si\u0119 zabawa. Znajduj\u0105 si\u0119 w nim: memory, domino, bingo i ko\u0142o fortuny \u2013 w sumie ponad 100 element\u00f3w, niezb\u0119dnych do toczenia zaci\u0119tych rozgrywek. Karty, \u017cetony i plansze maj\u0105 \u0142adny design i przyjazne kolory (bia\u0142y, szary, niebieski, granatowy, czerwony i \u017c\u00f3\u0142ty), a obrazki na nich to r\u00f3\u017cne \u015brodki transportu (np. \u0142\u00f3d\u017a podwodna, rower, radiow\u00f3z czy rakieta kosmiczna). Autork\u0105 ilustracji jest Irene Chan \u2013 artystka i projektantka z USA o dalekowschodnich korzeniach. Wszystkie elementy zosta\u0142y wykonane z solidnego kartonu, pochodz\u0105cego z recyklingu. Gry te to wspania\u0142a rozrywka zar\u00f3wno dla dzieci, jak i doros\u0142ych. \u0106wicz\u0105 pami\u0119\u0107, ucz\u0105 cierpliwo\u015bci i skupienia. Zestaw zapakowany jest w estetyczne, solidne kartonowe pude\u0142ko, kt\u00f3re mo\u017ce jednocze\u015bnie stanowi\u0107 podk\u0142adk\u0119 pod gry, np. w podr\u00f3\u017cy. Idealnie nadaje si\u0119 tak\u017ce na prezent. Gry rozwijaj\u0105 my\u015blenie strategiczne i planowanie, ucz\u0105 rozwi\u0105zywania problem\u00f3w i wyostrzaj\u0105 pami\u0119\u0107. MUDPUPPY si\u0119ga po klasyczne formaty gier, nadaj\u0105c im nowe szaty \u2013 lubiane przez dzieci motywy, pi\u0119kne kolory i por\u0119czny format, kt\u00f3ry sprawdza si\u0119 w domu i w podr\u00f3\u017cy. liczba element\u00f3w: ponad 100 Wiek: zabawka dla dzieci od 3 roku \u017cycia Materia\u0142: karton Funkcje edukacyjne zabawki: rozwija my\u015blenie strategiczne i planowanie, uczy rozwi\u0105zywania problem\u00f3w i wyostrza pami\u0119\u0107 Wymiary opakowania: 24 x 24 x 5 cm O producencie: Mudpuppy Ameryka\u0144ska marka zabawek edukacyjnych MUDPUPPY powsta\u0142a w 1992 roku. Dzi\u015b jest znana na ca\u0142ym \u015bwiecie i cieszy si\u0119 powszechnym zaufaniem rodzic\u00f3w. Skupia si\u0119 na tworzeniu produkt\u00f3w, zach\u0119caj\u0105cych dzieci do tw\u00f3rczej aktywno\u015bci, a przy tym wspieraj\u0105cych ich rozw\u00f3j i stymuluj\u0105cych wyobra\u017ani\u0119. Oferta marki to g\u0142\u00f3wnie puzzle, gry, uk\u0142adanki oraz zestawy kreatywne, w tym tematyczne komplety magnes\u00f3w czy naklejek.Projekty MUDPUPPY inspirowane s\u0105 sztuk\u0105, m. in. ilustracj\u0105 dla dzieci. Marka stale wsp\u00f3\u0142pracuje ze wsp\u00f3\u0142czesnymi artystami, a jej produkty s\u0105 wci\u0105\u017c nagradzane za kreatywno\u015b\u0107, u\u017cyteczno\u015b\u0107 i innowacyjno\u015b\u0107.<\/p>\n<h2>Mudpuppy Zestaw 4 gier Memo, Bingo, Domino i Ko\u0142o fortuny Transport (MP49186) Mudpuppy<\/h2>\n<p>\u017cyczenia bo\u017ce narodzenie oryginalne, prezenty na roczek, ci\u0119\u017ckie zagadki, aaa kotki dwa tekst, minecraft kolorowanki, ry\u017c z owocami, wierszyki na \u015bmigus dyngus, henryk, co kupi\u0107 nastolatce na urodziny, piosenki o wakacjach, co dla dziecka na roczek, dobre zagadki logiczne, karty pracy dla uczni\u00f3w z ukrainy<\/p>\n<p>yyyyy<\/p>\n<p>&nbsp;<\/p>\n","protected":false},"excerpt":{"rendered":"<p>Zestaw 4 gier Transport ameryka\u0144skiej marki MUDPUPPY to nieko\u0144cz\u0105ca si\u0119 zabawa. Znajduj\u0105 si\u0119 w nim: memory, domino, bingo i ko\u0142o fortuny \u2013 w sumie ponad 100 element\u00f3w, niezb\u0119dnych do toczenia zaci\u0119tych rozgrywek. Karty, \u017cetony i plansze maj\u0105 \u0142adny design i przyjazne kolory (bia\u0142y, szary, niebieski, granatowy, czerwony i \u017c\u00f3\u0142ty), a obrazki na nich to r\u00f3\u017cne [&hellip;]<\/p>\n","protected":false},"featured_media":10292,"comment_status":"closed","ping_status":"open","template":"","meta":[],"product_cat":[130,1344],"product_tag":[817,839,763,769,606],"class_list":["post-10291","product","type-product","status-publish","has-post-thumbnail","hentry","product_cat-gry-dzieciece","product_cat-mudpuppy","product_tag-bajka-terapeutyczna-o-emocjach","product_tag-bajki-na-dobranoc-do-czytania","product_tag-fabian","product_tag-psi-patrol-do-czytania","product_tag-stala-pod-sniegiem"],"_links":{"self":[{"href":"http:\/\/klubmamgdynia.pl\/index.php\/wp-json\/wp\/v2\/product\/10291","targetHints":{"allow":["GET"]}}],"collection":[{"href":"http:\/\/klubmamgdynia.pl\/index.php\/wp-json\/wp\/v2\/product"}],"about":[{"href":"http:\/\/klubmamgdynia.pl\/index.php\/wp-json\/wp\/v2\/types\/product"}],"replies":[{"embeddable":true,"href":"http:\/\/klubmamgdynia.pl\/index.php\/wp-json\/wp\/v2\/comments?post=10291"}],"wp:featuredmedia":[{"embeddable":true,"href":"http:\/\/klubmamgdynia.pl\/index.php\/wp-json\/wp\/v2\/media\/10292"}],"wp:attachment":[{"href":"http:\/\/klubmamgdynia.pl\/index.php\/wp-json\/wp\/v2\/media?parent=10291"}],"wp:term":[{"taxonomy":"product_cat","embeddable":true,"href":"http:\/\/klubmamgdynia.pl\/index.php\/wp-json\/wp\/v2\/product_cat?post=10291"},{"taxonomy":"product_tag","embeddable":true,"href":"http:\/\/klubmamgdynia.pl\/index.php\/wp-json\/wp\/v2\/product_tag?post=10291"}],"curies":[{"name":"wp","href":"https:\/\/api.w.org\/{rel}","templated":true}]}}