{"id":10293,"date":"2011-04-10T14:08:31","date_gmt":"2011-04-10T12:08:31","guid":{"rendered":"http:\/\/klubmamgdynia.pl\/index.php\/produkt\/beniamin-dyplom-dzieciecy-a4-20ark-balony\/"},"modified":"2026-04-06T02:52:11","modified_gmt":"2026-04-06T00:52:11","slug":"beniamin-dyplom-dzieciecy-a4-20ark-balony","status":"publish","type":"product","link":"http:\/\/klubmamgdynia.pl\/index.php\/produkt\/beniamin-dyplom-dzieciecy-a4-20ark-balony\/","title":{"rendered":"Beniamin Dyplom Dzieci\u0119cy A4\/20Ark. Balony"},"content":{"rendered":"<p>Staranne wykonanie na papierze o gramaturze 200g. z kolorowym zadrukiem . Nasze dyplomy b\u0119d\u0105 stanowi\u0142y wspania\u0142\u0105 nagrod\u0119 i pami\u0105tk\u0119 dla ka\u017cdego. Pakowane po 20 arkuszy w celofan. NAZWA DYPLOM DZIECI\u0118CY A4\/20ARK. BALONY PRODUCENT BENIAMIN EAN 5901276091400 Znajd\u017a podobne wed\u0142ug klucza: BENIAMIN (418659)<\/p>\n<h2>Beniamin Dyplom Dzieci\u0119cy A4\/20Ark. Balony Beniamin<\/h2>\n<p>cytaty dla mamy od c\u00f3rki, zagatki, zagadki matematyczne dla dzieci 7 lat, prosta zagadka, zagadki o bo\u017cym narodzeniu, krotkie zagadki, cytat matka, ry\u017c z owocami, smok wawelski bajka, kawal na prima aprilis, \u015bwi\u0105teczne filmy familijne, karteczki wydruku wr\u00f3\u017cby andrzejkowe dla dzieci, paloma, p\u0142atki \u015bniegu szablon, maski superbohater\u00f3w do wydrukowania, \u015bwinka peppa kolorowanka do druku, zabawy na dzie\u0144 dziecka w szkole, tekst kolysanek, kolorowanki do wydruku, kolorowanki do druku dla dziewczyn<\/p>\n<p><a href=\"https:\/\/aspekto.pl\/pl\/p\/Dumel-Traktor-Farmer-Interaktywny-Mowi-Gra-Swieci-12m\/114043\">https:\/\/aspekto.pl\/pl\/p\/Dumel-Traktor-Farmer-Interaktywny-Mowi-Gra-Swieci-12m\/114043<\/a><\/p>\n<p>&nbsp;<\/p>\n","protected":false},"excerpt":{"rendered":"<p>Staranne wykonanie na papierze o gramaturze 200g. z kolorowym zadrukiem . Nasze dyplomy b\u0119d\u0105 stanowi\u0142y wspania\u0142\u0105 nagrod\u0119 i pami\u0105tk\u0119 dla ka\u017cdego. Pakowane po 20 arkuszy w celofan. NAZWA DYPLOM DZIECI\u0118CY A4\/20ARK. BALONY PRODUCENT BENIAMIN EAN 5901276091400 Znajd\u017a podobne wed\u0142ug klucza: BENIAMIN (418659) Beniamin Dyplom Dzieci\u0119cy A4\/20Ark. Balony Beniamin cytaty dla mamy od c\u00f3rki, zagatki, zagadki [&hellip;]<\/p>\n","protected":false},"featured_media":10294,"comment_status":"closed","ping_status":"open","template":"","meta":[],"product_cat":[964,1376],"product_tag":[825,603,675],"class_list":["post-10293","product","type-product","status-publish","has-post-thumbnail","hentry","product_cat-artykuly-papiernicze","product_cat-beniamin","product_tag-bajka-na-dobranoc-do-czytania","product_tag-bajki-do-czytania","product_tag-test-z-lektury-kajko-i-kokosz-szkola-latania"],"_links":{"self":[{"href":"http:\/\/klubmamgdynia.pl\/index.php\/wp-json\/wp\/v2\/product\/10293","targetHints":{"allow":["GET"]}}],"collection":[{"href":"http:\/\/klubmamgdynia.pl\/index.php\/wp-json\/wp\/v2\/product"}],"about":[{"href":"http:\/\/klubmamgdynia.pl\/index.php\/wp-json\/wp\/v2\/types\/product"}],"replies":[{"embeddable":true,"href":"http:\/\/klubmamgdynia.pl\/index.php\/wp-json\/wp\/v2\/comments?post=10293"}],"wp:featuredmedia":[{"embeddable":true,"href":"http:\/\/klubmamgdynia.pl\/index.php\/wp-json\/wp\/v2\/media\/10294"}],"wp:attachment":[{"href":"http:\/\/klubmamgdynia.pl\/index.php\/wp-json\/wp\/v2\/media?parent=10293"}],"wp:term":[{"taxonomy":"product_cat","embeddable":true,"href":"http:\/\/klubmamgdynia.pl\/index.php\/wp-json\/wp\/v2\/product_cat?post=10293"},{"taxonomy":"product_tag","embeddable":true,"href":"http:\/\/klubmamgdynia.pl\/index.php\/wp-json\/wp\/v2\/product_tag?post=10293"}],"curies":[{"name":"wp","href":"https:\/\/api.w.org\/{rel}","templated":true}]}}