{"id":10295,"date":"2023-07-14T01:37:05","date_gmt":"2023-07-13T23:37:05","guid":{"rendered":"http:\/\/klubmamgdynia.pl\/?post_type=product&#038;p=10295"},"modified":"2026-05-01T18:56:01","modified_gmt":"2026-05-01T16:56:01","slug":"lisciani-giochi-violetta-puzzle-dwustronne-maxi-108el","status":"publish","type":"product","link":"http:\/\/klubmamgdynia.pl\/index.php\/produkt\/lisciani-giochi-violetta-puzzle-dwustronne-maxi-108el\/","title":{"rendered":"Lisciani Giochi Violetta Puzzle Dwustronne Maxi 108El."},"content":{"rendered":"<p>DANTELISCIANI Puzzle dwustronne MAXI 46676 108el. Violetta DANTE46676DANTE LISCIANIPuzzle Dwustronne Maxi (108 el.) &#8211; Violetta46676Puzzle firmy Lisciani s\u0105 dwustronne. Oznacza to, \u017ce z jednej strony dziecko uk\u0142ada obrazek jak w tradycyjnych puzzlach, z drugiej za\u015b powstaje taki sam obrazek, kt\u00f3ry jest czarno-bia\u0142ym szablonem i s\u0142u\u017cydziecku jako kolorowanka.Wiek: 3+Wymiary obrazka po z\u0142o\u017ceniu: 70 x 50 cmWymiary opakowania: 39,5 x 28 x 7 cmWaga do wysy\u0142ki: 0,55 kg (z opakowaniem)Zabawka dla dziecka: brak +Waga (z opakowaniem): 0,30 kg<\/p>\n<h2>Lisciani Giochi Violetta Puzzle Dwustronne Maxi 108El. Lisciani Giochi<\/h2>\n<p>nauka polskiego dla dzieci z ukrainy, zagadki matematyczne dla dzieci 7 lat, pomys\u0142 na prezent na roczek, piosenka na dzie\u0144 nauczyciela przedszkole, rezolutna dziewczynka z wiersza tuwima, kolorowanki do druku dla doros\u0142ych, prezent na roczek dla chrze\u015bniaka, mira imie, kolorowanka spiderman, kolorowanka ksi\u0119\u017cniczka, w zieleni \u0142\u0105ka majowa tekst, znaczenie imiona marcel, dobranoc zimowo<\/p>\n<p>yyyyy<\/p>\n<p>&nbsp;<\/p>\n","protected":false},"excerpt":{"rendered":"<p>DANTELISCIANI Puzzle dwustronne MAXI 46676 108el. Violetta DANTE46676DANTE LISCIANIPuzzle Dwustronne Maxi (108 el.) &#8211; Violetta46676Puzzle firmy Lisciani s\u0105 dwustronne. Oznacza to, \u017ce z jednej strony dziecko uk\u0142ada obrazek jak w tradycyjnych puzzlach, z drugiej za\u015b powstaje taki sam obrazek, kt\u00f3ry jest czarno-bia\u0142ym szablonem i s\u0142u\u017cydziecku jako kolorowanka.Wiek: 3+Wymiary obrazka po z\u0142o\u017ceniu: 70 x 50 cmWymiary [&hellip;]<\/p>\n","protected":false},"featured_media":10296,"comment_status":"closed","ping_status":"open","template":"","meta":[],"product_cat":[553,90],"product_tag":[801,761,706,855,738,811],"class_list":["post-10295","product","type-product","status-publish","has-post-thumbnail","hentry","product_cat-lisciani-giochi","product_cat-puzzle","product_tag-bajki-terapeutyczne-o-emocjach","product_tag-choinko-piekna-jak-las-tekst","product_tag-imie-kuba","product_tag-nietypowe-imiona-zenskie","product_tag-wroclaw-dla-dzieci","product_tag-zagadki-logiczne-dla-dzieci"],"_links":{"self":[{"href":"http:\/\/klubmamgdynia.pl\/index.php\/wp-json\/wp\/v2\/product\/10295","targetHints":{"allow":["GET"]}}],"collection":[{"href":"http:\/\/klubmamgdynia.pl\/index.php\/wp-json\/wp\/v2\/product"}],"about":[{"href":"http:\/\/klubmamgdynia.pl\/index.php\/wp-json\/wp\/v2\/types\/product"}],"replies":[{"embeddable":true,"href":"http:\/\/klubmamgdynia.pl\/index.php\/wp-json\/wp\/v2\/comments?post=10295"}],"wp:featuredmedia":[{"embeddable":true,"href":"http:\/\/klubmamgdynia.pl\/index.php\/wp-json\/wp\/v2\/media\/10296"}],"wp:attachment":[{"href":"http:\/\/klubmamgdynia.pl\/index.php\/wp-json\/wp\/v2\/media?parent=10295"}],"wp:term":[{"taxonomy":"product_cat","embeddable":true,"href":"http:\/\/klubmamgdynia.pl\/index.php\/wp-json\/wp\/v2\/product_cat?post=10295"},{"taxonomy":"product_tag","embeddable":true,"href":"http:\/\/klubmamgdynia.pl\/index.php\/wp-json\/wp\/v2\/product_tag?post=10295"}],"curies":[{"name":"wp","href":"https:\/\/api.w.org\/{rel}","templated":true}]}}