{"id":10297,"date":"2015-04-09T19:18:10","date_gmt":"2015-04-09T17:18:10","guid":{"rendered":"http:\/\/klubmamgdynia.pl\/index.php\/produkt\/quercetti-filo-tablet-0526\/"},"modified":"2026-04-05T23:27:06","modified_gmt":"2026-04-05T21:27:06","slug":"quercetti-filo-tablet-0526","status":"publish","type":"product","link":"http:\/\/klubmamgdynia.pl\/index.php\/produkt\/quercetti-filo-tablet-0526\/","title":{"rendered":"Quercetti Filo Tablet 0526"},"content":{"rendered":"<p>Dwustronna tablica do nauki rysowania. Jedna strona pokryta jest czarnym rzepem, po kt\u00f3rym mo\u017cemy swobodnie rysowa\u0107 za pomoc\u0105 sznur\u00f3wki umieszczonej w plastikowym &#8222;pisaku&#8221;. Po sko\u0144czonej zabawie, sznur\u00f3wki mo\u017cna odczepi\u0107 i wykorzysta\u0107 je jeszcze wiele razy! Z drugiej strony znajduje si\u0119 bia\u0142a tablica w kratk\u0119, po kt\u00f3rej mo\u017cna pisa\u0107 i rysowa\u0107 specjalnym markerem do \u015bcierania na sucho. Tablic\u0119 mo\u017cna ustawi\u0107 pod k\u0105tem na do\u0142\u0105czonych n\u00f3\u017ckach. Zabawka rozwija umiej\u0119tno\u015bci artystyczne, koordynacj\u0119 ruchow\u0105 i zach\u0119ca dzieci do tw\u00f3rczego my\u015blenia.<\/p>\n<h2>Quercetti Filo Tablet 0526 Quercetti<\/h2>\n<p>krzy\u017c\u00f3wki dla dzieci, cytaty o dzieciach i rodzicach, stanis\u0142awa znaczenie imienia, uk\u0142ad s\u0142oneczny dla dzieci do druku, quiz felix net i nika oraz gang niewidzialnych ludzi, ozdoby wielkanocne kt\u00f3re mog\u0105 zrobi\u0107 dzieci, zagadki o lesie, zagadki o owocach, zagadki wielkanocne przedszkole, zagadki typu co to jest, trudne zagadki na inteligencje, kolorowanki koty, prezent na roczek dla dziewczynki, minionki do druku<\/p>\n<p>yyyyy<\/p>\n<p>&nbsp;<\/p>\n","protected":false},"excerpt":{"rendered":"<p>Dwustronna tablica do nauki rysowania. Jedna strona pokryta jest czarnym rzepem, po kt\u00f3rym mo\u017cemy swobodnie rysowa\u0107 za pomoc\u0105 sznur\u00f3wki umieszczonej w plastikowym &#8222;pisaku&#8221;. Po sko\u0144czonej zabawie, sznur\u00f3wki mo\u017cna odczepi\u0107 i wykorzysta\u0107 je jeszcze wiele razy! Z drugiej strony znajduje si\u0119 bia\u0142a tablica w kratk\u0119, po kt\u00f3rej mo\u017cna pisa\u0107 i rysowa\u0107 specjalnym markerem do \u015bcierania na [&hellip;]<\/p>\n","protected":false},"featured_media":10298,"comment_status":"closed","ping_status":"open","template":"","meta":[],"product_cat":[1155,21],"product_tag":[844,854,696,734],"class_list":["post-10297","product","type-product","status-publish","has-post-thumbnail","hentry","product_cat-quercetti","product_cat-zabawki-plastyczne","product_tag-co-kupic-na-roczek","product_tag-cytaty-rodzina","product_tag-film-rodzinny-o-swietach","product_tag-milan-imie"],"_links":{"self":[{"href":"http:\/\/klubmamgdynia.pl\/index.php\/wp-json\/wp\/v2\/product\/10297","targetHints":{"allow":["GET"]}}],"collection":[{"href":"http:\/\/klubmamgdynia.pl\/index.php\/wp-json\/wp\/v2\/product"}],"about":[{"href":"http:\/\/klubmamgdynia.pl\/index.php\/wp-json\/wp\/v2\/types\/product"}],"replies":[{"embeddable":true,"href":"http:\/\/klubmamgdynia.pl\/index.php\/wp-json\/wp\/v2\/comments?post=10297"}],"wp:featuredmedia":[{"embeddable":true,"href":"http:\/\/klubmamgdynia.pl\/index.php\/wp-json\/wp\/v2\/media\/10298"}],"wp:attachment":[{"href":"http:\/\/klubmamgdynia.pl\/index.php\/wp-json\/wp\/v2\/media?parent=10297"}],"wp:term":[{"taxonomy":"product_cat","embeddable":true,"href":"http:\/\/klubmamgdynia.pl\/index.php\/wp-json\/wp\/v2\/product_cat?post=10297"},{"taxonomy":"product_tag","embeddable":true,"href":"http:\/\/klubmamgdynia.pl\/index.php\/wp-json\/wp\/v2\/product_tag?post=10297"}],"curies":[{"name":"wp","href":"https:\/\/api.w.org\/{rel}","templated":true}]}}