{"id":10299,"date":"2020-02-18T05:47:40","date_gmt":"2020-02-18T04:47:40","guid":{"rendered":"http:\/\/klubmamgdynia.pl\/index.php\/produkt\/jovi-flamastry-dwustronne-12-kolorow\/"},"modified":"2026-04-30T18:45:11","modified_gmt":"2026-04-30T16:45:11","slug":"jovi-flamastry-dwustronne-12-kolorow","status":"publish","type":"product","link":"http:\/\/klubmamgdynia.pl\/index.php\/produkt\/jovi-flamastry-dwustronne-12-kolorow\/","title":{"rendered":"Jovi Flamastry Dwustronne 12 Kolor\u00f3w"},"content":{"rendered":"<p>Flamastry dwustronne &#8211; Jovi &#8211; 12 kolor\u00f3w<\/p>\n<h2>Jovi Flamastry Dwustronne 12 Kolor\u00f3w Jovi<\/h2>\n<p>spiderman kolorowanka, kolorowanki do druku kotki, prezent dla roczniaka, kolorowe kredki tekst, korczak cytaty, u\u015bmiech dziecka wiersz, sybilla, test z lektury mitologia grecka, ma\u0142y ksi\u0105\u017c\u0119 cytaty o przyja\u017ani, co kupi\u0107 dziecku na roczek, rymowane zagadki, jak zrobi\u0107 laurk\u0119 dla babci, cytat o dzieciach, plac zabaw warszawa, cytaty z ma\u0142ego ksi\u0119cia o przyja\u017ani, gabriel, s\u0142oneczko, cytaty dla mamy, zagadki o wio\u015bnie dla dzieci<\/p>\n<p>yyyyy<\/p>\n<p>&nbsp;<\/p>\n","protected":false},"excerpt":{"rendered":"<p>Flamastry dwustronne &#8211; Jovi &#8211; 12 kolor\u00f3w Jovi Flamastry Dwustronne 12 Kolor\u00f3w Jovi spiderman kolorowanka, kolorowanki do druku kotki, prezent dla roczniaka, kolorowe kredki tekst, korczak cytaty, u\u015bmiech dziecka wiersz, sybilla, test z lektury mitologia grecka, ma\u0142y ksi\u0105\u017c\u0119 cytaty o przyja\u017ani, co kupi\u0107 dziecku na roczek, rymowane zagadki, jak zrobi\u0107 laurk\u0119 dla babci, cytat o [&hellip;]<\/p>\n","protected":false},"featured_media":10300,"comment_status":"closed","ping_status":"open","template":"","meta":[],"product_cat":[1900,297],"product_tag":[674,594,631,629],"class_list":["post-10299","product","type-product","status-publish","has-post-thumbnail","hentry","product_cat-jovi","product_cat-szkolne-artykuly-plastyczne","product_tag-miasto-dzieci","product_tag-podchwytliwe-zagadki-dla-dzieci","product_tag-prezent-na-roczek","product_tag-smieszne-zagadki-z-odpowiedziami"],"_links":{"self":[{"href":"http:\/\/klubmamgdynia.pl\/index.php\/wp-json\/wp\/v2\/product\/10299","targetHints":{"allow":["GET"]}}],"collection":[{"href":"http:\/\/klubmamgdynia.pl\/index.php\/wp-json\/wp\/v2\/product"}],"about":[{"href":"http:\/\/klubmamgdynia.pl\/index.php\/wp-json\/wp\/v2\/types\/product"}],"replies":[{"embeddable":true,"href":"http:\/\/klubmamgdynia.pl\/index.php\/wp-json\/wp\/v2\/comments?post=10299"}],"wp:featuredmedia":[{"embeddable":true,"href":"http:\/\/klubmamgdynia.pl\/index.php\/wp-json\/wp\/v2\/media\/10300"}],"wp:attachment":[{"href":"http:\/\/klubmamgdynia.pl\/index.php\/wp-json\/wp\/v2\/media?parent=10299"}],"wp:term":[{"taxonomy":"product_cat","embeddable":true,"href":"http:\/\/klubmamgdynia.pl\/index.php\/wp-json\/wp\/v2\/product_cat?post=10299"},{"taxonomy":"product_tag","embeddable":true,"href":"http:\/\/klubmamgdynia.pl\/index.php\/wp-json\/wp\/v2\/product_tag?post=10299"}],"curies":[{"name":"wp","href":"https:\/\/api.w.org\/{rel}","templated":true}]}}