{"id":1030,"date":"2014-07-08T15:44:08","date_gmt":"2014-07-08T13:44:08","guid":{"rendered":"http:\/\/klubmamgdynia.pl\/index.php\/produkt\/tullo-hantel-piszczacy-14-3cm-772084\/"},"modified":"2026-04-29T22:12:18","modified_gmt":"2026-04-29T20:12:18","slug":"tullo-hantel-piszczacy-14-3cm-772084","status":"publish","type":"product","link":"http:\/\/klubmamgdynia.pl\/index.php\/produkt\/tullo-hantel-piszczacy-14-3cm-772084\/","title":{"rendered":"Tullo Hantel Piszcz\u0105cy 14 3Cm 772084"},"content":{"rendered":"<p>Hantel piszcz\u0105cy Piszczacy hantel Nefi wykonany jest z bardzo bezpiecznych i trwa\u0142ych materia\u0142\u00f3w. Zabawka zosta\u0142a wyprodukowana z tych samych atestowanych materia\u0142\u00f3w, co zabawki dla dzieci. Nie zawiera ftalan\u00f3w, BPA ani metali ci\u0119\u017ckich. Dlatego Twoje dzieci oraz pies mog\u0105 si\u0119 bawi\u0107 razem. Zabawki Nefi posiadaj\u0105 specjalne kolce i wypustki, kt\u00f3re pomagaj\u0105 w higienie jamy ustnej, bardzo dobrze sprawdzaj\u0105 si\u0119 jako gryzaki. Mog\u0105 by\u0107 wykorzystywane tak\u017ce jako zabawki treningowe. Rozmiar: 14,3cm Uwaga! R\u00f3\u017cne rodzaje. Produkt wysy\u0142amy losowo. Cena dotyczy jednej sztuki.R\u00f3\u017cne wzory. Produkty sprzedawane oddzielnie w zale\u017cno\u015bci od dost\u0119pno\u015bci. Przed zakupem prosimy o informacj\u0119, kt\u00f3ry wz\u00f3r zosta\u0142 wybrany. W przypadku nie podania wzoru towar zostanie wys\u0142any losowo.<\/p>\n<h2>Tullo Hantel Piszcz\u0105cy 14 3Cm 772084 Tullo<\/h2>\n<p>maski dla dzieci do druku, teksty ko\u0142ysanek, kolorowanka lol surprise, trudne zadania matematyczne, zagadki dla dzieci z odpowiedziami, test narnia lew czarownica i stara szafa, prezent dla trzynastolatki, pomys\u0142y na prezent dla nastolatk\u00f3w, bajka o kreciku, smok wawelski bajka, przys\u0142owia o rodzinie, bianka, glupie zagadki, bajki do czytania online, co\u015b dla nastolatk\u00f3w<\/p>\n<p>yyyyy<\/p>\n<p>&nbsp;<\/p>\n","protected":false},"excerpt":{"rendered":"<p>Hantel piszcz\u0105cy Piszczacy hantel Nefi wykonany jest z bardzo bezpiecznych i trwa\u0142ych materia\u0142\u00f3w. Zabawka zosta\u0142a wyprodukowana z tych samych atestowanych materia\u0142\u00f3w, co zabawki dla dzieci. Nie zawiera ftalan\u00f3w, BPA ani metali ci\u0119\u017ckich. Dlatego Twoje dzieci oraz pies mog\u0105 si\u0119 bawi\u0107 razem. Zabawki Nefi posiadaj\u0105 specjalne kolce i wypustki, kt\u00f3re pomagaj\u0105 w higienie jamy ustnej, bardzo [&hellip;]<\/p>\n","protected":false},"featured_media":1031,"comment_status":"closed","ping_status":"open","template":"","meta":[],"product_cat":[63,333],"product_tag":[656,582,745],"class_list":["post-1030","product","type-product","status-publish","has-post-thumbnail","hentry","product_cat-grzechotki-i-gryzaki","product_cat-tullo","product_tag-kolorowanki-lol","product_tag-nauka-pisania-literek-do-wydruku-pdf","product_tag-prezent-dla-15-latki"],"_links":{"self":[{"href":"http:\/\/klubmamgdynia.pl\/index.php\/wp-json\/wp\/v2\/product\/1030","targetHints":{"allow":["GET"]}}],"collection":[{"href":"http:\/\/klubmamgdynia.pl\/index.php\/wp-json\/wp\/v2\/product"}],"about":[{"href":"http:\/\/klubmamgdynia.pl\/index.php\/wp-json\/wp\/v2\/types\/product"}],"replies":[{"embeddable":true,"href":"http:\/\/klubmamgdynia.pl\/index.php\/wp-json\/wp\/v2\/comments?post=1030"}],"wp:featuredmedia":[{"embeddable":true,"href":"http:\/\/klubmamgdynia.pl\/index.php\/wp-json\/wp\/v2\/media\/1031"}],"wp:attachment":[{"href":"http:\/\/klubmamgdynia.pl\/index.php\/wp-json\/wp\/v2\/media?parent=1030"}],"wp:term":[{"taxonomy":"product_cat","embeddable":true,"href":"http:\/\/klubmamgdynia.pl\/index.php\/wp-json\/wp\/v2\/product_cat?post=1030"},{"taxonomy":"product_tag","embeddable":true,"href":"http:\/\/klubmamgdynia.pl\/index.php\/wp-json\/wp\/v2\/product_tag?post=1030"}],"curies":[{"name":"wp","href":"https:\/\/api.w.org\/{rel}","templated":true}]}}