{"id":10301,"date":"2015-12-22T02:30:16","date_gmt":"2015-12-22T01:30:16","guid":{"rendered":"http:\/\/klubmamgdynia.pl\/index.php\/produkt\/petit-collage-zestaw-kreatywny-magnetyczne-postacie-zwierzeta\/"},"modified":"2026-05-17T22:02:24","modified_gmt":"2026-05-17T20:02:24","slug":"petit-collage-zestaw-kreatywny-magnetyczne-postacie-zwierzeta","status":"publish","type":"product","link":"http:\/\/klubmamgdynia.pl\/index.php\/produkt\/petit-collage-zestaw-kreatywny-magnetyczne-postacie-zwierzeta\/","title":{"rendered":"Petit Collage Zestaw Kreatywny Magnetyczne Postacie &#8211; Zwierz\u0119ta"},"content":{"rendered":"<p>Petit Collage Magnetyczne Postacie Zwierz\u0119taNumer kat. MTS-Animal BandMieszaj i dobieraj! Zestaw magnetycznych postaci posiada ponad 25 sztuk element\u00f3w, kt\u00f3re mo\u017cna \u0142\u0105czy\u0107 i dopasowywa\u0107 ze sob\u0105 na 100 r\u00f3\u017cnych sposob\u00f3w w celu utworzenia przer\u00f3\u017cnych, fantastycznych i zabawnych zwierz\u0105tek. Wewn\u0105trz metalowego opakowania znajduj\u0105 si\u0119 dwa pe\u0142nokolorowe t\u0142a, kt\u00f3re pos\u0142u\u017c\u0105 jako sceneria do tworzenia ciekawych i muzykalnych zwierz\u0105tek. Zapakowane w \u0142atwo zamykan\u0105 puszk\u0119, b\u0119d\u0105 idealne w podr\u00f3\u017cy jak r\u00f3wnie\u017c w domu. Zapewni dziecku wiele godzin zabawy, rozwijaj\u0105c umiej\u0119tno\u015bci motoryczne dziecka, wyobra\u017ani\u0119 oraz inspiruj\u0105 do kreatywnej zabawy. Magnetyczne postacie b\u0119d\u0105 r\u00f3wnie\u017c doskona\u0142ym prezentem dla ka\u017cdgo dziecka.Zestaw zawiera:- eleganckie metalowe pude\u0142ko- 4 arkusze z 24 magnetycznymi elementamiCechy:- 24 sztuki magnetycznych element\u00f3w z kt\u00f3rych mo\u017cna stworzy\u0107 100 r\u00f3\u017cnych postaci i kombinacji- drukowane nietoksycznymi farbami- t\u0142a wewn\u0105trz puszki tworz\u0105 wyj\u0105tkow\u0105 sceneri\u0119, kt\u00f3ra pos\u0142u\u017cy jako dodatkowy element podczas zabawy- zestaw rozwijaja umiej\u0119tno\u015bci motoryczne i wyobra\u017ani\u0119 dziecka- spe\u0142niaj\u0105 i przewy\u017cszaj\u0105 wszelkie normy jako\u015bci i bezpiecze\u0144stwaWymiary pude\u0142ka:- szeroko\u015b\u0107 16,2 cm- wysoko\u015b\u0107 16,2 cm- g\u0142\u0119boko\u015b\u0107 2,5 cmPetit Collage to dzie\u0142o Loreny Siminovich, kt\u00f3ra wymy\u015bli\u0142a lini\u0119 w 2006 roku z jej charakterystycznymi, r\u0119cznie robionymi kola\u017cami na drewnie. To, co zacz\u0119\u0142o si\u0119 od prostych kola\u017cy, od tego czasu sta\u0142o si\u0119 \u017cyw\u0105 kolekcj\u0105 uwielbian\u0105 na ca\u0142ym \u015bwiecie. Lorena zosta\u0142a zaprezentowana przez Marth\u0119 Stewart Show, The New York Times, San Francisco Chronicle, Dwell Magazine i popularne blogi, takie jak Oh Joy, Decor8, Design * Sponge i Design Mom. Lorena Pochodzi z Buenos Aires. Mieszka w San Francisco z m\u0119\u017cem i c\u00f3rk\u0105 w wype\u0142nionym domu sztuk\u0105 na wzg\u00f3rzu i pracuje w jasnym, s\u0142onecznym studio ze swoj\u0105 wymarzon\u0105 sze\u015bcioosobow\u0105 dru\u017cyn\u0105.Petit Collage \u0142\u0105czy ze sob\u0105 nowoczesn\u0105 estetyk\u0119 z kryteriami zr\u00f3wnowa\u017conego rozwoju, tworz\u0105c odwa\u017cne, przemy\u015blane produkty, kt\u00f3re inspiruj\u0105 ma\u0142e dzieci. Pi\u0119knie zaprojektowane w kalifornijskim studio, aby by\u0142y przyjemne dla oka i wygodne w u\u017cyciu, kt\u00f3re kochaj\u0105 zar\u00f3wno dzieci, jak i ich rodzice. Pierwszym produktem Petit Collage by\u0142 r\u0119cznie robiony kola\u017c z materia\u0142\u00f3w pochodz\u0105cych z recyklingu. Produkt ten inspirowa\u0142 nie tylko nazw\u0119 firmy, ale tak\u017ce etos zr\u00f3wnowa\u017conego rozwoju. Dziesi\u0119\u0107 lat p\u00f3\u017aniej nadal wybieraj\u0105 materia\u0142y, kt\u00f3rych u\u017cywaj\u0105 ostro\u017cnie, od tektury z odzysku po certyfikowane FSC drewno i atramenty na bazie soi. Unikaj\u0105 plastiku. Produkty zosta\u0142y zaprojektowane z my\u015bl\u0105 o zdrowiu naszych dzieci i planety. Produkty sprzedawane s\u0105 na ca\u0142ym \u015bwiecie, w renomowanych sklepach, w tym Anthropologie, Barnes &amp; Noble, Whole Foods i tysi\u0105cach niezale\u017cnych sklep\u00f3w specjalistycznych.<\/p>\n<h2>Petit Collage Zestaw Kreatywny Magnetyczne Postacie &#8211; Zwierz\u0119ta Petit Collage<\/h2>\n<p>pytania zagadki, place zabaw warszawa, kr\u00f3tkie zagadki dla doros\u0142ych, dobrej nocy i sza, zagadki dla dziewczyny, prezent na pierwsze urodziny, \u0142amig\u0142\u00f3wki logiczne, afryka\u0144skie imiona, laurka dla mamy rysunek, quiz psi patrol, ko\u0142ysanki dla dzieci tekst, rymowane zagadki dla dzieci, zagadki o zawodach, bruno, trudne zagadki dla doros\u0142ych<\/p>\n<p>yyyyy<\/p>\n<p>&nbsp;<\/p>\n","protected":false},"excerpt":{"rendered":"<p>Petit Collage Magnetyczne Postacie Zwierz\u0119taNumer kat. MTS-Animal BandMieszaj i dobieraj! Zestaw magnetycznych postaci posiada ponad 25 sztuk element\u00f3w, kt\u00f3re mo\u017cna \u0142\u0105czy\u0107 i dopasowywa\u0107 ze sob\u0105 na 100 r\u00f3\u017cnych sposob\u00f3w w celu utworzenia przer\u00f3\u017cnych, fantastycznych i zabawnych zwierz\u0105tek. Wewn\u0105trz metalowego opakowania znajduj\u0105 si\u0119 dwa pe\u0142nokolorowe t\u0142a, kt\u00f3re pos\u0142u\u017c\u0105 jako sceneria do tworzenia ciekawych i muzykalnych zwierz\u0105tek. [&hellip;]<\/p>\n","protected":false},"featured_media":10302,"comment_status":"closed","ping_status":"open","template":"","meta":[],"product_cat":[1886,21],"product_tag":[654,643,814,665],"class_list":["post-10301","product","type-product","status-publish","has-post-thumbnail","hentry","product_cat-petit-collage","product_cat-zabawki-plastyczne","product_tag-krotkie-bajki-dla-dzieci-do-czytania","product_tag-prezent-dla-17-latki","product_tag-prezenty-dla-nastolatek","product_tag-proste-zagadki"],"_links":{"self":[{"href":"http:\/\/klubmamgdynia.pl\/index.php\/wp-json\/wp\/v2\/product\/10301","targetHints":{"allow":["GET"]}}],"collection":[{"href":"http:\/\/klubmamgdynia.pl\/index.php\/wp-json\/wp\/v2\/product"}],"about":[{"href":"http:\/\/klubmamgdynia.pl\/index.php\/wp-json\/wp\/v2\/types\/product"}],"replies":[{"embeddable":true,"href":"http:\/\/klubmamgdynia.pl\/index.php\/wp-json\/wp\/v2\/comments?post=10301"}],"wp:featuredmedia":[{"embeddable":true,"href":"http:\/\/klubmamgdynia.pl\/index.php\/wp-json\/wp\/v2\/media\/10302"}],"wp:attachment":[{"href":"http:\/\/klubmamgdynia.pl\/index.php\/wp-json\/wp\/v2\/media?parent=10301"}],"wp:term":[{"taxonomy":"product_cat","embeddable":true,"href":"http:\/\/klubmamgdynia.pl\/index.php\/wp-json\/wp\/v2\/product_cat?post=10301"},{"taxonomy":"product_tag","embeddable":true,"href":"http:\/\/klubmamgdynia.pl\/index.php\/wp-json\/wp\/v2\/product_tag?post=10301"}],"curies":[{"name":"wp","href":"https:\/\/api.w.org\/{rel}","templated":true}]}}