{"id":10303,"date":"2025-05-23T18:05:06","date_gmt":"2025-05-23T16:05:06","guid":{"rendered":"http:\/\/klubmamgdynia.pl\/?post_type=product&#038;p=10303"},"modified":"2026-04-03T21:14:02","modified_gmt":"2026-04-03T19:14:02","slug":"petit-collage-przytulanka-w-pudelku-tygrys","status":"publish","type":"product","link":"http:\/\/klubmamgdynia.pl\/index.php\/produkt\/petit-collage-przytulanka-w-pudelku-tygrys\/","title":{"rendered":"Petit Collage Przytulanka w Pude\u0142ku Tygrys"},"content":{"rendered":"<p>Petit Collage Przytulanka w pude\u0142ku Tygrys Maskotka w pude\u0142ku \u2013 tygrys Theodor. Mi\u0119ciutka i przyjemna w dotyku, idealnie sprawdzi si\u0119 jako przytulanka do zasypiania, ale nie tylko! Opakowanie zabawki jest r\u00f3wnie\u017c sceneri\u0105 zabawy, czyli studiem muzycznym, kt\u00f3re zawiera kartonowe meble 3D. Dzi\u0119ki temu, razem z Theodorem mo\u017cna pisa\u0107 teksty i tworzy\u0107 melodi\u0119 najwi\u0119kszych hit\u00f3w! Zabawka zach\u0119ca do kreatywnej zabawy. \u015awietny prezent dla ka\u017cdego maluszka! Wiek: +3 lata Wymiary opakowania: 13,5 x 25,5 x 10,5 cm Petit Collage to firma powsta\u0142a w 2006 roku. Jej najwi\u0119ksz\u0105 zalet\u0105 jest tworzenie produkt\u00f3w z my\u015bl\u0105 o zdrowiu dzieci oraz o naszej planecie. Wszystkie materia\u0142y w produktach marki Petit Collage s\u0105 starannie dobierane oraz spe\u0142niaj\u0105 najwy\u017csze standardy bezpiecze\u0144stwa.<\/p>\n<h2>Petit Collage Przytulanka w Pude\u0142ku Tygrys Petit Collage<\/h2>\n<p>dyplomy do wydrukowania a4, krecik bajka, wycinanki dla dzieci do druku, jak narysowa\u0107 psa, wobies, prezent dla 14 letniej dziewczyny, kajko i kokosz test z lektury, zagadki na logiczne my\u015blenie, cytaty o mi\u0142o\u015bci do dziecka, pieski, lucyna, kolorowanki do druku, desery dla dzieci, proste dekoracje bo\u017conarodzeniowe dla dzieci, quiz o dinozaurach, prezenty na roczek, trudne zagadki logiczne, zabawy dla 6 latk\u00f3w, znaczenia imienia alicja, quiz o polsce dla dzieci<\/p>\n<p>yyyyy<\/p>\n<p>&nbsp;<\/p>\n","protected":false},"excerpt":{"rendered":"<p>Petit Collage Przytulanka w pude\u0142ku Tygrys Maskotka w pude\u0142ku \u2013 tygrys Theodor. Mi\u0119ciutka i przyjemna w dotyku, idealnie sprawdzi si\u0119 jako przytulanka do zasypiania, ale nie tylko! Opakowanie zabawki jest r\u00f3wnie\u017c sceneri\u0105 zabawy, czyli studiem muzycznym, kt\u00f3re zawiera kartonowe meble 3D. Dzi\u0119ki temu, razem z Theodorem mo\u017cna pisa\u0107 teksty i tworzy\u0107 melodi\u0119 najwi\u0119kszych hit\u00f3w! Zabawka [&hellip;]<\/p>\n","protected":false},"featured_media":10304,"comment_status":"closed","ping_status":"open","template":"","meta":[],"product_cat":[42,1886],"product_tag":[702,598,621,661],"class_list":["post-10303","product","type-product","status-publish","has-post-thumbnail","hentry","product_cat-maskotki","product_cat-petit-collage","product_tag-co-kupic-na-roczek-dla-dziewczynki","product_tag-co-na-roczek-dla-dziewczynki","product_tag-prezenty-roczek","product_tag-swinka-peppa-kolorowanka"],"_links":{"self":[{"href":"http:\/\/klubmamgdynia.pl\/index.php\/wp-json\/wp\/v2\/product\/10303","targetHints":{"allow":["GET"]}}],"collection":[{"href":"http:\/\/klubmamgdynia.pl\/index.php\/wp-json\/wp\/v2\/product"}],"about":[{"href":"http:\/\/klubmamgdynia.pl\/index.php\/wp-json\/wp\/v2\/types\/product"}],"replies":[{"embeddable":true,"href":"http:\/\/klubmamgdynia.pl\/index.php\/wp-json\/wp\/v2\/comments?post=10303"}],"wp:featuredmedia":[{"embeddable":true,"href":"http:\/\/klubmamgdynia.pl\/index.php\/wp-json\/wp\/v2\/media\/10304"}],"wp:attachment":[{"href":"http:\/\/klubmamgdynia.pl\/index.php\/wp-json\/wp\/v2\/media?parent=10303"}],"wp:term":[{"taxonomy":"product_cat","embeddable":true,"href":"http:\/\/klubmamgdynia.pl\/index.php\/wp-json\/wp\/v2\/product_cat?post=10303"},{"taxonomy":"product_tag","embeddable":true,"href":"http:\/\/klubmamgdynia.pl\/index.php\/wp-json\/wp\/v2\/product_tag?post=10303"}],"curies":[{"name":"wp","href":"https:\/\/api.w.org\/{rel}","templated":true}]}}