{"id":10305,"date":"2024-05-16T04:05:02","date_gmt":"2024-05-16T02:05:02","guid":{"rendered":"http:\/\/klubmamgdynia.pl\/?post_type=product&#038;p=10305"},"modified":"2026-05-17T22:35:18","modified_gmt":"2026-05-17T20:35:18","slug":"opony-mirage-mr-762-all-season-235-60r18-104-v-xl","status":"publish","type":"product","link":"http:\/\/klubmamgdynia.pl\/index.php\/produkt\/opony-mirage-mr-762-all-season-235-60r18-104-v-xl\/","title":{"rendered":"Opony Mirage MR-762 All Season 235\/60R18 104 V XL"},"content":{"rendered":"<p>Mirage MR-762 AS to opona ca\u0142oroczna klasy ekonomicznej. Opona jest dedykowana do samochod\u00f3w osobowych.Opona posiada symetryczny wz\u00f3r bie\u017cnika. To rozwi\u0105zanie zapewnia optymalizacj\u0119 osi\u0105g\u00f3w w ka\u017cdych warunkach atmosferycznych.<\/p>\n<h2>Opony Mirage MR-762 All Season 235\/60R18 104 V XL Mirage<\/h2>\n<p>kolorowanka uk\u0142ad s\u0142oneczny dla dzieci do druku, kolorowanki kotka, opisy o dzieciach, halloween warszawa 2021 dzieci, uk\u0142ad s\u0142oneczny kolorowanka, miasto dzieci<\/p>\n<p>yyyyy<\/p>\n<p>&nbsp;<\/p>\n","protected":false},"excerpt":{"rendered":"<p>Mirage MR-762 AS to opona ca\u0142oroczna klasy ekonomicznej. Opona jest dedykowana do samochod\u00f3w osobowych.Opona posiada symetryczny wz\u00f3r bie\u017cnika. To rozwi\u0105zanie zapewnia optymalizacj\u0119 osi\u0105g\u00f3w w ka\u017cdych warunkach atmosferycznych. Opony Mirage MR-762 All Season 235\/60R18 104 V XL Mirage kolorowanka uk\u0142ad s\u0142oneczny dla dzieci do druku, kolorowanki kotka, opisy o dzieciach, halloween warszawa 2021 dzieci, uk\u0142ad s\u0142oneczny [&hellip;]<\/p>\n","protected":false},"featured_media":10306,"comment_status":"closed","ping_status":"open","template":"","meta":[],"product_cat":[547,570],"product_tag":[836,854,847,798],"class_list":["post-10305","product","type-product","status-publish","has-post-thumbnail","hentry","product_cat-mirage","product_cat-opony-caloroczne","product_tag-co-kupic-dziecku-na-roczek","product_tag-cytaty-rodzina","product_tag-kolorowanki-pokemon","product_tag-prezenty-dla-nastolatki"],"_links":{"self":[{"href":"http:\/\/klubmamgdynia.pl\/index.php\/wp-json\/wp\/v2\/product\/10305","targetHints":{"allow":["GET"]}}],"collection":[{"href":"http:\/\/klubmamgdynia.pl\/index.php\/wp-json\/wp\/v2\/product"}],"about":[{"href":"http:\/\/klubmamgdynia.pl\/index.php\/wp-json\/wp\/v2\/types\/product"}],"replies":[{"embeddable":true,"href":"http:\/\/klubmamgdynia.pl\/index.php\/wp-json\/wp\/v2\/comments?post=10305"}],"wp:featuredmedia":[{"embeddable":true,"href":"http:\/\/klubmamgdynia.pl\/index.php\/wp-json\/wp\/v2\/media\/10306"}],"wp:attachment":[{"href":"http:\/\/klubmamgdynia.pl\/index.php\/wp-json\/wp\/v2\/media?parent=10305"}],"wp:term":[{"taxonomy":"product_cat","embeddable":true,"href":"http:\/\/klubmamgdynia.pl\/index.php\/wp-json\/wp\/v2\/product_cat?post=10305"},{"taxonomy":"product_tag","embeddable":true,"href":"http:\/\/klubmamgdynia.pl\/index.php\/wp-json\/wp\/v2\/product_tag?post=10305"}],"curies":[{"name":"wp","href":"https:\/\/api.w.org\/{rel}","templated":true}]}}