{"id":10307,"date":"2020-03-16T22:28:41","date_gmt":"2020-03-16T21:28:41","guid":{"rendered":"http:\/\/klubmamgdynia.pl\/index.php\/produkt\/janod-gra-pinball-j02071\/"},"modified":"2026-04-30T04:12:49","modified_gmt":"2026-04-30T02:12:49","slug":"janod-gra-pinball-j02071","status":"publish","type":"product","link":"http:\/\/klubmamgdynia.pl\/index.php\/produkt\/janod-gra-pinball-j02071\/","title":{"rendered":"Janod Gra Pinball J02071"},"content":{"rendered":"<p>Gra zr\u0119czno\u015bciowa Pinball +5, Janod<\/p>\n<h2>Janod Gra Pinball J02071 Janod<\/h2>\n<p>zagadka matematyczna dla dzieci, cytaty korczaka, kolorowanki kotki, kawa\u0142y na prima aprilis dla rodzic\u00f3w, sentencje o dzieciach, niech \u017cyj\u0105 wakacje tekst, ma\u0142y ksi\u0105\u017ce cytaty o przyja\u017ani, hot wheels kolorowanka, zagadki dla dzieci 9-10 lat z odpowiedziami, kolorowe listki tekst, sentencje ma\u0142y ksi\u0105\u017ce cytaty, prezenty dla nastolatkow, karty pracy do druku litery, calineczka test z odpowiedziami<\/p>\n<p>yyyyy<\/p>\n<p>&nbsp;<\/p>\n","protected":false},"excerpt":{"rendered":"<p>Gra zr\u0119czno\u015bciowa Pinball +5, Janod Janod Gra Pinball J02071 Janod zagadka matematyczna dla dzieci, cytaty korczaka, kolorowanki kotki, kawa\u0142y na prima aprilis dla rodzic\u00f3w, sentencje o dzieciach, niech \u017cyj\u0105 wakacje tekst, ma\u0142y ksi\u0105\u017ce cytaty o przyja\u017ani, hot wheels kolorowanka, zagadki dla dzieci 9-10 lat z odpowiedziami, kolorowe listki tekst, sentencje ma\u0142y ksi\u0105\u017ce cytaty, prezenty dla [&hellip;]<\/p>\n","protected":false},"featured_media":10308,"comment_status":"closed","ping_status":"open","template":"","meta":[],"product_cat":[130,557],"product_tag":[831,808,847,613,646,771],"class_list":["post-10307","product","type-product","status-publish","has-post-thumbnail","hentry","product_cat-gry-dzieciece","product_cat-janod","product_tag-bruno","product_tag-imie-mia","product_tag-kolorowanki-pokemon","product_tag-na-wyspach-bergamutach","product_tag-prezent-na-pierwsze-urodziny","product_tag-stolice-europy-quiz"],"_links":{"self":[{"href":"http:\/\/klubmamgdynia.pl\/index.php\/wp-json\/wp\/v2\/product\/10307","targetHints":{"allow":["GET"]}}],"collection":[{"href":"http:\/\/klubmamgdynia.pl\/index.php\/wp-json\/wp\/v2\/product"}],"about":[{"href":"http:\/\/klubmamgdynia.pl\/index.php\/wp-json\/wp\/v2\/types\/product"}],"replies":[{"embeddable":true,"href":"http:\/\/klubmamgdynia.pl\/index.php\/wp-json\/wp\/v2\/comments?post=10307"}],"wp:featuredmedia":[{"embeddable":true,"href":"http:\/\/klubmamgdynia.pl\/index.php\/wp-json\/wp\/v2\/media\/10308"}],"wp:attachment":[{"href":"http:\/\/klubmamgdynia.pl\/index.php\/wp-json\/wp\/v2\/media?parent=10307"}],"wp:term":[{"taxonomy":"product_cat","embeddable":true,"href":"http:\/\/klubmamgdynia.pl\/index.php\/wp-json\/wp\/v2\/product_cat?post=10307"},{"taxonomy":"product_tag","embeddable":true,"href":"http:\/\/klubmamgdynia.pl\/index.php\/wp-json\/wp\/v2\/product_tag?post=10307"}],"curies":[{"name":"wp","href":"https:\/\/api.w.org\/{rel}","templated":true}]}}