{"id":10309,"date":"2017-07-21T15:59:04","date_gmt":"2017-07-21T13:59:04","guid":{"rendered":"http:\/\/klubmamgdynia.pl\/index.php\/produkt\/ses-nl-koraliki-do-prasowanek-mietowe\/"},"modified":"2026-05-17T22:42:44","modified_gmt":"2026-05-17T20:42:44","slug":"ses-nl-koraliki-do-prasowanek-mietowe","status":"publish","type":"product","link":"http:\/\/klubmamgdynia.pl\/index.php\/produkt\/ses-nl-koraliki-do-prasowanek-mietowe\/","title":{"rendered":"SES NL Koraliki do prasowanek mi\u0119towe"},"content":{"rendered":"<p>B\u0105d\u017a kreatywny z SES Creative, i spr\u00f3buj nowych mo\u017cliwo\u015bci! Zestaw wysokiej jako\u015bci koralik\u00f3w zapewnia du\u017c\u0105 aktywno\u015b\u0107 dla dzieci, kt\u00f3ra pomaga rozwija\u0107 zdolno\u015bci manualne, uczy koordynacji i umiej\u0119tno\u015bci motorycznych. Po umieszczeniu koralik\u00f3w na specjalnym szablonie (brak w zestawie), nale\u017cy przeprasowa\u0107 koraliki przez pergamin aby z\u0142\u0105czy\u0142y si\u0119 ze sob\u0105 na sta\u0142e, tworz\u0105c trwa\u0142y obrazek koralikow\u0105 mozaik\u0119. SES jest specjalist\u0105 w produkcji zabawek kreatywnych od ponad 40 lat. Rozw\u00f3j dziecka jest centralnym poj\u0119ciem w rozwoju produkt\u00f3w SES. Rozw\u00f3j, kreatywno\u015b\u0107, bezpiecze\u0144stwo i jako\u015b\u0107 s\u0105 najwa\u017cniejszym aspektem wszystkich produkt\u00f3w! Produkty SES s\u0105 niezb\u0119dne do r\u00f3\u017cnych etap\u00f3w rozwoju ka\u017cdego dziecka. Zestaw zawiera 1000 szt. koralik\u00f3w.<\/p>\n<h2>SES NL Koraliki do prasowanek mi\u0119towe Ses<\/h2>\n<p>zagadki dla starszych dzieci, kolorowanka lol surprise, zdrowe dania dla dzieci, jordan co oznacza, prezent dla 1 latka, prezent dla 16 latki, jak narysowa\u0107, jasmin imi\u0119, quiz flagi \u015bwiata, zagadki dla 7 latk\u00f3w, krak\u00f3w atrakcje dla dzieci, \u0142amig\u0142\u00f3wki matematyczne, zagadki halloween dla dzieci, matylda imi\u0119, basen warszawa, weso\u0142e pisanki tekst piosenki, zagadki wiosna, kolorowanka ksi\u0119\u017cniczka, test z lektury asiunia<\/p>\n<p>yyyyy<\/p>\n<p>&nbsp;<\/p>\n","protected":false},"excerpt":{"rendered":"<p>B\u0105d\u017a kreatywny z SES Creative, i spr\u00f3buj nowych mo\u017cliwo\u015bci! Zestaw wysokiej jako\u015bci koralik\u00f3w zapewnia du\u017c\u0105 aktywno\u015b\u0107 dla dzieci, kt\u00f3ra pomaga rozwija\u0107 zdolno\u015bci manualne, uczy koordynacji i umiej\u0119tno\u015bci motorycznych. Po umieszczeniu koralik\u00f3w na specjalnym szablonie (brak w zestawie), nale\u017cy przeprasowa\u0107 koraliki przez pergamin aby z\u0142\u0105czy\u0142y si\u0119 ze sob\u0105 na sta\u0142e, tworz\u0105c trwa\u0142y obrazek koralikow\u0105 mozaik\u0119. SES [&hellip;]<\/p>\n","protected":false},"featured_media":10310,"comment_status":"closed","ping_status":"open","template":"","meta":[],"product_cat":[357,21],"product_tag":[700,755,591,647,698],"class_list":["post-10309","product","type-product","status-publish","has-post-thumbnail","hentry","product_cat-ses","product_cat-zabawki-plastyczne","product_tag-bajki-do-czytania-dla-dzieci","product_tag-henryk","product_tag-quiz-o-minecraft","product_tag-warszawa-z-dzieckiem","product_tag-zagadki-dla-przedszkolakow"],"_links":{"self":[{"href":"http:\/\/klubmamgdynia.pl\/index.php\/wp-json\/wp\/v2\/product\/10309","targetHints":{"allow":["GET"]}}],"collection":[{"href":"http:\/\/klubmamgdynia.pl\/index.php\/wp-json\/wp\/v2\/product"}],"about":[{"href":"http:\/\/klubmamgdynia.pl\/index.php\/wp-json\/wp\/v2\/types\/product"}],"replies":[{"embeddable":true,"href":"http:\/\/klubmamgdynia.pl\/index.php\/wp-json\/wp\/v2\/comments?post=10309"}],"wp:featuredmedia":[{"embeddable":true,"href":"http:\/\/klubmamgdynia.pl\/index.php\/wp-json\/wp\/v2\/media\/10310"}],"wp:attachment":[{"href":"http:\/\/klubmamgdynia.pl\/index.php\/wp-json\/wp\/v2\/media?parent=10309"}],"wp:term":[{"taxonomy":"product_cat","embeddable":true,"href":"http:\/\/klubmamgdynia.pl\/index.php\/wp-json\/wp\/v2\/product_cat?post=10309"},{"taxonomy":"product_tag","embeddable":true,"href":"http:\/\/klubmamgdynia.pl\/index.php\/wp-json\/wp\/v2\/product_tag?post=10309"}],"curies":[{"name":"wp","href":"https:\/\/api.w.org\/{rel}","templated":true}]}}