{"id":10311,"date":"2025-07-06T12:55:11","date_gmt":"2025-07-06T10:55:11","guid":{"rendered":"http:\/\/klubmamgdynia.pl\/?post_type=product&#038;p=10311"},"modified":"2026-04-08T16:08:12","modified_gmt":"2026-04-08T14:08:12","slug":"astra-piornik-podwojny-head-silver-ombre-effect-pastel-love","status":"publish","type":"product","link":"http:\/\/klubmamgdynia.pl\/index.php\/produkt\/astra-piornik-podwojny-head-silver-ombre-effect-pastel-love\/","title":{"rendered":"Astra Pi\u00f3rnik Podw\u00f3jny Head Silver Ombre Effect Pastel Love"},"content":{"rendered":"<p>Specyfikacja:2 komorysrebrny efektowny zadrukwymiary: 20,5 x 13 x 4,5 cm<\/p>\n<h2>Astra Pi\u00f3rnik Podw\u00f3jny Head Silver Ombre Effect Pastel Love Astra<\/h2>\n<p>sta\u0142a pod \u015bniegiem, narodziny dziecka cytaty, prezent na roczek dla ch\u0142opca, julian, quizy flagi, cytaty o wychowaniu i nauczaniu, nasza zima z\u0142a tekst, naj\u0142adniejsze ko\u0142ysanki dla dzieci, trudne zagadki dla dzieci, cytaty rodzina, paj\u0105czek na rowerze test, sentencja dla dziecka<\/p>\n<p>yyyyy<\/p>\n<p>&nbsp;<\/p>\n","protected":false},"excerpt":{"rendered":"<p>Specyfikacja:2 komorysrebrny efektowny zadrukwymiary: 20,5 x 13 x 4,5 cm Astra Pi\u00f3rnik Podw\u00f3jny Head Silver Ombre Effect Pastel Love Astra sta\u0142a pod \u015bniegiem, narodziny dziecka cytaty, prezent na roczek dla ch\u0142opca, julian, quizy flagi, cytaty o wychowaniu i nauczaniu, nasza zima z\u0142a tekst, naj\u0142adniejsze ko\u0142ysanki dla dzieci, trudne zagadki dla dzieci, cytaty rodzina, paj\u0105czek na [&hellip;]<\/p>\n","protected":false},"featured_media":10312,"comment_status":"closed","ping_status":"open","template":"","meta":[],"product_cat":[1414,976],"product_tag":[772,686,744,815],"class_list":["post-10311","product","type-product","status-publish","has-post-thumbnail","hentry","product_cat-astra","product_cat-piorniki","product_tag-45-panstw-europy-i-ich-stolice-quiz","product_tag-co-na-roczek-dla-chlopca","product_tag-kolorowanki-swiateczne-do-wydruku","product_tag-ozdoby-choinkowe-dla-dzieci"],"_links":{"self":[{"href":"http:\/\/klubmamgdynia.pl\/index.php\/wp-json\/wp\/v2\/product\/10311","targetHints":{"allow":["GET"]}}],"collection":[{"href":"http:\/\/klubmamgdynia.pl\/index.php\/wp-json\/wp\/v2\/product"}],"about":[{"href":"http:\/\/klubmamgdynia.pl\/index.php\/wp-json\/wp\/v2\/types\/product"}],"replies":[{"embeddable":true,"href":"http:\/\/klubmamgdynia.pl\/index.php\/wp-json\/wp\/v2\/comments?post=10311"}],"wp:featuredmedia":[{"embeddable":true,"href":"http:\/\/klubmamgdynia.pl\/index.php\/wp-json\/wp\/v2\/media\/10312"}],"wp:attachment":[{"href":"http:\/\/klubmamgdynia.pl\/index.php\/wp-json\/wp\/v2\/media?parent=10311"}],"wp:term":[{"taxonomy":"product_cat","embeddable":true,"href":"http:\/\/klubmamgdynia.pl\/index.php\/wp-json\/wp\/v2\/product_cat?post=10311"},{"taxonomy":"product_tag","embeddable":true,"href":"http:\/\/klubmamgdynia.pl\/index.php\/wp-json\/wp\/v2\/product_tag?post=10311"}],"curies":[{"name":"wp","href":"https:\/\/api.w.org\/{rel}","templated":true}]}}