{"id":10313,"date":"2018-09-15T14:57:36","date_gmt":"2018-09-15T12:57:36","guid":{"rendered":"http:\/\/klubmamgdynia.pl\/index.php\/produkt\/derform-piornik-3-komorowy-backup-game-pad\/"},"modified":"2026-04-06T14:03:35","modified_gmt":"2026-04-06T12:03:35","slug":"derform-piornik-3-komorowy-backup-game-pad","status":"publish","type":"product","link":"http:\/\/klubmamgdynia.pl\/index.php\/produkt\/derform-piornik-3-komorowy-backup-game-pad\/","title":{"rendered":"Derform Pi\u00f3rnik 3-Komorowy Backup Game Pad"},"content":{"rendered":"<p>Przenie\u015b si\u0119 razem z BackUP do niezwyk\u0142ego \u015bwiata gier, w kt\u00f3rym czeka na Ciebie mn\u00f3stwo przyg\u00f3d i zabawy!Ten \u017c\u00f3\u0142ty gamepad zdecydowanie przyniesie Ci szcz\u0119\u015bcie i przejdziesz nawet najtrudniejszy level.A wi\u0119c jednym s\u0142owem ten pi\u00f3rnik musi by\u0107 Tw\u00f3j!Trzykomorowy pi\u00f3rnik BackUP z wyposa\u017ceniem posiada:- 18 kredek o\u0142\u00f3wkowych, 18 pisak\u00f3w, 3 d\u0142ugopisy \u2013 niebieski, czerwony i czarny, 2 o\u0142\u00f3wki, temper\u00f3wk\u0119, gumk\u0119 do mazania, linijk\u0119 oraz plan lekcji.- Szlufki, kt\u00f3re zapewniaj\u0105 bezpieczne i wygodne przechowywanie.- Trzy odr\u0119bne komory zamykane na zamek b\u0142yskawiczny.- Porz\u0105dn\u0105, solidn\u0105 i usztywnian\u0105 konstrukcj\u0119.- Rozmiar pi\u00f3rnika: 20x13x7 cm.- Waga: 475 g.<\/p>\n<h2>Derform Pi\u00f3rnik 3-Komorowy Backup Game Pad Derform<\/h2>\n<p>kolorowanki do druku zwierz\u0119ta, ba\u015bniowe imiona \u017ce\u0144skie, prezent dla dziecka 1 rok, szopka do druku, kajko i kokosz szko\u0142a latania test z odpowiedziami, trudne \u0142amig\u0142\u00f3wki, imiona dla ch\u0142opc\u00f3w, kuba imie, anio\u0142ki w niebie pisz\u0105, zagadki dla dzieci 6 lat, quiz stolice europy, lidia imie<\/p>\n<p>yyyyy<\/p>\n<p>&nbsp;<\/p>\n","protected":false},"excerpt":{"rendered":"<p>Przenie\u015b si\u0119 razem z BackUP do niezwyk\u0142ego \u015bwiata gier, w kt\u00f3rym czeka na Ciebie mn\u00f3stwo przyg\u00f3d i zabawy!Ten \u017c\u00f3\u0142ty gamepad zdecydowanie przyniesie Ci szcz\u0119\u015bcie i przejdziesz nawet najtrudniejszy level.A wi\u0119c jednym s\u0142owem ten pi\u00f3rnik musi by\u0107 Tw\u00f3j!Trzykomorowy pi\u00f3rnik BackUP z wyposa\u017ceniem posiada:- 18 kredek o\u0142\u00f3wkowych, 18 pisak\u00f3w, 3 d\u0142ugopisy \u2013 niebieski, czerwony i czarny, 2 [&hellip;]<\/p>\n","protected":false},"featured_media":10314,"comment_status":"closed","ping_status":"open","template":"","meta":[],"product_cat":[1021,976],"product_tag":[611,673,669,810,803],"class_list":["post-10313","product","type-product","status-publish","has-post-thumbnail","hentry","product_cat-derform","product_cat-piorniki","product_tag-bajki-do-czytania-psi-patrol","product_tag-juz-blisko-koleda-tekst","product_tag-kolorowanki","product_tag-nauka-zegara-do-druku","product_tag-szlaczki-do-druku"],"_links":{"self":[{"href":"http:\/\/klubmamgdynia.pl\/index.php\/wp-json\/wp\/v2\/product\/10313","targetHints":{"allow":["GET"]}}],"collection":[{"href":"http:\/\/klubmamgdynia.pl\/index.php\/wp-json\/wp\/v2\/product"}],"about":[{"href":"http:\/\/klubmamgdynia.pl\/index.php\/wp-json\/wp\/v2\/types\/product"}],"replies":[{"embeddable":true,"href":"http:\/\/klubmamgdynia.pl\/index.php\/wp-json\/wp\/v2\/comments?post=10313"}],"wp:featuredmedia":[{"embeddable":true,"href":"http:\/\/klubmamgdynia.pl\/index.php\/wp-json\/wp\/v2\/media\/10314"}],"wp:attachment":[{"href":"http:\/\/klubmamgdynia.pl\/index.php\/wp-json\/wp\/v2\/media?parent=10313"}],"wp:term":[{"taxonomy":"product_cat","embeddable":true,"href":"http:\/\/klubmamgdynia.pl\/index.php\/wp-json\/wp\/v2\/product_cat?post=10313"},{"taxonomy":"product_tag","embeddable":true,"href":"http:\/\/klubmamgdynia.pl\/index.php\/wp-json\/wp\/v2\/product_tag?post=10313"}],"curies":[{"name":"wp","href":"https:\/\/api.w.org\/{rel}","templated":true}]}}