{"id":10315,"date":"2020-06-11T09:32:32","date_gmt":"2020-06-11T07:32:32","guid":{"rendered":"http:\/\/klubmamgdynia.pl\/index.php\/produkt\/meri-tatuaze-good-vibes\/"},"modified":"2026-05-17T22:23:21","modified_gmt":"2026-05-17T20:23:21","slug":"meri-tatuaze-good-vibes","status":"publish","type":"product","link":"http:\/\/klubmamgdynia.pl\/index.php\/produkt\/meri-tatuaze-good-vibes\/","title":{"rendered":"Meri Tatua\u017ce Good Vibes"},"content":{"rendered":"<p>Zestaw zmywalnych tatua\u017cy. Wymiary opakowania: 7 x 9 x 0,3 cm.EAN: 636997242460<\/p>\n<h2>Meri Tatua\u017ce Good Vibes Meri Meri<\/h2>\n<p>konkurencje sportowe dla dzieci, Keyword, kolorowanki dla dzieci do druku, planety do druku dla dzieci, cytaty ma\u0142y ksi\u0105\u017ce, cytaty ma\u0142y ksi\u0105\u017ce, quiz o dinozaurach<\/p>\n<p>yyyyy<\/p>\n<p>&nbsp;<\/p>\n","protected":false},"excerpt":{"rendered":"<p>Zestaw zmywalnych tatua\u017cy. Wymiary opakowania: 7 x 9 x 0,3 cm.EAN: 636997242460 Meri Tatua\u017ce Good Vibes Meri Meri konkurencje sportowe dla dzieci, Keyword, kolorowanki dla dzieci do druku, planety do druku dla dzieci, cytaty ma\u0142y ksi\u0105\u017ce, cytaty ma\u0142y ksi\u0105\u017ce, quiz o dinozaurach yyyyy &nbsp;<\/p>\n","protected":false},"featured_media":10316,"comment_status":"closed","ping_status":"open","template":"","meta":[],"product_cat":[1902,21],"product_tag":[656,679,604],"class_list":["post-10315","product","type-product","status-publish","has-post-thumbnail","hentry","product_cat-meri-meri","product_cat-zabawki-plastyczne","product_tag-kolorowanki-lol","product_tag-zabawki-na-roczek-dla-dziewczynki","product_tag-zagadki-trudne"],"_links":{"self":[{"href":"http:\/\/klubmamgdynia.pl\/index.php\/wp-json\/wp\/v2\/product\/10315","targetHints":{"allow":["GET"]}}],"collection":[{"href":"http:\/\/klubmamgdynia.pl\/index.php\/wp-json\/wp\/v2\/product"}],"about":[{"href":"http:\/\/klubmamgdynia.pl\/index.php\/wp-json\/wp\/v2\/types\/product"}],"replies":[{"embeddable":true,"href":"http:\/\/klubmamgdynia.pl\/index.php\/wp-json\/wp\/v2\/comments?post=10315"}],"wp:featuredmedia":[{"embeddable":true,"href":"http:\/\/klubmamgdynia.pl\/index.php\/wp-json\/wp\/v2\/media\/10316"}],"wp:attachment":[{"href":"http:\/\/klubmamgdynia.pl\/index.php\/wp-json\/wp\/v2\/media?parent=10315"}],"wp:term":[{"taxonomy":"product_cat","embeddable":true,"href":"http:\/\/klubmamgdynia.pl\/index.php\/wp-json\/wp\/v2\/product_cat?post=10315"},{"taxonomy":"product_tag","embeddable":true,"href":"http:\/\/klubmamgdynia.pl\/index.php\/wp-json\/wp\/v2\/product_tag?post=10315"}],"curies":[{"name":"wp","href":"https:\/\/api.w.org\/{rel}","templated":true}]}}