{"id":10317,"date":"2020-09-19T01:58:03","date_gmt":"2020-09-18T23:58:03","guid":{"rendered":"http:\/\/klubmamgdynia.pl\/index.php\/produkt\/meri-meri-naszyjnik-lalka-matilda-19439\/"},"modified":"2026-05-17T22:06:37","modified_gmt":"2026-05-17T20:06:37","slug":"meri-meri-naszyjnik-lalka-matilda-19439","status":"publish","type":"product","link":"http:\/\/klubmamgdynia.pl\/index.php\/produkt\/meri-meri-naszyjnik-lalka-matilda-19439\/","title":{"rendered":"Meri Meri Naszyjnik Lalka Matilda 19439"},"content":{"rendered":"<p>Naszyjnik z zawieszk\u0105-lalk\u0105. D\u0142ugo\u015b\u0107 naszyjnika ok. 66 cm. Wymiary opakowania: 7,7 x 14,7 x 1,2 cm.EAN: 636997250373<\/p>\n<h2>Meri Meri Naszyjnik Lalka Matilda 19439 Meri Meri<\/h2>\n<p>historia andrzejek dla dzieci, jak zapakowa\u0107 prezent dla dziecka, by\u0142a sobie \u017cabka ma\u0142a tekst, cytat dla mamy, kolorowanki zwierz\u0119ta, bal halloween dla dzieci 2021, quiz bo\u017ce narodzenie, babcia z dziadkiem to jest to tekst, ma\u0142y ksi\u0105\u017c\u0119 cytaty<\/p>\n<p>yyyyy<\/p>\n<p>&nbsp;<\/p>\n","protected":false},"excerpt":{"rendered":"<p>Naszyjnik z zawieszk\u0105-lalk\u0105. D\u0142ugo\u015b\u0107 naszyjnika ok. 66 cm. Wymiary opakowania: 7,7 x 14,7 x 1,2 cm.EAN: 636997250373 Meri Meri Naszyjnik Lalka Matilda 19439 Meri Meri historia andrzejek dla dzieci, jak zapakowa\u0107 prezent dla dziecka, by\u0142a sobie \u017cabka ma\u0142a tekst, cytat dla mamy, kolorowanki zwierz\u0119ta, bal halloween dla dzieci 2021, quiz bo\u017ce narodzenie, babcia z dziadkiem [&hellip;]<\/p>\n","protected":false},"featured_media":10318,"comment_status":"closed","ping_status":"open","template":"","meta":[],"product_cat":[1902,1903],"product_tag":[650,861,853,868,588],"class_list":["post-10317","product","type-product","status-publish","has-post-thumbnail","hentry","product_cat-meri-meri","product_cat-naszyjniki","product_tag-choinka-z-bibuly","product_tag-jak-narysowac-psa","product_tag-kolorowanki-do-druku-dla-doroslych","product_tag-quizy-dla-dzieci","product_tag-wzruszajace-slowa-dla-przyjaciela"],"_links":{"self":[{"href":"http:\/\/klubmamgdynia.pl\/index.php\/wp-json\/wp\/v2\/product\/10317","targetHints":{"allow":["GET"]}}],"collection":[{"href":"http:\/\/klubmamgdynia.pl\/index.php\/wp-json\/wp\/v2\/product"}],"about":[{"href":"http:\/\/klubmamgdynia.pl\/index.php\/wp-json\/wp\/v2\/types\/product"}],"replies":[{"embeddable":true,"href":"http:\/\/klubmamgdynia.pl\/index.php\/wp-json\/wp\/v2\/comments?post=10317"}],"wp:featuredmedia":[{"embeddable":true,"href":"http:\/\/klubmamgdynia.pl\/index.php\/wp-json\/wp\/v2\/media\/10318"}],"wp:attachment":[{"href":"http:\/\/klubmamgdynia.pl\/index.php\/wp-json\/wp\/v2\/media?parent=10317"}],"wp:term":[{"taxonomy":"product_cat","embeddable":true,"href":"http:\/\/klubmamgdynia.pl\/index.php\/wp-json\/wp\/v2\/product_cat?post=10317"},{"taxonomy":"product_tag","embeddable":true,"href":"http:\/\/klubmamgdynia.pl\/index.php\/wp-json\/wp\/v2\/product_tag?post=10317"}],"curies":[{"name":"wp","href":"https:\/\/api.w.org\/{rel}","templated":true}]}}