{"id":10323,"date":"2012-07-29T18:21:00","date_gmt":"2012-07-29T16:21:00","guid":{"rendered":"http:\/\/klubmamgdynia.pl\/index.php\/produkt\/ses-plyn-do-baniek-mydlanych\/"},"modified":"2026-04-12T16:35:34","modified_gmt":"2026-04-12T14:35:34","slug":"ses-plyn-do-baniek-mydlanych","status":"publish","type":"product","link":"http:\/\/klubmamgdynia.pl\/index.php\/produkt\/ses-plyn-do-baniek-mydlanych\/","title":{"rendered":"Ses P\u0142yn Do Baniek Mydlanych"},"content":{"rendered":"<p>P\u0142yn do baniek mydlanych SES to unikalny roztw\u00f3r myd\u0142a, kt\u00f3ry umo\u017cliwi tworzenie ogromnych baniek, kt\u00f3re nie b\u0119d\u0105 p\u0119ka\u0107. Dzi\u0119ki niemu dmuchanie mydlanych baniek b\u0119dzie zabawne jak jeszcze nigdy! Przeznaczony dla produkt\u00f3w firmy SES do robienia baniek mydlanych. Zalecany dla dzieci od 5. roku \u017cycia.<\/p>\n<h2>Ses P\u0142yn Do Baniek Mydlanych Ses<\/h2>\n<p>historia pluszowego misia, proste dekoracje bo\u017conarodzeniowe dla dzieci, kolorowanki do wydruku postacie z bajek, dymitr, dobrej nocy, trudne zagadki, jak narysowa\u0107 nos, zagadki dla nastolatk\u00f3w<\/p>\n<p>yyyyy<\/p>\n<p>&nbsp;<\/p>\n","protected":false},"excerpt":{"rendered":"<p>P\u0142yn do baniek mydlanych SES to unikalny roztw\u00f3r myd\u0142a, kt\u00f3ry umo\u017cliwi tworzenie ogromnych baniek, kt\u00f3re nie b\u0119d\u0105 p\u0119ka\u0107. Dzi\u0119ki niemu dmuchanie mydlanych baniek b\u0119dzie zabawne jak jeszcze nigdy! Przeznaczony dla produkt\u00f3w firmy SES do robienia baniek mydlanych. Zalecany dla dzieci od 5. roku \u017cycia. Ses P\u0142yn Do Baniek Mydlanych Ses historia pluszowego misia, proste dekoracje [&hellip;]<\/p>\n","protected":false},"featured_media":10324,"comment_status":"closed","ping_status":"open","template":"","meta":[],"product_cat":[472,357],"product_tag":[671,775,822],"class_list":["post-10323","product","type-product","status-publish","has-post-thumbnail","hentry","product_cat-banki-mydlane","product_cat-ses","product_tag-cicha-noc-po-angielsku-tekst","product_tag-kolorowanki-do-druku-pokemon","product_tag-wierszyki-o-wakacjach-krotkie"],"_links":{"self":[{"href":"http:\/\/klubmamgdynia.pl\/index.php\/wp-json\/wp\/v2\/product\/10323","targetHints":{"allow":["GET"]}}],"collection":[{"href":"http:\/\/klubmamgdynia.pl\/index.php\/wp-json\/wp\/v2\/product"}],"about":[{"href":"http:\/\/klubmamgdynia.pl\/index.php\/wp-json\/wp\/v2\/types\/product"}],"replies":[{"embeddable":true,"href":"http:\/\/klubmamgdynia.pl\/index.php\/wp-json\/wp\/v2\/comments?post=10323"}],"wp:featuredmedia":[{"embeddable":true,"href":"http:\/\/klubmamgdynia.pl\/index.php\/wp-json\/wp\/v2\/media\/10324"}],"wp:attachment":[{"href":"http:\/\/klubmamgdynia.pl\/index.php\/wp-json\/wp\/v2\/media?parent=10323"}],"wp:term":[{"taxonomy":"product_cat","embeddable":true,"href":"http:\/\/klubmamgdynia.pl\/index.php\/wp-json\/wp\/v2\/product_cat?post=10323"},{"taxonomy":"product_tag","embeddable":true,"href":"http:\/\/klubmamgdynia.pl\/index.php\/wp-json\/wp\/v2\/product_tag?post=10323"}],"curies":[{"name":"wp","href":"https:\/\/api.w.org\/{rel}","templated":true}]}}