{"id":10325,"date":"2018-06-27T18:02:29","date_gmt":"2018-06-27T16:02:29","guid":{"rendered":"http:\/\/klubmamgdynia.pl\/index.php\/produkt\/koszulka-meska-hd-russell-maroon-marl-l\/"},"modified":"2026-05-17T22:16:46","modified_gmt":"2026-05-17T20:16:46","slug":"koszulka-meska-hd-russell-maroon-marl-l","status":"publish","type":"product","link":"http:\/\/klubmamgdynia.pl\/index.php\/produkt\/koszulka-meska-hd-russell-maroon-marl-l\/","title":{"rendered":"Koszulka m\u0119ska HD Russell Maroon Marl L"},"content":{"rendered":"<p>Koszulka m\u0119ska HD Russell Maroon Marl L Kolor i rozmiar: Maroon Marl LSKU: R165MKoszulka m\u0119ska HD Russell.Wykonana w 65% z poliestru i 35% z bawe\u0142ny czesanej ring-spun. Koszulka o dopasowanym kroju, gramatura 160g (bia\u0142y 155g).O nas:W naszym asortymencie znajdziesz wy\u0142\u0105cznie oryginalne produkty kultowej ameryka\u0144skiej marki Fruit of the Loom. Ubrania marki Fruit of the Loom to bardzo dobra jako\u015b\u0107 w przyst\u0119pnej cenie, ogromny wyb\u00f3r kolorystyczny, a tak\u017ce rozmiarowy od XS a\u017c do 5XL. Nasza odzie\u017c pochodzi z niemieckiej centrali Fruit of the Loom, a ka\u017cdy nasz produkt ma wszyt\u0105 oryginaln\u0105 metk\u0119 z rozmiarem. W sprzeda\u017cy posiadamy pe\u0142n\u0105 gam\u0119 produkt\u00f3w Fruit of the Loom \u2013 od koszulek i polo po koszule, polary i spodnie dresowe.Sprawd\u017a pozosta\u0142e rozmiary i kolory.Tabela rozmiar\u00f3w producenta.Tol &#8211; oznacza tolerancj\u0119, najcz\u0119\u015bciej +\/- 2,5 cm.Rozmiar Szeroko\u015b\u0107 D\u0142ugo\u015b\u0107 S 94 cm 68.5 cmM 100 cm 71 cmL 106 cm 73.5 cmXL 112 cm 76 cmXS 88 cm 66 cmXXL 118 cm 78.5 cm3XL 124 cm 81 cm<\/p>\n<h2>Koszulka m\u0119ska HD Russell Maroon Marl L Russell<\/h2>\n<p>zagadki matematyczne, malowane kamienie, molo w brze\u017anie, co kupi\u0107 nastolatkowi<\/p>\n<p>yyyyy<\/p>\n<p>&nbsp;<\/p>\n","protected":false},"excerpt":{"rendered":"<p>Koszulka m\u0119ska HD Russell Maroon Marl L Kolor i rozmiar: Maroon Marl LSKU: R165MKoszulka m\u0119ska HD Russell.Wykonana w 65% z poliestru i 35% z bawe\u0142ny czesanej ring-spun. Koszulka o dopasowanym kroju, gramatura 160g (bia\u0142y 155g).O nas:W naszym asortymencie znajdziesz wy\u0142\u0105cznie oryginalne produkty kultowej ameryka\u0144skiej marki Fruit of the Loom. Ubrania marki Fruit of the Loom [&hellip;]<\/p>\n","protected":false},"featured_media":10326,"comment_status":"closed","ping_status":"open","template":"","meta":[],"product_cat":[422,1828],"product_tag":[749,786,601,796,607],"class_list":["post-10325","product","type-product","status-publish","has-post-thumbnail","hentry","product_cat-russell","product_cat-t-shirty-i-koszulki-meskie","product_tag-najlepsze-zarty-na-prima-aprilis","product_tag-prezent-na-1-urodziny","product_tag-zagadki-co-to-jest","product_tag-zagatki","product_tag-zarty-na-prima-aprilis-dla-rodzicow"],"_links":{"self":[{"href":"http:\/\/klubmamgdynia.pl\/index.php\/wp-json\/wp\/v2\/product\/10325","targetHints":{"allow":["GET"]}}],"collection":[{"href":"http:\/\/klubmamgdynia.pl\/index.php\/wp-json\/wp\/v2\/product"}],"about":[{"href":"http:\/\/klubmamgdynia.pl\/index.php\/wp-json\/wp\/v2\/types\/product"}],"replies":[{"embeddable":true,"href":"http:\/\/klubmamgdynia.pl\/index.php\/wp-json\/wp\/v2\/comments?post=10325"}],"wp:featuredmedia":[{"embeddable":true,"href":"http:\/\/klubmamgdynia.pl\/index.php\/wp-json\/wp\/v2\/media\/10326"}],"wp:attachment":[{"href":"http:\/\/klubmamgdynia.pl\/index.php\/wp-json\/wp\/v2\/media?parent=10325"}],"wp:term":[{"taxonomy":"product_cat","embeddable":true,"href":"http:\/\/klubmamgdynia.pl\/index.php\/wp-json\/wp\/v2\/product_cat?post=10325"},{"taxonomy":"product_tag","embeddable":true,"href":"http:\/\/klubmamgdynia.pl\/index.php\/wp-json\/wp\/v2\/product_tag?post=10325"}],"curies":[{"name":"wp","href":"https:\/\/api.w.org\/{rel}","templated":true}]}}