{"id":10327,"date":"2012-04-08T22:26:05","date_gmt":"2012-04-08T20:26:05","guid":{"rendered":"http:\/\/klubmamgdynia.pl\/index.php\/produkt\/russell-addo-fabryka-mydelek\/"},"modified":"2026-04-04T00:52:09","modified_gmt":"2026-04-03T22:52:09","slug":"russell-addo-fabryka-mydelek","status":"publish","type":"product","link":"http:\/\/klubmamgdynia.pl\/index.php\/produkt\/russell-addo-fabryka-mydelek\/","title":{"rendered":"Russell Addo Fabryka Myde\u0142ek"},"content":{"rendered":"<p>Dowiedz si\u0119 jak powstaje myd\u0142o oraz czym r\u00f3\u017cni\u0105 sie od siebie substancje i mieszaniny.Nast\u0119pnie stw\u00f3rz 6 pi\u0119knych, kolorowych i perfumowanych myde\u0142ek.Informacje o produkcieNr katalogowy319-10107-NMarka (Zabawki) BrakObszar (nauka i rozw\u00f3j) EdukacyjneRodzaj (nauka i rozw\u00f3j) Zestawy naukoweWymagania wiekowe od 8 latP\u0142e\u0107 (zabawki) DziewczynkiAkcesoria w zestawie- 1 para r\u0119kawiczek ochronnych- Baza myd\u0142a (150g)- Zapach waniliowy- Niebieski barwnik kosmetyczny- Czerwony barwnik kosmetyczny- 3 torby na prezenty- 3 pipety- 2 drewniane szpatu\u0142ki- 3 plastikowe formy- 3 etykietyPozosta\u0142e parametryWymiary opakowania: 38 x 30 x 6 cm<\/p>\n<h2>Russell Addo Fabryka Myde\u0142ek Russell<\/h2>\n<p>piesek kolorowanka, zagadki i odpowiedzi, hejka tu lenka quizy, magiczne drzewo czerwone krzes\u0142o test<\/p>\n<p>yyyyy<\/p>\n<p>&nbsp;<\/p>\n","protected":false},"excerpt":{"rendered":"<p>Dowiedz si\u0119 jak powstaje myd\u0142o oraz czym r\u00f3\u017cni\u0105 sie od siebie substancje i mieszaniny.Nast\u0119pnie stw\u00f3rz 6 pi\u0119knych, kolorowych i perfumowanych myde\u0142ek.Informacje o produkcieNr katalogowy319-10107-NMarka (Zabawki) BrakObszar (nauka i rozw\u00f3j) EdukacyjneRodzaj (nauka i rozw\u00f3j) Zestawy naukoweWymagania wiekowe od 8 latP\u0142e\u0107 (zabawki) DziewczynkiAkcesoria w zestawie- 1 para r\u0119kawiczek ochronnych- Baza myd\u0142a (150g)- Zapach waniliowy- Niebieski barwnik kosmetyczny- [&hellip;]<\/p>\n","protected":false},"featured_media":10328,"comment_status":"closed","ping_status":"open","template":"","meta":[],"product_cat":[72,422],"product_tag":[660,837,720,783,695],"class_list":["post-10327","product","type-product","status-publish","has-post-thumbnail","hentry","product_cat-mali-naukowcy","product_cat-russell","product_tag-bianka","product_tag-cicha-noc-po-angielsku","product_tag-malowanki","product_tag-prezenty-na-roczek-dla-chlopca","product_tag-rzadkie-imiona-zenskie"],"_links":{"self":[{"href":"http:\/\/klubmamgdynia.pl\/index.php\/wp-json\/wp\/v2\/product\/10327","targetHints":{"allow":["GET"]}}],"collection":[{"href":"http:\/\/klubmamgdynia.pl\/index.php\/wp-json\/wp\/v2\/product"}],"about":[{"href":"http:\/\/klubmamgdynia.pl\/index.php\/wp-json\/wp\/v2\/types\/product"}],"replies":[{"embeddable":true,"href":"http:\/\/klubmamgdynia.pl\/index.php\/wp-json\/wp\/v2\/comments?post=10327"}],"wp:featuredmedia":[{"embeddable":true,"href":"http:\/\/klubmamgdynia.pl\/index.php\/wp-json\/wp\/v2\/media\/10328"}],"wp:attachment":[{"href":"http:\/\/klubmamgdynia.pl\/index.php\/wp-json\/wp\/v2\/media?parent=10327"}],"wp:term":[{"taxonomy":"product_cat","embeddable":true,"href":"http:\/\/klubmamgdynia.pl\/index.php\/wp-json\/wp\/v2\/product_cat?post=10327"},{"taxonomy":"product_tag","embeddable":true,"href":"http:\/\/klubmamgdynia.pl\/index.php\/wp-json\/wp\/v2\/product_tag?post=10327"}],"curies":[{"name":"wp","href":"https:\/\/api.w.org\/{rel}","templated":true}]}}