{"id":10329,"date":"2012-05-28T22:25:57","date_gmt":"2012-05-28T20:25:57","guid":{"rendered":"http:\/\/klubmamgdynia.pl\/index.php\/produkt\/quercetti-fantacolor-mozaika-150\/"},"modified":"2026-04-04T07:19:19","modified_gmt":"2026-04-04T05:19:19","slug":"quercetti-fantacolor-mozaika-150","status":"publish","type":"product","link":"http:\/\/klubmamgdynia.pl\/index.php\/produkt\/quercetti-fantacolor-mozaika-150\/","title":{"rendered":"Quercetti Fantacolor Mozaika 150"},"content":{"rendered":"<p>Dzieci mog\u0105 tworzy\u0107 swoje pierwsze mozaiki lub kopiowa\u0107 przyk\u0142ady z albumu. Zabawa polega na wstawianiu r\u00f3\u017cnej wielko\u015bci, nie\u0142amliwych ko\u0142eczk\u00f3w w perforowan\u0105 tablic\u0119 w kszta\u0142cie kwiatu. Ko\u0142eczki w 6 jaskrawych kolorach mog\u0105 by\u0107 uporz\u0105dkowane w 6 pojemnikach-p\u0142atkach, co daje efekt dekoracyjny. Zabawka rozwija kreatywno\u015b\u0107, \u0107wiczy koordynacj\u0119 wzrokowo-ruchow\u0105, stymuluje rozpoznawanie kolor\u00f3w. Zawarto\u015b\u0107: 150 ko\u0142eczk\u00f3w o \u015brednicy 15mm, Album z przyk\u0142adami do odwzorowania, walizka. Wiek 4+ lat.EAN: 8007905021156<\/p>\n<h2>Quercetti Fantacolor Mozaika 150 Quercetti<\/h2>\n<p>zemsta quizy, opisy do zdj dziecka, jak zrobi\u0107 laurk\u0119 dla babci, zagadki dla ma\u0142ych dzieci<\/p>\n<p>yyyyy<\/p>\n<p>&nbsp;<\/p>\n","protected":false},"excerpt":{"rendered":"<p>Dzieci mog\u0105 tworzy\u0107 swoje pierwsze mozaiki lub kopiowa\u0107 przyk\u0142ady z albumu. Zabawa polega na wstawianiu r\u00f3\u017cnej wielko\u015bci, nie\u0142amliwych ko\u0142eczk\u00f3w w perforowan\u0105 tablic\u0119 w kszta\u0142cie kwiatu. Ko\u0142eczki w 6 jaskrawych kolorach mog\u0105 by\u0107 uporz\u0105dkowane w 6 pojemnikach-p\u0142atkach, co daje efekt dekoracyjny. Zabawka rozwija kreatywno\u015b\u0107, \u0107wiczy koordynacj\u0119 wzrokowo-ruchow\u0105, stymuluje rozpoznawanie kolor\u00f3w. Zawarto\u015b\u0107: 150 ko\u0142eczk\u00f3w o \u015brednicy 15mm, [&hellip;]<\/p>\n","protected":false},"featured_media":10330,"comment_status":"closed","ping_status":"open","template":"","meta":[],"product_cat":[1155,21],"product_tag":[852,813,807,739],"class_list":["post-10329","product","type-product","status-publish","has-post-thumbnail","hentry","product_cat-quercetti","product_cat-zabawki-plastyczne","product_tag-jak-zrobic-samolot-z-papieru","product_tag-krotkie-zagadki-matematyczne-z-odpowiedziami","product_tag-logiczne-zagadki","product_tag-prima-aprilis-w-szkole"],"_links":{"self":[{"href":"http:\/\/klubmamgdynia.pl\/index.php\/wp-json\/wp\/v2\/product\/10329","targetHints":{"allow":["GET"]}}],"collection":[{"href":"http:\/\/klubmamgdynia.pl\/index.php\/wp-json\/wp\/v2\/product"}],"about":[{"href":"http:\/\/klubmamgdynia.pl\/index.php\/wp-json\/wp\/v2\/types\/product"}],"replies":[{"embeddable":true,"href":"http:\/\/klubmamgdynia.pl\/index.php\/wp-json\/wp\/v2\/comments?post=10329"}],"wp:featuredmedia":[{"embeddable":true,"href":"http:\/\/klubmamgdynia.pl\/index.php\/wp-json\/wp\/v2\/media\/10330"}],"wp:attachment":[{"href":"http:\/\/klubmamgdynia.pl\/index.php\/wp-json\/wp\/v2\/media?parent=10329"}],"wp:term":[{"taxonomy":"product_cat","embeddable":true,"href":"http:\/\/klubmamgdynia.pl\/index.php\/wp-json\/wp\/v2\/product_cat?post=10329"},{"taxonomy":"product_tag","embeddable":true,"href":"http:\/\/klubmamgdynia.pl\/index.php\/wp-json\/wp\/v2\/product_tag?post=10329"}],"curies":[{"name":"wp","href":"https:\/\/api.w.org\/{rel}","templated":true}]}}