{"id":10331,"date":"2025-09-19T07:48:33","date_gmt":"2025-09-19T05:48:33","guid":{"rendered":"http:\/\/klubmamgdynia.pl\/?post_type=product&#038;p=10331"},"modified":"2026-05-01T16:33:28","modified_gmt":"2026-05-01T14:33:28","slug":"alex-extra-protection-srodek-do-czyszczenia-podloglaminowanych-750ml","status":"publish","type":"product","link":"http:\/\/klubmamgdynia.pl\/index.php\/produkt\/alex-extra-protection-srodek-do-czyszczenia-podloglaminowanych-750ml\/","title":{"rendered":"Alex Extra Protection \u015arodek Do Czyszczenia Pod\u0142\u00f3gLaminowanych 750ml"},"content":{"rendered":"<p>Alex Laminate Floating Floor Cleaner czy\u015bci i piel\u0119gnuje wszystkie rodzaje pod\u0142\u00f3g i mebli z laminatu, PVC i korka, w tym te najbardziej delikatne. Zawarte funkcjonalne silikony zapewniaj\u0105 ochron\u0119 przed plamami na powierzchni. Lanolina nawil\u017ca i chroni pod\u0142og\u0119 przed zu\u017cyciem. Pozostawia przyjemny zapach.<\/p>\n<h2>Alex Extra Protection \u015arodek Do Czyszczenia Pod\u0142\u00f3gLaminowanych 750ml Alex<\/h2>\n<p>imie pola, zagadki dla dzieci 9 10 lat z odpowiedziami, bajki dla dzieci na dobranoc do czytania, prezenty dla 16 latki, przys\u0142owia o rodzinie, bajki dla niemowl\u0105t do czytania, jesienne zagadki, quiz dla dzieci, zagatki matematyczne, imie iwo, samolot kolorowanka, m\u00f3j przyjaciel mi\u015b scenariusz zaj\u0119\u0107 w przedszkolu, prezent dla 7 latki, zadania logiczne, irma, zagadki logiczne dla dzieci, kolorowanka lego ninjago<\/p>\n<p>yyyyy<\/p>\n<p>&nbsp;<\/p>\n","protected":false},"excerpt":{"rendered":"<p>Alex Laminate Floating Floor Cleaner czy\u015bci i piel\u0119gnuje wszystkie rodzaje pod\u0142\u00f3g i mebli z laminatu, PVC i korka, w tym te najbardziej delikatne. Zawarte funkcjonalne silikony zapewniaj\u0105 ochron\u0119 przed plamami na powierzchni. Lanolina nawil\u017ca i chroni pod\u0142og\u0119 przed zu\u017cyciem. Pozostawia przyjemny zapach. Alex Extra Protection \u015arodek Do Czyszczenia Pod\u0142\u00f3gLaminowanych 750ml Alex imie pola, zagadki dla [&hellip;]<\/p>\n","protected":false},"featured_media":10332,"comment_status":"closed","ping_status":"open","template":"","meta":[],"product_cat":[1905,1906],"product_tag":[683,617,742,791],"class_list":["post-10331","product","type-product","status-publish","has-post-thumbnail","hentry","product_cat-alex","product_cat-chemia-gospodarcza","product_tag-karaluchy-pod-poduchy","product_tag-keyword","product_tag-piosenki-dla-dzieci-tekst","product_tag-zagadki-na-myslenie"],"_links":{"self":[{"href":"http:\/\/klubmamgdynia.pl\/index.php\/wp-json\/wp\/v2\/product\/10331","targetHints":{"allow":["GET"]}}],"collection":[{"href":"http:\/\/klubmamgdynia.pl\/index.php\/wp-json\/wp\/v2\/product"}],"about":[{"href":"http:\/\/klubmamgdynia.pl\/index.php\/wp-json\/wp\/v2\/types\/product"}],"replies":[{"embeddable":true,"href":"http:\/\/klubmamgdynia.pl\/index.php\/wp-json\/wp\/v2\/comments?post=10331"}],"wp:featuredmedia":[{"embeddable":true,"href":"http:\/\/klubmamgdynia.pl\/index.php\/wp-json\/wp\/v2\/media\/10332"}],"wp:attachment":[{"href":"http:\/\/klubmamgdynia.pl\/index.php\/wp-json\/wp\/v2\/media?parent=10331"}],"wp:term":[{"taxonomy":"product_cat","embeddable":true,"href":"http:\/\/klubmamgdynia.pl\/index.php\/wp-json\/wp\/v2\/product_cat?post=10331"},{"taxonomy":"product_tag","embeddable":true,"href":"http:\/\/klubmamgdynia.pl\/index.php\/wp-json\/wp\/v2\/product_tag?post=10331"}],"curies":[{"name":"wp","href":"https:\/\/api.w.org\/{rel}","templated":true}]}}