{"id":10333,"date":"2011-12-09T00:39:38","date_gmt":"2011-12-08T23:39:38","guid":{"rendered":"http:\/\/klubmamgdynia.pl\/index.php\/produkt\/mudpuppy-kolorowanka-w-rolce-76cm-z-4-kredkami-zwierzeta-swiata\/"},"modified":"2026-04-25T07:09:32","modified_gmt":"2026-04-25T05:09:32","slug":"mudpuppy-kolorowanka-w-rolce-76cm-z-4-kredkami-zwierzeta-swiata","status":"publish","type":"product","link":"http:\/\/klubmamgdynia.pl\/index.php\/produkt\/mudpuppy-kolorowanka-w-rolce-76cm-z-4-kredkami-zwierzeta-swiata\/","title":{"rendered":"Mudpuppy Kolorowanka w rolce 76cm z 4 kredkami Zwierzeta \u015awiata"},"content":{"rendered":"<p>Kolorowanka w rolce Dooko\u0142a \u015bwiata ameryka\u0144skiej marki MUDPUPPY to idealne rozwi\u0105zanie w podro\u017cy czy na wakacjach. Kolorowanka ta ma 76 cm d\u0142ugo\u015bci i 14 cm szeroko\u015bci, a zdobi\u0105 j\u0105 charakterystyczne budowle miast \u015bwiata, m. in. wie\u017ca Eiffela czy gmach opery z Sydney. Autork\u0105 projektu jest Suzy Ultman, utalentowana ilustratorka z Pensylwanii. W zestawie znajduj\u0105 si\u0119 te\u017c 4 r\u00f3\u017cnokolorowe kredki \u015bwiecowe. Ca\u0142o\u015b\u0107 zapakowana jest w por\u0119czne, \u0142atwe do przewo\u017cenia pude\u0142ko. To wspania\u0142a zabawka dla ma\u0142ego artysty. Idealnie nadaje si\u0119 na prezent. Zabawy artystyczne nie tylko rozbudzaj\u0105 dzieci\u0119c\u0105 kreatywno\u015b\u0107, kszta\u0142tuj\u0105 r\u00f3wnie\u017c koordynacj\u0119 oko-r\u0119ka, poprawiaj\u0105 sprawno\u015b\u0107 manualn\u0105 i umiej\u0119tno\u015b\u0107 koncentracji. MUDPUPPY oferuje ma\u0142ym tw\u00f3rc\u0105 produkty niebanalne, inspiruj\u0105ce i daj\u0105ce szerokie mo\u017cliwo\u015bci zastosowa\u0144. kategoria: zestawy artystycznewiek: 3+liczba element\u00f3w: 1 rolka + 4 kredkimateria\u0142: papier, kartonwymiary opakowania: 16 x 4 x 4 cm Ameryka\u0144ska marka zabawek edukacyjnych MUDPUPPY powsta\u0142a w 1992 roku. Dzi\u015b jest znana na ca\u0142ym \u015bwiecie i cieszy si\u0119 powszechnym zaufaniem rodzic\u00f3w. Skupia si\u0119 na tworzeniu produkt\u00f3w, zach\u0119caj\u0105cych dzieci do tw\u00f3rczej aktywno\u015bci, a przy tym wspieraj\u0105cych ich rozw\u00f3j i stymuluj\u0105cych wyobra\u017ani\u0119. Oferta marki to g\u0142\u00f3wnie puzzle, gry, uk\u0142adanki oraz zestawy kreatywne, w tym tematyczne komplety magnes\u00f3w czy naklejek. Projekty MUDPUPPY inspirowane s\u0105 sztuk\u0105, m. in. ilustracj\u0105 dla dzieci. Marka stale wsp\u00f3\u0142pracuje ze wsp\u00f3\u0142czesnymi artystami, a jej produkty s\u0105 wci\u0105\u017c nagradzane za kreatywno\u015b\u0107, u\u017cyteczno\u015b\u0107 i innowacyjno\u015b\u0107.Kod Producenta: MP49339seria: mudpuppy_artystyczne<\/p>\n<h2>Mudpuppy Kolorowanka w rolce 76cm z 4 kredkami Zwierzeta \u015awiata Mudpuppy<\/h2>\n<p>quizy miko\u0142ajek, psi patrol kolorowanki, kolorowanka piesek, zagadki dla dzieci 6-7 lat online, borys imi\u0119, \u0142\u00f3d\u017a atrakcje dla dzieci, zagadki matematyczne na logik\u0119, na wyspach bergamutach, \u015bwinka peppa kolorowanka do druku, straszne filmy dla dzieci, zak\u0142adka do ksi\u0105\u017cki szablon do druku, cytaty o rodzinie, kanapki na urodziny dziecka, wroc\u0142aw i okolice atrakcje, cytaty korczaka, pan twardowski na ksi\u0119\u017cycu wiersz, pomysly na prima aprilis, lucjan, prezent na roczek nie zabawka, najrzadsze imiona w polsce<\/p>\n<p>yyyyy<\/p>\n<p>&nbsp;<\/p>\n","protected":false},"excerpt":{"rendered":"<p>Kolorowanka w rolce Dooko\u0142a \u015bwiata ameryka\u0144skiej marki MUDPUPPY to idealne rozwi\u0105zanie w podro\u017cy czy na wakacjach. Kolorowanka ta ma 76 cm d\u0142ugo\u015bci i 14 cm szeroko\u015bci, a zdobi\u0105 j\u0105 charakterystyczne budowle miast \u015bwiata, m. in. wie\u017ca Eiffela czy gmach opery z Sydney. Autork\u0105 projektu jest Suzy Ultman, utalentowana ilustratorka z Pensylwanii. W zestawie znajduj\u0105 si\u0119 [&hellip;]<\/p>\n","protected":false},"featured_media":10334,"comment_status":"closed","ping_status":"open","template":"","meta":[],"product_cat":[1344,21],"product_tag":[676,642,745,631,625],"class_list":["post-10333","product","type-product","status-publish","has-post-thumbnail","hentry","product_cat-mudpuppy","product_cat-zabawki-plastyczne","product_tag-bursztynek","product_tag-mia-imie","product_tag-prezent-dla-15-latki","product_tag-prezent-na-roczek","product_tag-trojmiasto-atrakcje-dla-dzieci"],"_links":{"self":[{"href":"http:\/\/klubmamgdynia.pl\/index.php\/wp-json\/wp\/v2\/product\/10333","targetHints":{"allow":["GET"]}}],"collection":[{"href":"http:\/\/klubmamgdynia.pl\/index.php\/wp-json\/wp\/v2\/product"}],"about":[{"href":"http:\/\/klubmamgdynia.pl\/index.php\/wp-json\/wp\/v2\/types\/product"}],"replies":[{"embeddable":true,"href":"http:\/\/klubmamgdynia.pl\/index.php\/wp-json\/wp\/v2\/comments?post=10333"}],"wp:featuredmedia":[{"embeddable":true,"href":"http:\/\/klubmamgdynia.pl\/index.php\/wp-json\/wp\/v2\/media\/10334"}],"wp:attachment":[{"href":"http:\/\/klubmamgdynia.pl\/index.php\/wp-json\/wp\/v2\/media?parent=10333"}],"wp:term":[{"taxonomy":"product_cat","embeddable":true,"href":"http:\/\/klubmamgdynia.pl\/index.php\/wp-json\/wp\/v2\/product_cat?post=10333"},{"taxonomy":"product_tag","embeddable":true,"href":"http:\/\/klubmamgdynia.pl\/index.php\/wp-json\/wp\/v2\/product_tag?post=10333"}],"curies":[{"name":"wp","href":"https:\/\/api.w.org\/{rel}","templated":true}]}}