{"id":10337,"date":"2024-12-27T10:16:32","date_gmt":"2024-12-27T09:16:32","guid":{"rendered":"http:\/\/klubmamgdynia.pl\/?post_type=product&#038;p=10337"},"modified":"2026-04-30T02:01:58","modified_gmt":"2026-04-30T00:01:58","slug":"simba-lalka-steffi-swap-deluxe","status":"publish","type":"product","link":"http:\/\/klubmamgdynia.pl\/index.php\/produkt\/simba-lalka-steffi-swap-deluxe\/","title":{"rendered":"Simba Lalka Steffi Swap Deluxe"},"content":{"rendered":"<p>Steffi Swap Deluxe lalka w cekinowej sukience. Tym razem Steffi jest gotowa na nocn\u0105 imprezk\u0119. W tej sukience z pewno\u015bci\u0105 zrobi wra\u017cenie. Co wi\u0119cej to wdzianko nadaje si\u0119 tak\u017ce na kolejne zabawy. Wystarczy dotkn\u0105\u0107 cekin\u00f3w, aby str\u00f3j zmieni\u0142 si\u0119 nie do poznania. Steffi ma zaczesane w\u0142osy, kt\u00f3re tworz\u0105 fryzur\u0119 z pazurem. Ponadto z\u0142ot\u0105 torebk\u0119 i szpilki w b\u0142\u0119kitnym kolorze. To i\u015bcie luksusowa ods\u0142ona jednocze\u015bnie w wygodnym, casualowym stylu. Steffi nie pierwszy raz zreszt\u0105 udowadnia, \u017ce zna si\u0119 na modzie. By\u0107 mo\u017ce i doros\u0142e panie znajd\u0105 tutaj inspiracje dla siebie. Steffi w tej wersji jest gotowa na ka\u017cd\u0105 zabaw\u0119. Zabawka przeznaczona jest dla dzieci w wieku od 3 lat. Producent: SIMBA Kod producenta: SB573-3448 Wymiary opakowania: 33\u00d712\u00d76cm<\/p>\n<h2>Simba Lalka Steffi Swap Deluxe Simba<\/h2>\n<p>kolorowanki konie z je\u017ad\u017acem, gry i zabawy ruchowe, prezent dla pi\u0119tnastolatka, aurelia, marianna, kolorowanki dla ch\u0142opc\u00f3w, \u0142amig\u0142\u00f3wki dla 4 latka do druku, znaczenie imienia julian, pomys\u0142y na pakowanie prezent\u00f3w, cytaty ma\u0142y ksi\u0105\u017ce, nauka pisania wyraz\u00f3w dla dzieci do druku pdf, traktor z przyczep\u0105 kolorowanka, pomys\u0142 na prezent dla nastolatka<\/p>\n<p>yyyyy<\/p>\n<p>&nbsp;<\/p>\n","protected":false},"excerpt":{"rendered":"<p>Steffi Swap Deluxe lalka w cekinowej sukience. Tym razem Steffi jest gotowa na nocn\u0105 imprezk\u0119. W tej sukience z pewno\u015bci\u0105 zrobi wra\u017cenie. Co wi\u0119cej to wdzianko nadaje si\u0119 tak\u017ce na kolejne zabawy. Wystarczy dotkn\u0105\u0107 cekin\u00f3w, aby str\u00f3j zmieni\u0142 si\u0119 nie do poznania. Steffi ma zaczesane w\u0142osy, kt\u00f3re tworz\u0105 fryzur\u0119 z pazurem. Ponadto z\u0142ot\u0105 torebk\u0119 i [&hellip;]<\/p>\n","protected":false},"featured_media":10338,"comment_status":"closed","ping_status":"open","template":"","meta":[],"product_cat":[65,279],"product_tag":[832,867,601,694],"class_list":["post-10337","product","type-product","status-publish","has-post-thumbnail","hentry","product_cat-lalki","product_cat-simba","product_tag-desery-dla-dzieci","product_tag-kolorowanki-dla-dziewczynek","product_tag-zagadki-co-to-jest","product_tag-zagadki-swiateczne-dla-dzieci"],"_links":{"self":[{"href":"http:\/\/klubmamgdynia.pl\/index.php\/wp-json\/wp\/v2\/product\/10337","targetHints":{"allow":["GET"]}}],"collection":[{"href":"http:\/\/klubmamgdynia.pl\/index.php\/wp-json\/wp\/v2\/product"}],"about":[{"href":"http:\/\/klubmamgdynia.pl\/index.php\/wp-json\/wp\/v2\/types\/product"}],"replies":[{"embeddable":true,"href":"http:\/\/klubmamgdynia.pl\/index.php\/wp-json\/wp\/v2\/comments?post=10337"}],"wp:featuredmedia":[{"embeddable":true,"href":"http:\/\/klubmamgdynia.pl\/index.php\/wp-json\/wp\/v2\/media\/10338"}],"wp:attachment":[{"href":"http:\/\/klubmamgdynia.pl\/index.php\/wp-json\/wp\/v2\/media?parent=10337"}],"wp:term":[{"taxonomy":"product_cat","embeddable":true,"href":"http:\/\/klubmamgdynia.pl\/index.php\/wp-json\/wp\/v2\/product_cat?post=10337"},{"taxonomy":"product_tag","embeddable":true,"href":"http:\/\/klubmamgdynia.pl\/index.php\/wp-json\/wp\/v2\/product_tag?post=10337"}],"curies":[{"name":"wp","href":"https:\/\/api.w.org\/{rel}","templated":true}]}}