{"id":10339,"date":"2015-01-22T09:47:52","date_gmt":"2015-01-22T08:47:52","guid":{"rendered":"http:\/\/klubmamgdynia.pl\/index.php\/produkt\/beniamin-blok-techniczny-a3-10kkolorowy-barwiony\/"},"modified":"2026-04-29T10:40:59","modified_gmt":"2026-04-29T08:40:59","slug":"beniamin-blok-techniczny-a3-10kkolorowy-barwiony","status":"publish","type":"product","link":"http:\/\/klubmamgdynia.pl\/index.php\/produkt\/beniamin-blok-techniczny-a3-10kkolorowy-barwiony\/","title":{"rendered":"Beniamin Blok Techniczny A3 10Kkolorowy Barwiony"},"content":{"rendered":"<p>BLok techniczny kolorowy Premium w formacie A3, 10 kartkowy.<\/p>\n<h2>Beniamin Blok Techniczny A3 10Kkolorowy Barwiony Beniamin<\/h2>\n<p>adriana imie, kalina imi\u0119, adriana znaczenie imienia, co kupi\u0107 ch\u0142opcu na roczek, przyjed\u017a do nas miko\u0142aju tekst, prezent dla nastolatki, zagadki dla sze\u015bciolatk\u00f3w, opowie\u015bci z narnii lew czarownica i stara szafa test do wydruku, quiz o koniach, co dla rocznego dziecka, zosia samosia, zaproszenia urodzinowe do druku, kolorowanki do pobrania, rzadkie imiona dla dziewczynek, prezent dla rocznego ch\u0142opca, na roczek<\/p>\n<p>yyyyy<\/p>\n<p>&nbsp;<\/p>\n","protected":false},"excerpt":{"rendered":"<p>BLok techniczny kolorowy Premium w formacie A3, 10 kartkowy. Beniamin Blok Techniczny A3 10Kkolorowy Barwiony Beniamin adriana imie, kalina imi\u0119, adriana znaczenie imienia, co kupi\u0107 ch\u0142opcu na roczek, przyjed\u017a do nas miko\u0142aju tekst, prezent dla nastolatki, zagadki dla sze\u015bciolatk\u00f3w, opowie\u015bci z narnii lew czarownica i stara szafa test do wydruku, quiz o koniach, co dla [&hellip;]<\/p>\n","protected":false},"featured_media":10340,"comment_status":"closed","ping_status":"open","template":"","meta":[],"product_cat":[1376,325],"product_tag":[765,744,586],"class_list":["post-10339","product","type-product","status-publish","has-post-thumbnail","hentry","product_cat-beniamin","product_cat-szkolne-artykuly-papiernicze","product_tag-atrakcje-dla-dzieci-warszawa","product_tag-kolorowanki-swiateczne-do-wydruku","product_tag-smieszne-zagadki"],"_links":{"self":[{"href":"http:\/\/klubmamgdynia.pl\/index.php\/wp-json\/wp\/v2\/product\/10339","targetHints":{"allow":["GET"]}}],"collection":[{"href":"http:\/\/klubmamgdynia.pl\/index.php\/wp-json\/wp\/v2\/product"}],"about":[{"href":"http:\/\/klubmamgdynia.pl\/index.php\/wp-json\/wp\/v2\/types\/product"}],"replies":[{"embeddable":true,"href":"http:\/\/klubmamgdynia.pl\/index.php\/wp-json\/wp\/v2\/comments?post=10339"}],"wp:featuredmedia":[{"embeddable":true,"href":"http:\/\/klubmamgdynia.pl\/index.php\/wp-json\/wp\/v2\/media\/10340"}],"wp:attachment":[{"href":"http:\/\/klubmamgdynia.pl\/index.php\/wp-json\/wp\/v2\/media?parent=10339"}],"wp:term":[{"taxonomy":"product_cat","embeddable":true,"href":"http:\/\/klubmamgdynia.pl\/index.php\/wp-json\/wp\/v2\/product_cat?post=10339"},{"taxonomy":"product_tag","embeddable":true,"href":"http:\/\/klubmamgdynia.pl\/index.php\/wp-json\/wp\/v2\/product_tag?post=10339"}],"curies":[{"name":"wp","href":"https:\/\/api.w.org\/{rel}","templated":true}]}}