{"id":1034,"date":"2010-11-24T13:46:54","date_gmt":"2010-11-24T12:46:54","guid":{"rendered":"http:\/\/klubmamgdynia.pl\/index.php\/produkt\/insporttline-dzieciecy-kosz-do-koszykowki-3w1-targero\/"},"modified":"2026-04-07T12:42:15","modified_gmt":"2026-04-07T10:42:15","slug":"insporttline-dzieciecy-kosz-do-koszykowki-3w1-targero","status":"publish","type":"product","link":"http:\/\/klubmamgdynia.pl\/index.php\/produkt\/insporttline-dzieciecy-kosz-do-koszykowki-3w1-targero\/","title":{"rendered":"Insporttline Dzieci\u0119cy Kosz Do Koszyk\u00f3wki 3W1 Targero"},"content":{"rendered":"<p>Je\u015bli uwa\u017casz, \u017ce dzieci powinny zacz\u0105\u0107 uprawia\u0107 sport w m\u0142odym wieku, wielofunkcyjny kosz do koszyk\u00f3wki dla dzieci z podstawk\u0105 3 w 1 inSPORTline Targero to zabawka, kt\u00f3rej szukasz! Kosz do koszyk\u00f3wki o regulowanej wysoko\u015bci jest wyposa\u017cony w magnetyczn\u0105 tarcz\u0119 do rzutek i kij golfowy z pi\u0142k\u0105. Od 3 roku \u017cycia Twoje dziecko mo\u017ce \u0107wiczy\u0107 wsady, pracowa\u0107 nad gr\u0105 w rzutki lub zamachem golfowym!Wysoko\u015b\u0107 stojaka mo\u017cna regulowa\u0107 w zakresie od 108 do 153 centymetr\u00f3w, a obr\u0119cz mo\u017cna ustawi\u0107 w 9 r\u00f3\u017cnych pozycjach. Mo\u017cesz r\u00f3wnie\u017c doceni\u0107 podstaw\u0119 wype\u0142nion\u0105 wod\u0105 (pojemno\u015b\u0107 20 litr\u00f3w), kt\u00f3ra zapewnia lepsz\u0105 stabilno\u015b\u0107. Pi\u0142ki s\u0105 lekkie i dlatego \u0142atwe w obs\u0142udze dla dzieci. A poniewa\u017c stojak jest wykonany z trwa\u0142ego materia\u0142u, mo\u017cesz umie\u015bci\u0107 go w swoim salonie i ogrodzie \u2013 cokolwiek Ci najbardziej odpowiada.Opis techniczny:Stojak do koszyk\u00f3wki dla dzieci z magnetyczn\u0105 tarcz\u0105 do rzutek i zestawem golfowymZ mo\u017cliwo\u015bci\u0105 dostosowania wysoko\u015bci:80 cm85 cm90 cm95 cm100 cm105 cm110 cm115 cm120 cmLekka i elastyczna pi\u0142kaTarcza magnetycznaZestaw do golfaPodstawa wype\u0142niona wod\u0105Kompaktowy rozmiar z praktycznymi uchwytami na ca\u0142y sprz\u0119tNadaje si\u0119 zar\u00f3wno do u\u017cytku wewn\u0105trz, jak i na zewn\u0105trzMateria\u0142: tworzywo sztuczne (HDPE)Wymiary: wys. 108 (najni\u017csza pozycja)\/153 (najwy\u017csza pozycja) x d\u0142. 41 cmPojemno\u015b\u0107 podstawy: 20 lWaga: 3,2 kgZalecany wiek: 3 \u2013 6Przedstawiony obraz s\u0142u\u017cy wy\u0142\u0105cznie do cel\u00f3w ilustracyjnychW pude\u0142ku:1x stojak do koszyk\u00f3wki z magnetyczn\u0105 tarcz\u0105 do rzutek1x kij golfowy dla dzieci1x pi\u0142ka do koszyk\u00f3wki dzieci\u0119ca1x pi\u0142ka golfowa dla dzieci3x magnetyczne rzutki<\/p>\n<h2>Insporttline Dzieci\u0119cy Kosz Do Koszyk\u00f3wki 3W1 Targero Insportline<\/h2>\n<p>zabawka na roczek dla dziewczynki, ja\u015bmina imie, prezent pod choink\u0119 dla 7 letniej dziewczynki, imie iwo, kolorowanki super zings, dzieci z bullerbyn quiz, w uk\u0142adzie s\u0142onecznym tekst, warszawa atrakcje dla dzieci, daria imie, kwiaty polne nazwy, zaj\u0119cia wielkanocne dla dzieci, ko\u0142ysanki dla dzieci + tekst<\/p>\n<p>yyyyy<\/p>\n<p>&nbsp;<\/p>\n","protected":false},"excerpt":{"rendered":"<p>Je\u015bli uwa\u017casz, \u017ce dzieci powinny zacz\u0105\u0107 uprawia\u0107 sport w m\u0142odym wieku, wielofunkcyjny kosz do koszyk\u00f3wki dla dzieci z podstawk\u0105 3 w 1 inSPORTline Targero to zabawka, kt\u00f3rej szukasz! Kosz do koszyk\u00f3wki o regulowanej wysoko\u015bci jest wyposa\u017cony w magnetyczn\u0105 tarcz\u0119 do rzutek i kij golfowy z pi\u0142k\u0105. Od 3 roku \u017cycia Twoje dziecko mo\u017ce \u0107wiczy\u0107 wsady, [&hellip;]<\/p>\n","protected":false},"featured_media":1035,"comment_status":"closed","ping_status":"open","template":"","meta":[],"product_cat":[334,120],"product_tag":[609,794,714],"class_list":["post-1034","product","type-product","status-publish","has-post-thumbnail","hentry","product_cat-insportline","product_cat-zabawki-i-gry-sportowe","product_tag-quiz-flagi-europy","product_tag-test-opowiesci-z-narnii-lew-czarownica-i-stara-szafa-do-druku","product_tag-zagadki-logiczne"],"_links":{"self":[{"href":"http:\/\/klubmamgdynia.pl\/index.php\/wp-json\/wp\/v2\/product\/1034","targetHints":{"allow":["GET"]}}],"collection":[{"href":"http:\/\/klubmamgdynia.pl\/index.php\/wp-json\/wp\/v2\/product"}],"about":[{"href":"http:\/\/klubmamgdynia.pl\/index.php\/wp-json\/wp\/v2\/types\/product"}],"replies":[{"embeddable":true,"href":"http:\/\/klubmamgdynia.pl\/index.php\/wp-json\/wp\/v2\/comments?post=1034"}],"wp:featuredmedia":[{"embeddable":true,"href":"http:\/\/klubmamgdynia.pl\/index.php\/wp-json\/wp\/v2\/media\/1035"}],"wp:attachment":[{"href":"http:\/\/klubmamgdynia.pl\/index.php\/wp-json\/wp\/v2\/media?parent=1034"}],"wp:term":[{"taxonomy":"product_cat","embeddable":true,"href":"http:\/\/klubmamgdynia.pl\/index.php\/wp-json\/wp\/v2\/product_cat?post=1034"},{"taxonomy":"product_tag","embeddable":true,"href":"http:\/\/klubmamgdynia.pl\/index.php\/wp-json\/wp\/v2\/product_tag?post=1034"}],"curies":[{"name":"wp","href":"https:\/\/api.w.org\/{rel}","templated":true}]}}