{"id":10341,"date":"2021-05-20T03:41:34","date_gmt":"2021-05-20T01:41:34","guid":{"rendered":"http:\/\/klubmamgdynia.pl\/index.php\/produkt\/ses-creative-moj-pierwszy-fartuszek-do-malowania-14418\/"},"modified":"2026-05-17T23:00:58","modified_gmt":"2026-05-17T21:00:58","slug":"ses-creative-moj-pierwszy-fartuszek-do-malowania-14418","status":"publish","type":"product","link":"http:\/\/klubmamgdynia.pl\/index.php\/produkt\/ses-creative-moj-pierwszy-fartuszek-do-malowania-14418\/","title":{"rendered":"SES Creative M\u00f3j Pierwszy Fartuszek do Malowania (14418)"},"content":{"rendered":"<p>1x M\u00f3j pierwszy fartuszek SES Creative 14418 Praktyczny fartuszek dla dzieci ju\u017c od 12. miesi\u0105ca \u017cycia. Zabezpiecza przed zabrudzeniem, jak i przemokni\u0119ciem!Cechy produktu:kod produktu: 14418kategoria wiekowa: od 12 miesi\u0119cywymiary opakowania: 27 x 20 x 1,5 cmOPISM\u00f3j pierwszy fartuszek to nieodzowne akcesorium podczas kreatywnych zabaw twojego dziecka! Jest doskona\u0142ym zabezpieczeniem garderoby dzieci od pierwszego do czwartego roku \u017cycia. Jego zak\u0142adanie jest niezwykle \u0142atwe, dzi\u0119ki przemy\u015blanemu krojowi. Ty\u0142 jest specjalnie kr\u00f3tszy, zapina si\u0119 go na praktyczne rzepy! Na r\u0119kawkach posiada \u015bci\u0105gacze. Chroni nie tylko przed zabrudzeniem, ale r\u00f3wnie\u017c przemokni\u0119ciem. Firma SES Creative to wiod\u0105cy producent kreatywnych zabawek i praktycznych akcesori\u00f3w dla dzieci w ka\u017cdym wieku.<\/p>\n<h2>SES Creative M\u00f3j Pierwszy Fartuszek do Malowania (14418) Ses Creative<\/h2>\n<p>smok wawelski bajka, bajki do czytania dla 6 latka, wierszyk o marzannie, zak\u0142adka do ksi\u0105\u017cki szablon<\/p>\n<p>yyyyy<\/p>\n<p>&nbsp;<\/p>\n","protected":false},"excerpt":{"rendered":"<p>1x M\u00f3j pierwszy fartuszek SES Creative 14418 Praktyczny fartuszek dla dzieci ju\u017c od 12. miesi\u0105ca \u017cycia. Zabezpiecza przed zabrudzeniem, jak i przemokni\u0119ciem!Cechy produktu:kod produktu: 14418kategoria wiekowa: od 12 miesi\u0119cywymiary opakowania: 27 x 20 x 1,5 cmOPISM\u00f3j pierwszy fartuszek to nieodzowne akcesorium podczas kreatywnych zabaw twojego dziecka! Jest doskona\u0142ym zabezpieczeniem garderoby dzieci od pierwszego do czwartego [&hellip;]<\/p>\n","protected":false},"featured_media":10342,"comment_status":"closed","ping_status":"open","template":"","meta":[],"product_cat":[1072,21],"product_tag":[671,642,641],"class_list":["post-10341","product","type-product","status-publish","has-post-thumbnail","hentry","product_cat-ses-creative","product_cat-zabawki-plastyczne","product_tag-cicha-noc-po-angielsku-tekst","product_tag-mia-imie","product_tag-trudne-zagadki-logiczne"],"_links":{"self":[{"href":"http:\/\/klubmamgdynia.pl\/index.php\/wp-json\/wp\/v2\/product\/10341","targetHints":{"allow":["GET"]}}],"collection":[{"href":"http:\/\/klubmamgdynia.pl\/index.php\/wp-json\/wp\/v2\/product"}],"about":[{"href":"http:\/\/klubmamgdynia.pl\/index.php\/wp-json\/wp\/v2\/types\/product"}],"replies":[{"embeddable":true,"href":"http:\/\/klubmamgdynia.pl\/index.php\/wp-json\/wp\/v2\/comments?post=10341"}],"wp:featuredmedia":[{"embeddable":true,"href":"http:\/\/klubmamgdynia.pl\/index.php\/wp-json\/wp\/v2\/media\/10342"}],"wp:attachment":[{"href":"http:\/\/klubmamgdynia.pl\/index.php\/wp-json\/wp\/v2\/media?parent=10341"}],"wp:term":[{"taxonomy":"product_cat","embeddable":true,"href":"http:\/\/klubmamgdynia.pl\/index.php\/wp-json\/wp\/v2\/product_cat?post=10341"},{"taxonomy":"product_tag","embeddable":true,"href":"http:\/\/klubmamgdynia.pl\/index.php\/wp-json\/wp\/v2\/product_tag?post=10341"}],"curies":[{"name":"wp","href":"https:\/\/api.w.org\/{rel}","templated":true}]}}