{"id":10343,"date":"2015-10-24T19:09:22","date_gmt":"2015-10-24T17:09:22","guid":{"rendered":"http:\/\/klubmamgdynia.pl\/index.php\/produkt\/alex-filtr-fazy-lotnej-ultra-360-16-12-mm\/"},"modified":"2026-04-20T22:24:51","modified_gmt":"2026-04-20T20:24:51","slug":"alex-filtr-fazy-lotnej-ultra-360-16-12-mm","status":"publish","type":"product","link":"http:\/\/klubmamgdynia.pl\/index.php\/produkt\/alex-filtr-fazy-lotnej-ultra-360-16-12-mm\/","title":{"rendered":"Alex Filtr Fazy Lotnej Ultra 360 16 12 Mm"},"content":{"rendered":"<p>Filtr fazy lotnej ALEX &#8211; Ultra 360 16\/12 mmOpis produktu:ODSTOJNIKOWY FILTR FAZY LOTNEJ ULTRA 360 16&#215;12. ROZBIERALNA OBUDOWA DAJE MO\u017bLIWO\u015a\u0106 WYMIANY WK\u0141AD\u00f3W PRZY SERWISIE.Cechy produktuTyp filtra: z wymiennym wk\u0142adem Model filtra: Ultra 360 Wk\u0142ad: poliester Wej\u015bcie: 16 mm Wyj\u015bcie: 12 mm Obudowa: tworzywo Spos\u00f3b monta\u017cu: na wsporniku Rodzaj cz\u0119\u015bci: orygina\u0142 Informacje dodatkoweKod produktu Nagaz: 32.LPG.999Producent: ALEXKod producenta: GF1612<\/p>\n<h2>Alex Filtr Fazy Lotnej Ultra 360 16 12 Mm Alex<\/h2>\n<p>list do miko\u0142aja wz\u00f3r pdf, roczek prezent, zabawka dla rocznej dziewczynki, nastolatka, pokoloruj wed\u0142ug wzoru, zagadki \u015bmieszne z odpowiedziami, ptak b\u0105k, kolorowe listki tekst, quiz o miko\u0142ajku<\/p>\n<p>yyyyy<\/p>\n<p>&nbsp;<\/p>\n","protected":false},"excerpt":{"rendered":"<p>Filtr fazy lotnej ALEX &#8211; Ultra 360 16\/12 mmOpis produktu:ODSTOJNIKOWY FILTR FAZY LOTNEJ ULTRA 360 16&#215;12. ROZBIERALNA OBUDOWA DAJE MO\u017bLIWO\u015a\u0106 WYMIANY WK\u0141AD\u00f3W PRZY SERWISIE.Cechy produktuTyp filtra: z wymiennym wk\u0142adem Model filtra: Ultra 360 Wk\u0142ad: poliester Wej\u015bcie: 16 mm Wyj\u015bcie: 12 mm Obudowa: tworzywo Spos\u00f3b monta\u017cu: na wsporniku Rodzaj cz\u0119\u015bci: orygina\u0142 Informacje dodatkoweKod produktu Nagaz: 32.LPG.999Producent: [&hellip;]<\/p>\n","protected":false},"featured_media":10344,"comment_status":"closed","ping_status":"open","template":"","meta":[],"product_cat":[1905,1907],"product_tag":[650,626,758,673,674,724],"class_list":["post-10343","product","type-product","status-publish","has-post-thumbnail","hentry","product_cat-alex","product_cat-lpg","product_tag-choinka-z-bibuly","product_tag-jacek","product_tag-julian","product_tag-juz-blisko-koleda-tekst","product_tag-miasto-dzieci","product_tag-zagadki-podchwytliwe"],"_links":{"self":[{"href":"http:\/\/klubmamgdynia.pl\/index.php\/wp-json\/wp\/v2\/product\/10343","targetHints":{"allow":["GET"]}}],"collection":[{"href":"http:\/\/klubmamgdynia.pl\/index.php\/wp-json\/wp\/v2\/product"}],"about":[{"href":"http:\/\/klubmamgdynia.pl\/index.php\/wp-json\/wp\/v2\/types\/product"}],"replies":[{"embeddable":true,"href":"http:\/\/klubmamgdynia.pl\/index.php\/wp-json\/wp\/v2\/comments?post=10343"}],"wp:featuredmedia":[{"embeddable":true,"href":"http:\/\/klubmamgdynia.pl\/index.php\/wp-json\/wp\/v2\/media\/10344"}],"wp:attachment":[{"href":"http:\/\/klubmamgdynia.pl\/index.php\/wp-json\/wp\/v2\/media?parent=10343"}],"wp:term":[{"taxonomy":"product_cat","embeddable":true,"href":"http:\/\/klubmamgdynia.pl\/index.php\/wp-json\/wp\/v2\/product_cat?post=10343"},{"taxonomy":"product_tag","embeddable":true,"href":"http:\/\/klubmamgdynia.pl\/index.php\/wp-json\/wp\/v2\/product_tag?post=10343"}],"curies":[{"name":"wp","href":"https:\/\/api.w.org\/{rel}","templated":true}]}}