{"id":10345,"date":"2014-04-27T04:10:19","date_gmt":"2014-04-27T02:10:19","guid":{"rendered":"http:\/\/klubmamgdynia.pl\/index.php\/produkt\/zielona-sowa-matematyczne-esy-floresy-porownuje\/"},"modified":"2026-04-26T16:01:06","modified_gmt":"2026-04-26T14:01:06","slug":"zielona-sowa-matematyczne-esy-floresy-porownuje","status":"publish","type":"product","link":"http:\/\/klubmamgdynia.pl\/index.php\/produkt\/zielona-sowa-matematyczne-esy-floresy-porownuje\/","title":{"rendered":"Zielona Sowa Matematyczne esy- floresy. Por\u00f3wnuj\u0119"},"content":{"rendered":"<p>Zabawy i \u0107wiczenia do nauki liczenia4 zeszyty dzi\u0119ki, kt\u00f3rym dziecko rozwija swoje zdolno\u015bci w zakresie liczenia, kategoryzacji, ale tak\u017ce kszta\u0142tuje umiej\u0119tno\u015bci w zakresie grafomotoryki, logicznego my\u015blenia i spostrzegawczo\u015bci.Podstawowe zadania opieraj\u0105 si\u0119 na wykorzystywanych w edukacji szkolnej schematach \u0142\u0105czenia w zbiory, rysowania figur, liczeni opartego na konkretach typu: \u201enarysuj tyle kropek, ile biedronek widzisz na ilustracji\u201d.ISBN:  978-83-7895-927-4EAN:  9788378959274Wydawnictwo:  Zielona SowaAutorzy:  praca zbiorowaRok wydania:  2014Ilo\u015b\u0107 stron:  56Oprawa:  broszurowaFormat:  20.0cm x 28.8cm<\/p>\n<h2>Zielona Sowa Matematyczne esy- floresy. Por\u00f3wnuj\u0119 Zielona Sowa<\/h2>\n<p>nietypowe imiona \u017ce\u0144skie, opis na dzie\u0144 mamy, imie kuba, miastodzieci, zagadki matematyczne dla przedszkolak\u00f3w, wierszyk o choince, najlepsze place zabaw warszawa, test z tajemniczego ogrodu, radiowe nuty niech zyja wakacje, \u017cyczenia bo\u017ce narodzenie oryginalne, dla dzieci warszawa, matematyczne zagadki, tymoteusz znaczenie imienia, prezent dla 13 latki na \u015bwi\u0119ta, zygzak mcqueen kolorowanka, ozdoby wielkanocne z dzie\u0107mi, el\u017cbieta imie, ozdoby wielkanocne z dzie\u0107mi, lol kolorowanka<\/p>\n<p>yyyyy<\/p>\n<p>&nbsp;<\/p>\n","protected":false},"excerpt":{"rendered":"<p>Zabawy i \u0107wiczenia do nauki liczenia4 zeszyty dzi\u0119ki, kt\u00f3rym dziecko rozwija swoje zdolno\u015bci w zakresie liczenia, kategoryzacji, ale tak\u017ce kszta\u0142tuje umiej\u0119tno\u015bci w zakresie grafomotoryki, logicznego my\u015blenia i spostrzegawczo\u015bci.Podstawowe zadania opieraj\u0105 si\u0119 na wykorzystywanych w edukacji szkolnej schematach \u0142\u0105czenia w zbiory, rysowania figur, liczeni opartego na konkretach typu: \u201enarysuj tyle kropek, ile biedronek widzisz na ilustracji\u201d.ISBN: [&hellip;]<\/p>\n","protected":false},"featured_media":10346,"comment_status":"closed","ping_status":"open","template":"","meta":[],"product_cat":[325,1908],"product_tag":[667,637,630,856],"class_list":["post-10345","product","type-product","status-publish","has-post-thumbnail","hentry","product_cat-szkolne-artykuly-papiernicze","product_cat-zielona-sowa","product_tag-kolorowanka-lol","product_tag-niech-zyja-wakacje-tekst","product_tag-podchwytliwe-zagadki-z-odpowiedziami","product_tag-prezent-dla-16-latki"],"_links":{"self":[{"href":"http:\/\/klubmamgdynia.pl\/index.php\/wp-json\/wp\/v2\/product\/10345","targetHints":{"allow":["GET"]}}],"collection":[{"href":"http:\/\/klubmamgdynia.pl\/index.php\/wp-json\/wp\/v2\/product"}],"about":[{"href":"http:\/\/klubmamgdynia.pl\/index.php\/wp-json\/wp\/v2\/types\/product"}],"replies":[{"embeddable":true,"href":"http:\/\/klubmamgdynia.pl\/index.php\/wp-json\/wp\/v2\/comments?post=10345"}],"wp:featuredmedia":[{"embeddable":true,"href":"http:\/\/klubmamgdynia.pl\/index.php\/wp-json\/wp\/v2\/media\/10346"}],"wp:attachment":[{"href":"http:\/\/klubmamgdynia.pl\/index.php\/wp-json\/wp\/v2\/media?parent=10345"}],"wp:term":[{"taxonomy":"product_cat","embeddable":true,"href":"http:\/\/klubmamgdynia.pl\/index.php\/wp-json\/wp\/v2\/product_cat?post=10345"},{"taxonomy":"product_tag","embeddable":true,"href":"http:\/\/klubmamgdynia.pl\/index.php\/wp-json\/wp\/v2\/product_tag?post=10345"}],"curies":[{"name":"wp","href":"https:\/\/api.w.org\/{rel}","templated":true}]}}