{"id":10347,"date":"2019-01-24T23:18:48","date_gmt":"2019-01-24T22:18:48","guid":{"rendered":"http:\/\/klubmamgdynia.pl\/index.php\/produkt\/moulin-roty-gumowy-gryzak-kot-apres-la-pluie-715371\/"},"modified":"2026-05-17T22:10:37","modified_gmt":"2026-05-17T20:10:37","slug":"moulin-roty-gumowy-gryzak-kot-apres-la-pluie-715371","status":"publish","type":"product","link":"http:\/\/klubmamgdynia.pl\/index.php\/produkt\/moulin-roty-gumowy-gryzak-kot-apres-la-pluie-715371\/","title":{"rendered":"Moulin Roty Gumowy Gryzak Kot Apres La Pluie 715371"},"content":{"rendered":"<p>Prze\u015bliczny gryzak dla Maluszk\u00f3w \u0142agodz\u0105cych b\u00f3l oraz sw\u0119dzenie podczas z\u0105bkowania.Gryzak wyposa\u017cony w liczne fragmenty do gryzienia a pr\u0105\u017ckowane powierzchnie i zakor\u0105glone wypustki daj\u0105 ulg\u0119 dzi\u0105s\u0142om.Idealny do trzymania dla malutkich r\u0105czek.Wiek: 0m+Wymiar: 10cm x 3cm x 13cmMateria\u0142: guma z soku z drzewa HeveaCzy\u015bci\u0107 wod\u0105 z myd\u0142em.<\/p>\n<h2>Moulin Roty Gumowy Gryzak Kot Apres La Pluie 715371 Moulin Roty<\/h2>\n<p>bruno, minecraft quiz, zagadki liczbowe, nietypowe imiona \u017ce\u0144skie, drzewo genealogiczne do druku, kanapeczki na urodziny dziecka, co na prezent dla nastolatk\u00f3w, wroc\u0142aw i okolice atrakcje, kotki do druku, podchwytliwe zagadki i odpowiedzi<\/p>\n<p>yyyyy<\/p>\n<p>&nbsp;<\/p>\n","protected":false},"excerpt":{"rendered":"<p>Prze\u015bliczny gryzak dla Maluszk\u00f3w \u0142agodz\u0105cych b\u00f3l oraz sw\u0119dzenie podczas z\u0105bkowania.Gryzak wyposa\u017cony w liczne fragmenty do gryzienia a pr\u0105\u017ckowane powierzchnie i zakor\u0105glone wypustki daj\u0105 ulg\u0119 dzi\u0105s\u0142om.Idealny do trzymania dla malutkich r\u0105czek.Wiek: 0m+Wymiar: 10cm x 3cm x 13cmMateria\u0142: guma z soku z drzewa HeveaCzy\u015bci\u0107 wod\u0105 z myd\u0142em. Moulin Roty Gumowy Gryzak Kot Apres La Pluie 715371 Moulin [&hellip;]<\/p>\n","protected":false},"featured_media":10348,"comment_status":"closed","ping_status":"open","template":"","meta":[],"product_cat":[63,1909],"product_tag":[655,576,714],"class_list":["post-10347","product","type-product","status-publish","has-post-thumbnail","hentry","product_cat-grzechotki-i-gryzaki","product_cat-moulin-roty","product_tag-najlepsze-zagadki","product_tag-trudne-zagadki","product_tag-zagadki-logiczne"],"_links":{"self":[{"href":"http:\/\/klubmamgdynia.pl\/index.php\/wp-json\/wp\/v2\/product\/10347","targetHints":{"allow":["GET"]}}],"collection":[{"href":"http:\/\/klubmamgdynia.pl\/index.php\/wp-json\/wp\/v2\/product"}],"about":[{"href":"http:\/\/klubmamgdynia.pl\/index.php\/wp-json\/wp\/v2\/types\/product"}],"replies":[{"embeddable":true,"href":"http:\/\/klubmamgdynia.pl\/index.php\/wp-json\/wp\/v2\/comments?post=10347"}],"wp:featuredmedia":[{"embeddable":true,"href":"http:\/\/klubmamgdynia.pl\/index.php\/wp-json\/wp\/v2\/media\/10348"}],"wp:attachment":[{"href":"http:\/\/klubmamgdynia.pl\/index.php\/wp-json\/wp\/v2\/media?parent=10347"}],"wp:term":[{"taxonomy":"product_cat","embeddable":true,"href":"http:\/\/klubmamgdynia.pl\/index.php\/wp-json\/wp\/v2\/product_cat?post=10347"},{"taxonomy":"product_tag","embeddable":true,"href":"http:\/\/klubmamgdynia.pl\/index.php\/wp-json\/wp\/v2\/product_tag?post=10347"}],"curies":[{"name":"wp","href":"https:\/\/api.w.org\/{rel}","templated":true}]}}