{"id":10349,"date":"2013-05-25T16:17:44","date_gmt":"2013-05-25T14:17:44","guid":{"rendered":"http:\/\/klubmamgdynia.pl\/index.php\/produkt\/podroznik-zeszyt-wspomnien\/"},"modified":"2026-04-29T13:11:08","modified_gmt":"2026-04-29T11:11:08","slug":"podroznik-zeszyt-wspomnien","status":"publish","type":"product","link":"http:\/\/klubmamgdynia.pl\/index.php\/produkt\/podroznik-zeszyt-wspomnien\/","title":{"rendered":"Podr\u00f3\u017cnik Zeszyt Wspomnie\u0144"},"content":{"rendered":"<p>Podr\u00f3\u017cnik \u2013 zeszyt wspomnie\u0144 to dziennik, w kt\u00f3rym dzieci mog\u0105 zapisywa\u0107 wspomnienia z wakacji, wycieczki szkolnej czy d\u0142ugiego weekendu, aby po latach mog\u0142y wr\u00f3ci\u0107 pami\u0119ci\u0105 do wspomnie\u0144 z wakacji. Podr\u00f3\u017cnik ma im to u\u0142atwi\u0107.Na ka\u017cdy wyjazd s\u0105 przeznaczone 4 strony do wype\u0142nienia.W poszczeg\u00f3lnych polach dzieci uzupe\u0142ni\u0105 daty wyjazdu i imiona uczestnik\u00f3w. Opisz\u0105 miejsce wyjazdu i czego si\u0119 nauczy\u0142y si\u0119. Warto, aby zanotowa\u0142y zasady nowopoznanej gry, by m\u00f3c si\u0119 w ni\u0105 pobawi\u0107 r\u00f3wnie\u017c podczas kolejnej wyprawy a tak\u017ce zapisa\u0142y najlepsze powiedzenia i dowcipy, kt\u00f3re wszystkich \u015bmieszy\u0142y.Nie zapominajcie o pami\u0105tkach z wyjazdu (biletach, ulotkach, wizyt\u00f3wki itp.). Wszystkie skarby b\u0119dzie mo\u017cna naklei\u0107 na specjalnej stronie.W Podr\u00f3\u017cniku nie zabrak\u0142o miejsca na telefony do nowych znajomych. A na koniec trzeba b\u0119dzie oceni\u0107 wyjazd przyznaj\u0105c od jednej do pi\u0119ciu gwiazdek.Ilustracje: Dorota WojciechowskaFormat: 23,5 x 16,5 cm Ilo\u015b\u0107 stron: 72<\/p>\n<h2>Podr\u00f3\u017cnik Zeszyt Wspomnie\u0144 Zuzu Toys<\/h2>\n<p>przek\u0105ski na urodziny dziecka, zrobi\u0107 laurk\u0119 laurka dla babci, imi\u0119 dla dziewczynki 2019, quiz samochodowy, rzadkie imiona \u017ce\u0144skie, przechowywanie zabawek, wilga, rezolutna dziewczynka z wiersza tuwima, \u015bwi\u0119ty przemys\u0142aw<\/p>\n<p>yyyyy<\/p>\n<p>&nbsp;<\/p>\n","protected":false},"excerpt":{"rendered":"<p>Podr\u00f3\u017cnik \u2013 zeszyt wspomnie\u0144 to dziennik, w kt\u00f3rym dzieci mog\u0105 zapisywa\u0107 wspomnienia z wakacji, wycieczki szkolnej czy d\u0142ugiego weekendu, aby po latach mog\u0142y wr\u00f3ci\u0107 pami\u0119ci\u0105 do wspomnie\u0144 z wakacji. Podr\u00f3\u017cnik ma im to u\u0142atwi\u0107.Na ka\u017cdy wyjazd s\u0105 przeznaczone 4 strony do wype\u0142nienia.W poszczeg\u00f3lnych polach dzieci uzupe\u0142ni\u0105 daty wyjazdu i imiona uczestnik\u00f3w. Opisz\u0105 miejsce wyjazdu i [&hellip;]<\/p>\n","protected":false},"featured_media":10350,"comment_status":"closed","ping_status":"open","template":"","meta":[],"product_cat":[325,1910],"product_tag":[772,792,618,826,672,873],"class_list":["post-10349","product","type-product","status-publish","has-post-thumbnail","hentry","product_cat-szkolne-artykuly-papiernicze","product_cat-zuzu-toys","product_tag-45-panstw-europy-i-ich-stolice-quiz","product_tag-cytaty-o-mamie","product_tag-lato-lato-lato-czeka-tekst","product_tag-prezent-dla-15-latka","product_tag-trudne-zagadki-z-odpowiedziami","product_tag-zagadki-z-odpowiedziami-dla-dzieci"],"_links":{"self":[{"href":"http:\/\/klubmamgdynia.pl\/index.php\/wp-json\/wp\/v2\/product\/10349","targetHints":{"allow":["GET"]}}],"collection":[{"href":"http:\/\/klubmamgdynia.pl\/index.php\/wp-json\/wp\/v2\/product"}],"about":[{"href":"http:\/\/klubmamgdynia.pl\/index.php\/wp-json\/wp\/v2\/types\/product"}],"replies":[{"embeddable":true,"href":"http:\/\/klubmamgdynia.pl\/index.php\/wp-json\/wp\/v2\/comments?post=10349"}],"wp:featuredmedia":[{"embeddable":true,"href":"http:\/\/klubmamgdynia.pl\/index.php\/wp-json\/wp\/v2\/media\/10350"}],"wp:attachment":[{"href":"http:\/\/klubmamgdynia.pl\/index.php\/wp-json\/wp\/v2\/media?parent=10349"}],"wp:term":[{"taxonomy":"product_cat","embeddable":true,"href":"http:\/\/klubmamgdynia.pl\/index.php\/wp-json\/wp\/v2\/product_cat?post=10349"},{"taxonomy":"product_tag","embeddable":true,"href":"http:\/\/klubmamgdynia.pl\/index.php\/wp-json\/wp\/v2\/product_tag?post=10349"}],"curies":[{"name":"wp","href":"https:\/\/api.w.org\/{rel}","templated":true}]}}